{"id":58081,"date":"2016-09-25T12:54:13","date_gmt":"2016-09-25T10:54:13","guid":{"rendered":"https:\/\/itflinkeboskje.nl\/sip-clara-pop-up-store\/"},"modified":"2025-05-04T17:17:17","modified_gmt":"2025-05-04T15:17:17","slug":"sip-clara-pop-up-store","status":"publish","type":"page","link":"https:\/\/itflinkeboskje.nl\/de\/sip-clara-pop-up-store\/","title":{"rendered":"Sip &amp; Clara Pop-up Store"},"content":{"rendered":"<p>[vc_row row_type=&#8220;row&#8220; use_row_as_full_screen_section=&#8220;no&#8220; type=&#8220;full_width&#8220; oblique_section=&#8220;no&#8220; text_align=&#8220;left&#8220; css_animation=&#8220;&#8220;][vc_column][vc_gallery interval=&#8220;3&#8243; images=&#8220;57283,57213,57211&#8243; img_size=&#8220;1920X590&#8243; onclick=&#8220;&#8220; disable_navigation_arrows=&#8220;yes&#8220;][\/vc_column][\/vc_row][vc_row row_type=&#8220;row&#8220; use_row_as_full_screen_section=&#8220;no&#8220; type=&#8220;full_width&#8220; oblique_section=&#8220;no&#8220; text_align=&#8220;left&#8220; css_animation=&#8220;&#8220;][vc_column][vc_empty_space image_repeat=&#8220;no-repeat&#8220;][\/vc_column][\/vc_row][vc_row row_type=&#8220;row&#8220; use_row_as_full_screen_section=&#8220;no&#8220; type=&#8220;full_width&#8220; oblique_section=&#8220;no&#8220; text_align=&#8220;left&#8220; css_animation=&#8220;&#8220;][vc_column width=&#8220;1\/3&#8243;][vc_empty_space height=&#8220;40px&#8220; image_repeat=&#8220;no-repeat&#8220;]<blockquote class='blockquote_shortcode with_quote_icon' style='border-left: 0;'><span style=\"color: #6b97bf\" class=\"icon_quotations_holder\">\u201d<\/span><h4 class='blockquote_text' style=\"color: #000000;\"><span>Im Sip&amp;Clara Pop-up-Store findest du alles f\u00fcr ein gro\u00dfartiges Interieur!<\/span><\/h4><\/blockquote>[vc_empty_space height=&#8220;40px&#8220; image_repeat=&#8220;no-repeat&#8220;][vc_separator type=&#8220;normal&#8220; color=&#8220;#000000&#8243; border_style=&#8220;solid&#8220; thickness=&#8220;1&#8243;][vc_gallery interval=&#8220;0&#8243; images=&#8220;54395&#8243; img_size=&#8220;full&#8220; onclick=&#8220;&#8220; disable_navigation_arrows=&#8220;yes&#8220;][\/vc_column][vc_column width=&#8220;1\/3&#8243;][vc_empty_space height=&#8220;25px&#8220; image_repeat=&#8220;no-repeat&#8220;][vc_column_text]<\/p>\n<h4 style=\"text-align: right;\">Eine stilvolle Quelle der Inspiration<\/h4>\n<p>[\/vc_column_text][vc_empty_space height=&#8220;30px&#8220; image_repeat=&#8220;no-repeat&#8220;][vc_column_text]<\/p>\n<p style=\"text-align: justify;\">Die Schwestern Claartje und Rixt Lunter haben diesen Laden mit viel Aufmerksamkeit und Liebe eingerichtet. Sie wollten ihren eigenwilligen Geschmack weitergeben, den sie im Ferienhof It Flinkeboskje umgesetzt haben. Sie bekamen so viele Komplimente f\u00fcr die Einrichtung und das Interieur, dass ein eigener Laden ein Muss war. Einzigartige Vintage-Produkte und sch\u00f6ne Retro-M\u00f6bel sind hier in H\u00fclle und F\u00fclle zu finden. Der Laden ist w\u00e4hrend der Flinkefarm-Veranstaltungen ge\u00f6ffnet. Schauen Sie in den Terminkalender. Sie hoffen, Sie bald im Sip&amp;Clara Pop-up Store begr\u00fc\u00dfen zu d\u00fcrfen!<\/p>\n<p>[\/vc_column_text][vc_empty_space height=&#8220;15px&#8220; image_repeat=&#8220;no-repeat&#8220;][\/vc_column][vc_column width=&#8220;1\/3&#8243;][vc_empty_space height=&#8220;15px&#8220; image_repeat=&#8220;no-repeat&#8220;][vc_single_image image=&#8220;57189&#8243; img_size=&#8220;full&#8220; qode_css_animation=&#8220;&#8220;][\/vc_column][\/vc_row][vc_row row_type=&#8220;row&#8220; use_row_as_full_screen_section=&#8220;no&#8220; type=&#8220;full_width&#8220; oblique_section=&#8220;no&#8220; text_align=&#8220;left&#8220; css_animation=&#8220;&#8220;][vc_column][vc_empty_space image_repeat=&#8220;no-repeat&#8220;][vc_column_text]<span style=\"font-size: 18pt;\"><a href=\"https:\/\/itflinkeboskje.nl\/sip-clara-instagram\/\">Sehen Sie sich unseren Instagram Feed hier an!<\/a><\/span>[\/vc_column_text][vc_empty_space height=&#8220;15px&#8220; image_repeat=&#8220;no-repeat&#8220;][vc_column_text]<\/p>\n<p style=\"text-align: justify;\"><em><span style=\"font-size: 18pt;\">Achtung!<\/span><\/em> Diese Seite beschreibt die Entstehung des Flinke Vintage Concept. Die Bilder auf dem Foto- und Videomaterial dienen lediglich der Veranschaulichung. F\u00fcr aktuelle Angebote besuchen Sie den <a href=\"https:\/\/itflinkeboskje.nl\/sip-clara-instagram\/\">Instagram-Feed von Flinke Vintage<\/a>.<\/p>\n<p>[\/vc_column_text][\/vc_column][\/vc_row][vc_row row_type=&#8220;row&#8220; use_row_as_full_screen_section=&#8220;no&#8220; type=&#8220;full_width&#8220; oblique_section=&#8220;no&#8220; text_align=&#8220;left&#8220; css_animation=&#8220;&#8220;][vc_column][vc_empty_space height=&#8220;12px&#8220; image_repeat=&#8220;no-repeat&#8220;][\/vc_column][\/vc_row][vc_row row_type=&#8220;row&#8220; use_row_as_full_screen_section=&#8220;no&#8220; type=&#8220;full_width&#8220; oblique_section=&#8220;no&#8220; text_align=&#8220;left&#8220; css_animation=&#8220;&#8220;][vc_column width=&#8220;1\/6&#8243;]<div class='image_hover hovered' style='' data-transition-delay=''><div class='images_holder'><img class='' src='https:\/\/itflinkeboskje.nl\/wp-content\/uploads\/2016\/09\/SENC-1.jpg' alt='' style='' \/><img class='hover_image' src='' alt='' style='' \/><\/div><\/div>[\/vc_column][vc_column width=&#8220;1\/6&#8243;]<div class='image_hover hovered' style='' data-transition-delay=''><div class='images_holder'><img class='' src='https:\/\/itflinkeboskje.nl\/wp-content\/uploads\/2016\/09\/IMG_0474.jpg' alt='' style='' \/><img class='hover_image' src='' alt='' style='' \/><\/div><\/div>[\/vc_column][vc_column width=&#8220;1\/6&#8243;]<div class='image_hover ' style='' data-transition-delay=''><div class='images_holder'><img class='' src='https:\/\/itflinkeboskje.nl\/wp-content\/uploads\/2016\/09\/IMG_0472.jpg' alt='' style='' \/><img class='hover_image' src='' alt='' style='' \/><\/div><\/div>[\/vc_column][vc_column width=&#8220;1\/6&#8243;]<div class='image_hover hovered' style='' data-transition-delay=''><div class='images_holder'><img class='' src='https:\/\/itflinkeboskje.nl\/wp-content\/uploads\/2016\/09\/IMG_0471.jpg' alt='' style='' \/><img class='hover_image' src='' alt='' style='' \/><\/div><\/div>[\/vc_column][vc_column width=&#8220;1\/6&#8243;]<div class='image_hover hovered' style='' data-transition-delay=''><div class='images_holder'><img class='' src='https:\/\/itflinkeboskje.nl\/wp-content\/uploads\/2016\/09\/IMG_0473.jpg' alt='' style='' \/><img class='hover_image' src='' alt='' style='' \/><\/div><\/div>[\/vc_column][vc_column width=&#8220;1\/6&#8243;]<div class='image_hover hovered' style='' data-transition-delay=''><div class='images_holder'><img class='' src='https:\/\/itflinkeboskje.nl\/wp-content\/uploads\/2016\/09\/IMG_0470.jpg' alt='' style='' \/><img class='hover_image' src='' alt='' style='' \/><\/div><\/div>[\/vc_column][\/vc_row][vc_row row_type=&#8220;row&#8220; use_row_as_full_screen_section=&#8220;no&#8220; type=&#8220;full_width&#8220; oblique_section=&#8220;no&#8220; text_align=&#8220;left&#8220; css_animation=&#8220;&#8220;][vc_column][vc_empty_space height=&#8220;12px&#8220; image_repeat=&#8220;no-repeat&#8220;][vc_video link=&#8220;https:\/\/youtu.be\/8gXl4zngBw0&#8243; align=&#8220;center&#8220;][\/vc_column][\/vc_row]<\/p>\n","protected":false},"excerpt":{"rendered":"<p>[vc_row row_type=&#8220;row&#8220; use_row_as_full_screen_section=&#8220;no&#8220; type=&#8220;full_width&#8220; oblique_section=&#8220;no&#8220; text_align=&#8220;left&#8220; css_animation=&#8220;&#8220;][vc_column][vc_gallery interval=&#8220;3&#8243; images=&#8220;57283,57213,57211&#8243; img_size=&#8220;1920X590&#8243; onclick=&#8220;&#8220; disable_navigation_arrows=&#8220;yes&#8220;][\/vc_column][\/vc_row][vc_row row_type=&#8220;row&#8220; use_row_as_full_screen_section=&#8220;no&#8220; type=&#8220;full_width&#8220; oblique_section=&#8220;no&#8220; text_align=&#8220;left&#8220; css_animation=&#8220;&#8220;][vc_column][vc_empty_space image_repeat=&#8220;no-repeat&#8220;][\/vc_column][\/vc_row][vc_row row_type=&#8220;row&#8220; use_row_as_full_screen_section=&#8220;no&#8220; type=&#8220;full_width&#8220; oblique_section=&#8220;no&#8220; text_align=&#8220;left&#8220; css_animation=&#8220;&#8220;][vc_column width=&#8220;1\/3&#8243;][vc_empty_space height=&#8220;40px&#8220; image_repeat=&#8220;no-repeat&#8220;][vc_empty_space height=&#8220;40px&#8220; image_repeat=&#8220;no-repeat&#8220;][vc_separator type=&#8220;normal&#8220; color=&#8220;#000000&#8243; border_style=&#8220;solid&#8220; thickness=&#8220;1&#8243;][vc_gallery interval=&#8220;0&#8243;&#8230;<\/p>\n","protected":false},"author":2,"featured_media":0,"parent":0,"menu_order":0,"comment_status":"closed","ping_status":"closed","template":"","meta":{"footnotes":""},"class_list":["post-58081","page","type-page","status-publish","hentry"],"yoast_head":"<!-- This site is optimized with the Yoast SEO plugin v27.1.1 - https:\/\/yoast.com\/product\/yoast-seo-wordpress\/ -->\n<title>Sip &amp; Clara Pop-up Store - It Flinkeboskje en de Flinkefarm<\/title>\n<meta name=\"description\" content=\"Der Pop-up-Laden auf der Flinkefarm in Hemelum. Dieser tolle Laden ist w\u00e4hrend der Veranstaltungen ge\u00f6ffnet. Sip &amp; Clara ist ein Gesch\u00e4ft mit skurrilen Einrichtungsgegenst\u00e4nden\" \/>\n<meta name=\"robots\" content=\"index, follow, max-snippet:-1, max-image-preview:large, max-video-preview:-1\" \/>\n<link rel=\"canonical\" href=\"https:\/\/itflinkeboskje.nl\/de\/sip-clara-pop-up-store\/\" \/>\n<meta property=\"og:locale\" content=\"de_DE\" \/>\n<meta property=\"og:type\" content=\"article\" \/>\n<meta property=\"og:title\" content=\"Sip &amp; Clara Pop-up Store - It Flinkeboskje en de Flinkefarm\" \/>\n<meta property=\"og:description\" content=\"Der Pop-up-Laden auf der Flinkefarm in Hemelum. Dieser tolle Laden ist w\u00e4hrend der Veranstaltungen ge\u00f6ffnet. Sip &amp; Clara ist ein Gesch\u00e4ft mit skurrilen Einrichtungsgegenst\u00e4nden\" \/>\n<meta property=\"og:url\" content=\"https:\/\/itflinkeboskje.nl\/de\/sip-clara-pop-up-store\/\" \/>\n<meta property=\"og:site_name\" content=\"It Flinkeboskje en de Flinkefarm\" \/>\n<meta property=\"article:modified_time\" content=\"2025-05-04T15:17:17+00:00\" \/>\n<meta name=\"twitter:label1\" content=\"Gesch\u00e4tzte Lesezeit\" \/>\n\t<meta name=\"twitter:data1\" content=\"2\u00a0Minuten\" \/>\n<script type=\"application\/ld+json\" class=\"yoast-schema-graph\">{\"@context\":\"https:\/\/schema.org\",\"@graph\":[{\"@type\":\"WebPage\",\"@id\":\"https:\/\/itflinkeboskje.nl\/de\/sip-clara-pop-up-store\/\",\"url\":\"https:\/\/itflinkeboskje.nl\/de\/sip-clara-pop-up-store\/\",\"name\":\"Sip &amp; Clara Pop-up Store - It Flinkeboskje en de Flinkefarm\",\"isPartOf\":{\"@id\":\"https:\/\/itflinkeboskje.nl\/de\/#website\"},\"datePublished\":\"2016-09-25T10:54:13+00:00\",\"dateModified\":\"2025-05-04T15:17:17+00:00\",\"description\":\"Der Pop-up-Laden auf der Flinkefarm in Hemelum. Dieser tolle Laden ist w\u00e4hrend der Veranstaltungen ge\u00f6ffnet. Sip & Clara ist ein Gesch\u00e4ft mit skurrilen Einrichtungsgegenst\u00e4nden\",\"breadcrumb\":{\"@id\":\"https:\/\/itflinkeboskje.nl\/de\/sip-clara-pop-up-store\/#breadcrumb\"},\"inLanguage\":\"de\",\"potentialAction\":[{\"@type\":\"ReadAction\",\"target\":[\"https:\/\/itflinkeboskje.nl\/de\/sip-clara-pop-up-store\/\"]}]},{\"@type\":\"BreadcrumbList\",\"@id\":\"https:\/\/itflinkeboskje.nl\/de\/sip-clara-pop-up-store\/#breadcrumb\",\"itemListElement\":[{\"@type\":\"ListItem\",\"position\":1,\"name\":\"Home\",\"item\":\"https:\/\/itflinkeboskje.nl\/de\/\"},{\"@type\":\"ListItem\",\"position\":2,\"name\":\"Sip &amp; Clara Pop-up Store\"}]},{\"@type\":\"WebSite\",\"@id\":\"https:\/\/itflinkeboskje.nl\/de\/#website\",\"url\":\"https:\/\/itflinkeboskje.nl\/de\/\",\"name\":\"It Flinkeboskje en de Flinkefarm\",\"description\":\"Luxe groepsaccommodatie en vakantieboerderij it Flinkeboskje, vakantiewoning het Voorhuis en de Flinkefarm\",\"potentialAction\":[{\"@type\":\"SearchAction\",\"target\":{\"@type\":\"EntryPoint\",\"urlTemplate\":\"https:\/\/itflinkeboskje.nl\/de\/?s={search_term_string}\"},\"query-input\":{\"@type\":\"PropertyValueSpecification\",\"valueRequired\":true,\"valueName\":\"search_term_string\"}}],\"inLanguage\":\"de\"}]}<\/script>\n<!-- \/ Yoast SEO plugin. -->","yoast_head_json":{"title":"Sip &amp; Clara Pop-up Store - It Flinkeboskje en de Flinkefarm","description":"Der Pop-up-Laden auf der Flinkefarm in Hemelum. Dieser tolle Laden ist w\u00e4hrend der Veranstaltungen ge\u00f6ffnet. Sip & Clara ist ein Gesch\u00e4ft mit skurrilen Einrichtungsgegenst\u00e4nden","robots":{"index":"index","follow":"follow","max-snippet":"max-snippet:-1","max-image-preview":"max-image-preview:large","max-video-preview":"max-video-preview:-1"},"canonical":"https:\/\/itflinkeboskje.nl\/de\/sip-clara-pop-up-store\/","og_locale":"de_DE","og_type":"article","og_title":"Sip &amp; Clara Pop-up Store - It Flinkeboskje en de Flinkefarm","og_description":"Der Pop-up-Laden auf der Flinkefarm in Hemelum. Dieser tolle Laden ist w\u00e4hrend der Veranstaltungen ge\u00f6ffnet. Sip & Clara ist ein Gesch\u00e4ft mit skurrilen Einrichtungsgegenst\u00e4nden","og_url":"https:\/\/itflinkeboskje.nl\/de\/sip-clara-pop-up-store\/","og_site_name":"It Flinkeboskje en de Flinkefarm","article_modified_time":"2025-05-04T15:17:17+00:00","twitter_misc":{"Gesch\u00e4tzte Lesezeit":"2\u00a0Minuten"},"schema":{"@context":"https:\/\/schema.org","@graph":[{"@type":"WebPage","@id":"https:\/\/itflinkeboskje.nl\/de\/sip-clara-pop-up-store\/","url":"https:\/\/itflinkeboskje.nl\/de\/sip-clara-pop-up-store\/","name":"Sip &amp; Clara Pop-up Store - It Flinkeboskje en de Flinkefarm","isPartOf":{"@id":"https:\/\/itflinkeboskje.nl\/de\/#website"},"datePublished":"2016-09-25T10:54:13+00:00","dateModified":"2025-05-04T15:17:17+00:00","description":"Der Pop-up-Laden auf der Flinkefarm in Hemelum. Dieser tolle Laden ist w\u00e4hrend der Veranstaltungen ge\u00f6ffnet. Sip & Clara ist ein Gesch\u00e4ft mit skurrilen Einrichtungsgegenst\u00e4nden","breadcrumb":{"@id":"https:\/\/itflinkeboskje.nl\/de\/sip-clara-pop-up-store\/#breadcrumb"},"inLanguage":"de","potentialAction":[{"@type":"ReadAction","target":["https:\/\/itflinkeboskje.nl\/de\/sip-clara-pop-up-store\/"]}]},{"@type":"BreadcrumbList","@id":"https:\/\/itflinkeboskje.nl\/de\/sip-clara-pop-up-store\/#breadcrumb","itemListElement":[{"@type":"ListItem","position":1,"name":"Home","item":"https:\/\/itflinkeboskje.nl\/de\/"},{"@type":"ListItem","position":2,"name":"Sip &amp; Clara Pop-up Store"}]},{"@type":"WebSite","@id":"https:\/\/itflinkeboskje.nl\/de\/#website","url":"https:\/\/itflinkeboskje.nl\/de\/","name":"It Flinkeboskje en de Flinkefarm","description":"Luxe groepsaccommodatie en vakantieboerderij it Flinkeboskje, vakantiewoning het Voorhuis en de Flinkefarm","potentialAction":[{"@type":"SearchAction","target":{"@type":"EntryPoint","urlTemplate":"https:\/\/itflinkeboskje.nl\/de\/?s={search_term_string}"},"query-input":{"@type":"PropertyValueSpecification","valueRequired":true,"valueName":"search_term_string"}}],"inLanguage":"de"}]}},"_links":{"self":[{"href":"https:\/\/itflinkeboskje.nl\/de\/wp-json\/wp\/v2\/pages\/58081","targetHints":{"allow":["GET"]}}],"collection":[{"href":"https:\/\/itflinkeboskje.nl\/de\/wp-json\/wp\/v2\/pages"}],"about":[{"href":"https:\/\/itflinkeboskje.nl\/de\/wp-json\/wp\/v2\/types\/page"}],"author":[{"embeddable":true,"href":"https:\/\/itflinkeboskje.nl\/de\/wp-json\/wp\/v2\/users\/2"}],"replies":[{"embeddable":true,"href":"https:\/\/itflinkeboskje.nl\/de\/wp-json\/wp\/v2\/comments?post=58081"}],"version-history":[{"count":8,"href":"https:\/\/itflinkeboskje.nl\/de\/wp-json\/wp\/v2\/pages\/58081\/revisions"}],"predecessor-version":[{"id":58569,"href":"https:\/\/itflinkeboskje.nl\/de\/wp-json\/wp\/v2\/pages\/58081\/revisions\/58569"}],"wp:attachment":[{"href":"https:\/\/itflinkeboskje.nl\/de\/wp-json\/wp\/v2\/media?parent=58081"}],"curies":[{"name":"wp","href":"https:\/\/api.w.org\/{rel}","templated":true}]}}