{"id":58049,"date":"2015-04-13T16:30:17","date_gmt":"2015-04-13T14:30:17","guid":{"rendered":"https:\/\/itflinkeboskje.nl\/tagesordnung\/"},"modified":"2025-04-17T09:37:11","modified_gmt":"2025-04-17T07:37:11","slug":"veranstaltungskalender","status":"publish","type":"page","link":"https:\/\/itflinkeboskje.nl\/de\/veranstaltungskalender\/","title":{"rendered":"Veranstaltungskalender"},"content":{"rendered":"<p>[vc_row row_type=&#8220;row&#8220; use_row_as_full_screen_section=&#8220;no&#8220; type=&#8220;full_width&#8220; oblique_section=&#8220;no&#8220; text_align=&#8220;left&#8220; css_animation=&#8220;&#8220;][vc_column]<div class='projects_holder_outer v3 portfolio_no_space portfolio_with_hover_text '><div class='portfolio_main_holder projects_holder clearfix v3 hover_text no_space'>\n<article class='mix '><div class=\"item_holder gradient_hover\"><div class=\"text_holder\" ><div class=\"text_holder_outer\"><div class=\"text_holder_inner\"><h6 class=\"portfolio_title\" style=\"color: #5b5b5b;\"><a href=\"https:\/\/itflinkeboskje.nl\/de\/agenda\/rechtstreeks-in-je-agenda\/\" style=\"color: inherit;\">Digitale Agenda 2026 ( ICS)<\/a><\/h6><\/div><\/div><\/div><a class=\"portfolio_link_class\" href=\"https:\/\/itflinkeboskje.nl\/de\/agenda\/rechtstreeks-in-je-agenda\/\" target=\"_self\"><\/a><div class=\"portfolio_shader\" style=\"background: -webkit-linear-gradient(to bottom, rgba(255,255,255,0) 10%, rgba(255,255,255,0.9) 100%);background: linear-gradient(to bottom, rgba(255,255,255,0) 10%, rgba(255,255,255,0.9) 100%);transform: translate3d(0px, 10%, 0px);\"><\/div><div class=\"image_holder\"><span class=\"image\"><img loading=\"lazy\" decoding=\"async\" width=\"640\" height=\"590\" src=\"https:\/\/itflinkeboskje.nl\/wp-content\/uploads\/2025\/02\/DIGITALE-AGENDA-ICS.jpg\" class=\"attachment-full size-full wp-post-image\" alt=\"\" srcset=\"https:\/\/itflinkeboskje.nl\/wp-content\/uploads\/2025\/02\/DIGITALE-AGENDA-ICS.jpg 640w, https:\/\/itflinkeboskje.nl\/wp-content\/uploads\/2025\/02\/DIGITALE-AGENDA-ICS-300x277.jpg 300w\" sizes=\"auto, (max-width: 640px) 100vw, 640px\" \/><\/span><\/div><\/div><\/article>\n<article class='mix '><div class=\"item_holder gradient_hover\"><div class=\"text_holder\" ><div class=\"text_holder_outer\"><div class=\"text_holder_inner\"><h6 class=\"portfolio_title\" style=\"color: #5b5b5b;\"><a href=\"https:\/\/itflinkeboskje.nl\/de\/agenda\/flinke-flea-market-10\/\" style=\"color: inherit;\">Flinke Flea Market<\/a><\/h6><\/div><\/div><\/div><a class=\"portfolio_link_class\" href=\"https:\/\/itflinkeboskje.nl\/de\/agenda\/flinke-flea-market-10\/\" target=\"_self\"><\/a><div class=\"portfolio_shader\" style=\"background: -webkit-linear-gradient(to bottom, rgba(255,255,255,0) 10%, rgba(255,255,255,0.9) 100%);background: linear-gradient(to bottom, rgba(255,255,255,0) 10%, rgba(255,255,255,0.9) 100%);transform: translate3d(0px, 10%, 0px);\"><\/div><div class=\"image_holder\"><span class=\"image\"><img loading=\"lazy\" decoding=\"async\" width=\"640\" height=\"590\" src=\"https:\/\/itflinkeboskje.nl\/wp-content\/uploads\/2026\/02\/03mei.jpg\" class=\"attachment-full size-full wp-post-image\" alt=\"\" srcset=\"https:\/\/itflinkeboskje.nl\/wp-content\/uploads\/2026\/02\/03mei.jpg 640w, https:\/\/itflinkeboskje.nl\/wp-content\/uploads\/2026\/02\/03mei-300x277.jpg 300w\" sizes=\"auto, (max-width: 640px) 100vw, 640px\" \/><\/span><\/div><\/div><\/article>\n<article class='mix '><div class=\"item_holder gradient_hover\"><div class=\"text_holder\" ><div class=\"text_holder_outer\"><div class=\"text_holder_inner\"><h6 class=\"portfolio_title\" style=\"color: #5b5b5b;\"><a href=\"https:\/\/itflinkeboskje.nl\/de\/agenda\/flinke-flea-market-8\/\" style=\"color: inherit;\">Flinke Flea Market<\/a><\/h6><\/div><\/div><\/div><a class=\"portfolio_link_class\" href=\"https:\/\/itflinkeboskje.nl\/de\/agenda\/flinke-flea-market-8\/\" target=\"_self\"><\/a><div class=\"portfolio_shader\" style=\"background: -webkit-linear-gradient(to bottom, rgba(255,255,255,0) 10%, rgba(255,255,255,0.9) 100%);background: linear-gradient(to bottom, rgba(255,255,255,0) 10%, rgba(255,255,255,0.9) 100%);transform: translate3d(0px, 10%, 0px);\"><\/div><div class=\"image_holder\"><span class=\"image\"><img loading=\"lazy\" decoding=\"async\" width=\"640\" height=\"590\" src=\"https:\/\/itflinkeboskje.nl\/wp-content\/uploads\/2026\/02\/17mei.jpg\" class=\"attachment-full size-full wp-post-image\" alt=\"\" srcset=\"https:\/\/itflinkeboskje.nl\/wp-content\/uploads\/2026\/02\/17mei.jpg 640w, https:\/\/itflinkeboskje.nl\/wp-content\/uploads\/2026\/02\/17mei-300x277.jpg 300w\" sizes=\"auto, (max-width: 640px) 100vw, 640px\" \/><\/span><\/div><\/div><\/article>\n<article class='mix '><div class=\"item_holder gradient_hover\"><div class=\"text_holder\" ><div class=\"text_holder_outer\"><div class=\"text_holder_inner\"><h6 class=\"portfolio_title\" style=\"color: #5b5b5b;\"><a href=\"https:\/\/itflinkeboskje.nl\/de\/agenda\/flinke-flea-market-7\/\" style=\"color: inherit;\">Flinke Flea Market<\/a><\/h6><\/div><\/div><\/div><a class=\"portfolio_link_class\" href=\"https:\/\/itflinkeboskje.nl\/de\/agenda\/flinke-flea-market-7\/\" target=\"_self\"><\/a><div class=\"portfolio_shader\" style=\"background: -webkit-linear-gradient(to bottom, rgba(255,255,255,0) 10%, rgba(255,255,255,0.9) 100%);background: linear-gradient(to bottom, rgba(255,255,255,0) 10%, rgba(255,255,255,0.9) 100%);transform: translate3d(0px, 10%, 0px);\"><\/div><div class=\"image_holder\"><span class=\"image\"><img loading=\"lazy\" decoding=\"async\" width=\"640\" height=\"590\" src=\"https:\/\/itflinkeboskje.nl\/wp-content\/uploads\/2026\/02\/07JUNI.jpg\" class=\"attachment-full size-full wp-post-image\" alt=\"\" srcset=\"https:\/\/itflinkeboskje.nl\/wp-content\/uploads\/2026\/02\/07JUNI.jpg 640w, https:\/\/itflinkeboskje.nl\/wp-content\/uploads\/2026\/02\/07JUNI-300x277.jpg 300w\" sizes=\"auto, (max-width: 640px) 100vw, 640px\" \/><\/span><\/div><\/div><\/article>\n<article class='mix '><div class=\"item_holder gradient_hover\"><div class=\"text_holder\" ><div class=\"text_holder_outer\"><div class=\"text_holder_inner\"><h6 class=\"portfolio_title\" style=\"color: #5b5b5b;\"><a href=\"https:\/\/itflinkeboskje.nl\/de\/agenda\/flinke-flea-market-6\/\" style=\"color: inherit;\">Flinke Flea Market<\/a><\/h6><\/div><\/div><\/div><a class=\"portfolio_link_class\" href=\"https:\/\/itflinkeboskje.nl\/de\/agenda\/flinke-flea-market-6\/\" target=\"_self\"><\/a><div class=\"portfolio_shader\" style=\"background: -webkit-linear-gradient(to bottom, rgba(255,255,255,0) 10%, rgba(255,255,255,0.9) 100%);background: linear-gradient(to bottom, rgba(255,255,255,0) 10%, rgba(255,255,255,0.9) 100%);transform: translate3d(0px, 10%, 0px);\"><\/div><div class=\"image_holder\"><span class=\"image\"><img loading=\"lazy\" decoding=\"async\" width=\"640\" height=\"590\" src=\"https:\/\/itflinkeboskje.nl\/wp-content\/uploads\/2026\/02\/28JUNI.jpg\" class=\"attachment-full size-full wp-post-image\" alt=\"\" srcset=\"https:\/\/itflinkeboskje.nl\/wp-content\/uploads\/2026\/02\/28JUNI.jpg 640w, https:\/\/itflinkeboskje.nl\/wp-content\/uploads\/2026\/02\/28JUNI-300x277.jpg 300w\" sizes=\"auto, (max-width: 640px) 100vw, 640px\" \/><\/span><\/div><\/div><\/article>\n<article class='mix '><div class=\"item_holder gradient_hover\"><div class=\"text_holder\" ><div class=\"text_holder_outer\"><div class=\"text_holder_inner\"><h6 class=\"portfolio_title\" style=\"color: #5b5b5b;\"><a href=\"https:\/\/itflinkeboskje.nl\/de\/agenda\/flinke-flea-market-5\/\" style=\"color: inherit;\">Flinke Flea Market<\/a><\/h6><\/div><\/div><\/div><a class=\"portfolio_link_class\" href=\"https:\/\/itflinkeboskje.nl\/de\/agenda\/flinke-flea-market-5\/\" target=\"_self\"><\/a><div class=\"portfolio_shader\" style=\"background: -webkit-linear-gradient(to bottom, rgba(255,255,255,0) 10%, rgba(255,255,255,0.9) 100%);background: linear-gradient(to bottom, rgba(255,255,255,0) 10%, rgba(255,255,255,0.9) 100%);transform: translate3d(0px, 10%, 0px);\"><\/div><div class=\"image_holder\"><span class=\"image\"><img loading=\"lazy\" decoding=\"async\" width=\"640\" height=\"590\" src=\"https:\/\/itflinkeboskje.nl\/wp-content\/uploads\/2026\/02\/12JULI.jpg\" class=\"attachment-full size-full wp-post-image\" alt=\"\" srcset=\"https:\/\/itflinkeboskje.nl\/wp-content\/uploads\/2026\/02\/12JULI.jpg 640w, https:\/\/itflinkeboskje.nl\/wp-content\/uploads\/2026\/02\/12JULI-300x277.jpg 300w\" sizes=\"auto, (max-width: 640px) 100vw, 640px\" \/><\/span><\/div><\/div><\/article>\n<article class='mix '><div class=\"item_holder gradient_hover\"><div class=\"text_holder\" ><div class=\"text_holder_outer\"><div class=\"text_holder_inner\"><h6 class=\"portfolio_title\" style=\"color: #5b5b5b;\"><a href=\"https:\/\/itflinkeboskje.nl\/de\/agenda\/flinke-flea-market-9\/\" style=\"color: inherit;\">Flinke Flea Market<\/a><\/h6><\/div><\/div><\/div><a class=\"portfolio_link_class\" href=\"https:\/\/itflinkeboskje.nl\/de\/agenda\/flinke-flea-market-9\/\" target=\"_self\"><\/a><div class=\"portfolio_shader\" style=\"background: -webkit-linear-gradient(to bottom, rgba(255,255,255,0) 10%, rgba(255,255,255,0.9) 100%);background: linear-gradient(to bottom, rgba(255,255,255,0) 10%, rgba(255,255,255,0.9) 100%);transform: translate3d(0px, 10%, 0px);\"><\/div><div class=\"image_holder\"><span class=\"image\"><img loading=\"lazy\" decoding=\"async\" width=\"640\" height=\"590\" src=\"https:\/\/itflinkeboskje.nl\/wp-content\/uploads\/2026\/02\/26JULI.jpg\" class=\"attachment-full size-full wp-post-image\" alt=\"\" srcset=\"https:\/\/itflinkeboskje.nl\/wp-content\/uploads\/2026\/02\/26JULI.jpg 640w, https:\/\/itflinkeboskje.nl\/wp-content\/uploads\/2026\/02\/26JULI-300x277.jpg 300w\" sizes=\"auto, (max-width: 640px) 100vw, 640px\" \/><\/span><\/div><\/div><\/article>\n<article class='mix '><div class=\"item_holder gradient_hover\"><div class=\"text_holder\" ><div class=\"text_holder_outer\"><div class=\"text_holder_inner\"><h6 class=\"portfolio_title\" style=\"color: #5b5b5b;\"><a href=\"https:\/\/itflinkeboskje.nl\/de\/agenda\/flinke-flea-market-4\/\" style=\"color: inherit;\">Flinke Flea Market<\/a><\/h6><\/div><\/div><\/div><a class=\"portfolio_link_class\" href=\"https:\/\/itflinkeboskje.nl\/de\/agenda\/flinke-flea-market-4\/\" target=\"_self\"><\/a><div class=\"portfolio_shader\" style=\"background: -webkit-linear-gradient(to bottom, rgba(255,255,255,0) 10%, rgba(255,255,255,0.9) 100%);background: linear-gradient(to bottom, rgba(255,255,255,0) 10%, rgba(255,255,255,0.9) 100%);transform: translate3d(0px, 10%, 0px);\"><\/div><div class=\"image_holder\"><span class=\"image\"><img loading=\"lazy\" decoding=\"async\" width=\"640\" height=\"590\" src=\"https:\/\/itflinkeboskje.nl\/wp-content\/uploads\/2025\/05\/03August.jpg\" class=\"attachment-full size-full wp-post-image\" alt=\"\" srcset=\"https:\/\/itflinkeboskje.nl\/wp-content\/uploads\/2025\/05\/03August.jpg 640w, https:\/\/itflinkeboskje.nl\/wp-content\/uploads\/2025\/05\/03August-300x277.jpg 300w\" sizes=\"auto, (max-width: 640px) 100vw, 640px\" \/><\/span><\/div><\/div><\/article>\n<article class='mix '><div class=\"item_holder gradient_hover\"><div class=\"text_holder\" ><div class=\"text_holder_outer\"><div class=\"text_holder_inner\"><h6 class=\"portfolio_title\" style=\"color: #5b5b5b;\"><a href=\"https:\/\/itflinkeboskje.nl\/de\/agenda\/flinke-flea-market-3\/\" style=\"color: inherit;\">Flinke Flea Market<\/a><\/h6><\/div><\/div><\/div><a class=\"portfolio_link_class\" href=\"https:\/\/itflinkeboskje.nl\/de\/agenda\/flinke-flea-market-3\/\" target=\"_self\"><\/a><div class=\"portfolio_shader\" style=\"background: -webkit-linear-gradient(to bottom, rgba(255,255,255,0) 10%, rgba(255,255,255,0.9) 100%);background: linear-gradient(to bottom, rgba(255,255,255,0) 10%, rgba(255,255,255,0.9) 100%);transform: translate3d(0px, 10%, 0px);\"><\/div><div class=\"image_holder\"><span class=\"image\"><img loading=\"lazy\" decoding=\"async\" width=\"640\" height=\"590\" src=\"https:\/\/itflinkeboskje.nl\/wp-content\/uploads\/2026\/02\/23AUG.jpg\" class=\"attachment-full size-full wp-post-image\" alt=\"\" srcset=\"https:\/\/itflinkeboskje.nl\/wp-content\/uploads\/2026\/02\/23AUG.jpg 640w, https:\/\/itflinkeboskje.nl\/wp-content\/uploads\/2026\/02\/23AUG-300x277.jpg 300w\" sizes=\"auto, (max-width: 640px) 100vw, 640px\" \/><\/span><\/div><\/div><\/article>\n<article class='mix '><div class=\"item_holder gradient_hover\"><div class=\"text_holder\" ><div class=\"text_holder_outer\"><div class=\"text_holder_inner\"><h6 class=\"portfolio_title\" style=\"color: #5b5b5b;\"><a href=\"https:\/\/itflinkeboskje.nl\/de\/agenda\/flinke-flea-market-2\/\" style=\"color: inherit;\">Flinke Flea Market<\/a><\/h6><\/div><\/div><\/div><a class=\"portfolio_link_class\" href=\"https:\/\/itflinkeboskje.nl\/de\/agenda\/flinke-flea-market-2\/\" target=\"_self\"><\/a><div class=\"portfolio_shader\" style=\"background: -webkit-linear-gradient(to bottom, rgba(255,255,255,0) 10%, rgba(255,255,255,0.9) 100%);background: linear-gradient(to bottom, rgba(255,255,255,0) 10%, rgba(255,255,255,0.9) 100%);transform: translate3d(0px, 10%, 0px);\"><\/div><div class=\"image_holder\"><span class=\"image\"><img loading=\"lazy\" decoding=\"async\" width=\"640\" height=\"590\" src=\"https:\/\/itflinkeboskje.nl\/wp-content\/uploads\/2026\/02\/06SEPT.jpg\" class=\"attachment-full size-full wp-post-image\" alt=\"\" srcset=\"https:\/\/itflinkeboskje.nl\/wp-content\/uploads\/2026\/02\/06SEPT.jpg 640w, https:\/\/itflinkeboskje.nl\/wp-content\/uploads\/2026\/02\/06SEPT-300x277.jpg 300w\" sizes=\"auto, (max-width: 640px) 100vw, 640px\" \/><\/span><\/div><\/div><\/article>\n<article class='mix '><div class=\"item_holder gradient_hover\"><div class=\"text_holder\" ><div class=\"text_holder_outer\"><div class=\"text_holder_inner\"><h6 class=\"portfolio_title\" style=\"color: #5b5b5b;\"><a href=\"https:\/\/itflinkeboskje.nl\/de\/agenda\/flinke-flea-market\/\" style=\"color: inherit;\">Flinke Flea Market<\/a><\/h6><\/div><\/div><\/div><a class=\"portfolio_link_class\" href=\"https:\/\/itflinkeboskje.nl\/de\/agenda\/flinke-flea-market\/\" target=\"_self\"><\/a><div class=\"portfolio_shader\" style=\"background: -webkit-linear-gradient(to bottom, rgba(255,255,255,0) 10%, rgba(255,255,255,0.9) 100%);background: linear-gradient(to bottom, rgba(255,255,255,0) 10%, rgba(255,255,255,0.9) 100%);transform: translate3d(0px, 10%, 0px);\"><\/div><div class=\"image_holder\"><span class=\"image\"><img loading=\"lazy\" decoding=\"async\" width=\"640\" height=\"590\" src=\"https:\/\/itflinkeboskje.nl\/wp-content\/uploads\/2026\/02\/20SEPT.jpg\" class=\"attachment-full size-full wp-post-image\" alt=\"\" srcset=\"https:\/\/itflinkeboskje.nl\/wp-content\/uploads\/2026\/02\/20SEPT.jpg 640w, https:\/\/itflinkeboskje.nl\/wp-content\/uploads\/2026\/02\/20SEPT-300x277.jpg 300w\" sizes=\"auto, (max-width: 640px) 100vw, 640px\" \/><\/span><\/div><\/div><\/article>\n<div class='filler'><\/div>\n<div class='filler'><\/div>\n<div class='filler'><\/div>\n<\/div><\/div>[\/vc_column][\/vc_row][vc_row row_type=&#8220;row&#8220; use_row_as_full_screen_section=&#8220;no&#8220; type=&#8220;full_width&#8220; oblique_section=&#8220;no&#8220; text_align=&#8220;left&#8220; css_animation=&#8220;&#8220;][vc_column width=&#8220;1\/3&#8243;][vc_empty_space height=&#8220;15px&#8220; image_repeat=&#8220;no-repeat&#8220;][vc_single_image image=&#8220;57225&#8243; img_size=&#8220;full&#8220; qode_css_animation=&#8220;&#8220;][vc_empty_space height=&#8220;15px&#8220; image_repeat=&#8220;no-repeat&#8220;][\/vc_column][vc_column width=&#8220;2\/3&#8243;][vc_column_text]<br \/>\n[\/vc_column_text][vc_column_text][\/vc_column_text][vc_column_text]<br \/>\n[\/vc_column_text][vc_column_text]<br \/>\n[\/vc_column_text][vc_column_text]<br \/>\n[\/vc_column_text][vc_column_text]<br \/>\n[\/vc_column_text][\/vc_column][\/vc_row][vc_row row_type=&#8220;row&#8220; use_row_as_full_screen_section=&#8220;no&#8220; type=&#8220;full_width&#8220; oblique_section=&#8220;no&#8220; text_align=&#8220;left&#8220; css_animation=&#8220;&#8220;][vc_column][vc_empty_space height=&#8220;40px&#8220; image_repeat=&#8220;no-repeat&#8220;][vc_single_image image=&#8220;57315&#8243; img_size=&#8220;full&#8220; qode_css_animation=&#8220;&#8220;][\/vc_column][\/vc_row]<\/p>\n","protected":false},"excerpt":{"rendered":"<p>[vc_row row_type=&#8220;row&#8220; use_row_as_full_screen_section=&#8220;no&#8220; type=&#8220;full_width&#8220; oblique_section=&#8220;no&#8220; text_align=&#8220;left&#8220; css_animation=&#8220;&#8220;][vc_column][\/vc_column][\/vc_row][vc_row row_type=&#8220;row&#8220; use_row_as_full_screen_section=&#8220;no&#8220; type=&#8220;full_width&#8220; oblique_section=&#8220;no&#8220; text_align=&#8220;left&#8220; css_animation=&#8220;&#8220;][vc_column width=&#8220;1\/3&#8243;][vc_empty_space height=&#8220;15px&#8220; image_repeat=&#8220;no-repeat&#8220;][vc_single_image image=&#8220;57225&#8243; img_size=&#8220;full&#8220; qode_css_animation=&#8220;&#8220;][vc_empty_space height=&#8220;15px&#8220; image_repeat=&#8220;no-repeat&#8220;][\/vc_column][vc_column width=&#8220;2\/3&#8243;][vc_column_text] [\/vc_column_text][vc_column_text][\/vc_column_text][vc_column_text] [\/vc_column_text][vc_column_text] [\/vc_column_text][vc_column_text] [\/vc_column_text][vc_column_text] [\/vc_column_text][\/vc_column][\/vc_row][vc_row row_type=&#8220;row&#8220; use_row_as_full_screen_section=&#8220;no&#8220; type=&#8220;full_width&#8220; oblique_section=&#8220;no&#8220; text_align=&#8220;left&#8220; css_animation=&#8220;&#8220;][vc_column][vc_empty_space height=&#8220;40px&#8220; image_repeat=&#8220;no-repeat&#8220;][vc_single_image&#8230;<\/p>\n","protected":false},"author":2,"featured_media":0,"parent":0,"menu_order":0,"comment_status":"closed","ping_status":"closed","template":"","meta":{"footnotes":""},"class_list":["post-58049","page","type-page","status-publish","hentry"],"yoast_head":"<!-- This site is optimized with the Yoast SEO plugin v27.1.1 - https:\/\/yoast.com\/product\/yoast-seo-wordpress\/ -->\n<title>\u00dcberblick \u00fcber das Programm und die Veranstaltungen auf der Flinkefarm<\/title>\n<meta name=\"description\" content=\"\u00dcbersicht der Termine mit Veranstaltungen auf der Flinkefarm. Regionalm\u00e4rkte, Kofferraumm\u00e4rkte, Feste und Flinke Favorieten. Wann finden sie in Hemelum, Friesland? Alles M\u00f6glichkeiten f\u00fcr einen unterhaltsamen Ausflug. Ein Tag mit Familie und Freunden. St\u00f6bern Sie zum Beispiel auf dem Kofferraummarkt. Auch am Tag eines Regionalmarktes gibt es viel zu tun. Lokales Essen probieren und Musik im Gras h\u00f6ren\" \/>\n<meta name=\"robots\" content=\"index, follow, max-snippet:-1, max-image-preview:large, max-video-preview:-1\" \/>\n<link rel=\"canonical\" href=\"https:\/\/itflinkeboskje.nl\/de\/veranstaltungskalender\/\" \/>\n<meta property=\"og:locale\" content=\"de_DE\" \/>\n<meta property=\"og:type\" content=\"article\" \/>\n<meta property=\"og:title\" content=\"\u00dcberblick \u00fcber das Programm und die Veranstaltungen auf der Flinkefarm\" \/>\n<meta property=\"og:description\" content=\"\u00dcbersicht der Termine mit Veranstaltungen auf der Flinkefarm. Regionalm\u00e4rkte, Kofferraumm\u00e4rkte, Feste und Flinke Favorieten. Wann finden sie in Hemelum, Friesland? Alles M\u00f6glichkeiten f\u00fcr einen unterhaltsamen Ausflug. Ein Tag mit Familie und Freunden. St\u00f6bern Sie zum Beispiel auf dem Kofferraummarkt. Auch am Tag eines Regionalmarktes gibt es viel zu tun. Lokales Essen probieren und Musik im Gras h\u00f6ren\" \/>\n<meta property=\"og:url\" content=\"https:\/\/itflinkeboskje.nl\/de\/veranstaltungskalender\/\" \/>\n<meta property=\"og:site_name\" content=\"It Flinkeboskje en de Flinkefarm\" \/>\n<meta property=\"article:modified_time\" content=\"2025-04-17T07:37:11+00:00\" \/>\n<meta name=\"twitter:label1\" content=\"Gesch\u00e4tzte Lesezeit\" \/>\n\t<meta name=\"twitter:data1\" content=\"1\u00a0Minute\" \/>\n<script type=\"application\/ld+json\" class=\"yoast-schema-graph\">{\"@context\":\"https:\/\/schema.org\",\"@graph\":[{\"@type\":\"WebPage\",\"@id\":\"https:\/\/itflinkeboskje.nl\/de\/veranstaltungskalender\/\",\"url\":\"https:\/\/itflinkeboskje.nl\/de\/veranstaltungskalender\/\",\"name\":\"\u00dcberblick \u00fcber das Programm und die Veranstaltungen auf der Flinkefarm\",\"isPartOf\":{\"@id\":\"https:\/\/itflinkeboskje.nl\/de\/#website\"},\"datePublished\":\"2015-04-13T14:30:17+00:00\",\"dateModified\":\"2025-04-17T07:37:11+00:00\",\"description\":\"\u00dcbersicht der Termine mit Veranstaltungen auf der Flinkefarm. Regionalm\u00e4rkte, Kofferraumm\u00e4rkte, Feste und Flinke Favorieten. Wann finden sie in Hemelum, Friesland? Alles M\u00f6glichkeiten f\u00fcr einen unterhaltsamen Ausflug. Ein Tag mit Familie und Freunden. St\u00f6bern Sie zum Beispiel auf dem Kofferraummarkt. Auch am Tag eines Regionalmarktes gibt es viel zu tun. Lokales Essen probieren und Musik im Gras h\u00f6ren\",\"breadcrumb\":{\"@id\":\"https:\/\/itflinkeboskje.nl\/de\/veranstaltungskalender\/#breadcrumb\"},\"inLanguage\":\"de\",\"potentialAction\":[{\"@type\":\"ReadAction\",\"target\":[\"https:\/\/itflinkeboskje.nl\/de\/veranstaltungskalender\/\"]}]},{\"@type\":\"BreadcrumbList\",\"@id\":\"https:\/\/itflinkeboskje.nl\/de\/veranstaltungskalender\/#breadcrumb\",\"itemListElement\":[{\"@type\":\"ListItem\",\"position\":1,\"name\":\"Home\",\"item\":\"https:\/\/itflinkeboskje.nl\/de\/\"},{\"@type\":\"ListItem\",\"position\":2,\"name\":\"Veranstaltungskalender\"}]},{\"@type\":\"WebSite\",\"@id\":\"https:\/\/itflinkeboskje.nl\/de\/#website\",\"url\":\"https:\/\/itflinkeboskje.nl\/de\/\",\"name\":\"It Flinkeboskje en de Flinkefarm\",\"description\":\"Luxe groepsaccommodatie en vakantieboerderij it Flinkeboskje, vakantiewoning het Voorhuis en de Flinkefarm\",\"potentialAction\":[{\"@type\":\"SearchAction\",\"target\":{\"@type\":\"EntryPoint\",\"urlTemplate\":\"https:\/\/itflinkeboskje.nl\/de\/?s={search_term_string}\"},\"query-input\":{\"@type\":\"PropertyValueSpecification\",\"valueRequired\":true,\"valueName\":\"search_term_string\"}}],\"inLanguage\":\"de\"}]}<\/script>\n<!-- \/ Yoast SEO plugin. -->","yoast_head_json":{"title":"\u00dcberblick \u00fcber das Programm und die Veranstaltungen auf der Flinkefarm","description":"\u00dcbersicht der Termine mit Veranstaltungen auf der Flinkefarm. Regionalm\u00e4rkte, Kofferraumm\u00e4rkte, Feste und Flinke Favorieten. Wann finden sie in Hemelum, Friesland? Alles M\u00f6glichkeiten f\u00fcr einen unterhaltsamen Ausflug. Ein Tag mit Familie und Freunden. St\u00f6bern Sie zum Beispiel auf dem Kofferraummarkt. Auch am Tag eines Regionalmarktes gibt es viel zu tun. Lokales Essen probieren und Musik im Gras h\u00f6ren","robots":{"index":"index","follow":"follow","max-snippet":"max-snippet:-1","max-image-preview":"max-image-preview:large","max-video-preview":"max-video-preview:-1"},"canonical":"https:\/\/itflinkeboskje.nl\/de\/veranstaltungskalender\/","og_locale":"de_DE","og_type":"article","og_title":"\u00dcberblick \u00fcber das Programm und die Veranstaltungen auf der Flinkefarm","og_description":"\u00dcbersicht der Termine mit Veranstaltungen auf der Flinkefarm. Regionalm\u00e4rkte, Kofferraumm\u00e4rkte, Feste und Flinke Favorieten. Wann finden sie in Hemelum, Friesland? Alles M\u00f6glichkeiten f\u00fcr einen unterhaltsamen Ausflug. Ein Tag mit Familie und Freunden. St\u00f6bern Sie zum Beispiel auf dem Kofferraummarkt. Auch am Tag eines Regionalmarktes gibt es viel zu tun. Lokales Essen probieren und Musik im Gras h\u00f6ren","og_url":"https:\/\/itflinkeboskje.nl\/de\/veranstaltungskalender\/","og_site_name":"It Flinkeboskje en de Flinkefarm","article_modified_time":"2025-04-17T07:37:11+00:00","twitter_misc":{"Gesch\u00e4tzte Lesezeit":"1\u00a0Minute"},"schema":{"@context":"https:\/\/schema.org","@graph":[{"@type":"WebPage","@id":"https:\/\/itflinkeboskje.nl\/de\/veranstaltungskalender\/","url":"https:\/\/itflinkeboskje.nl\/de\/veranstaltungskalender\/","name":"\u00dcberblick \u00fcber das Programm und die Veranstaltungen auf der Flinkefarm","isPartOf":{"@id":"https:\/\/itflinkeboskje.nl\/de\/#website"},"datePublished":"2015-04-13T14:30:17+00:00","dateModified":"2025-04-17T07:37:11+00:00","description":"\u00dcbersicht der Termine mit Veranstaltungen auf der Flinkefarm. Regionalm\u00e4rkte, Kofferraumm\u00e4rkte, Feste und Flinke Favorieten. Wann finden sie in Hemelum, Friesland? Alles M\u00f6glichkeiten f\u00fcr einen unterhaltsamen Ausflug. Ein Tag mit Familie und Freunden. St\u00f6bern Sie zum Beispiel auf dem Kofferraummarkt. Auch am Tag eines Regionalmarktes gibt es viel zu tun. Lokales Essen probieren und Musik im Gras h\u00f6ren","breadcrumb":{"@id":"https:\/\/itflinkeboskje.nl\/de\/veranstaltungskalender\/#breadcrumb"},"inLanguage":"de","potentialAction":[{"@type":"ReadAction","target":["https:\/\/itflinkeboskje.nl\/de\/veranstaltungskalender\/"]}]},{"@type":"BreadcrumbList","@id":"https:\/\/itflinkeboskje.nl\/de\/veranstaltungskalender\/#breadcrumb","itemListElement":[{"@type":"ListItem","position":1,"name":"Home","item":"https:\/\/itflinkeboskje.nl\/de\/"},{"@type":"ListItem","position":2,"name":"Veranstaltungskalender"}]},{"@type":"WebSite","@id":"https:\/\/itflinkeboskje.nl\/de\/#website","url":"https:\/\/itflinkeboskje.nl\/de\/","name":"It Flinkeboskje en de Flinkefarm","description":"Luxe groepsaccommodatie en vakantieboerderij it Flinkeboskje, vakantiewoning het Voorhuis en de Flinkefarm","potentialAction":[{"@type":"SearchAction","target":{"@type":"EntryPoint","urlTemplate":"https:\/\/itflinkeboskje.nl\/de\/?s={search_term_string}"},"query-input":{"@type":"PropertyValueSpecification","valueRequired":true,"valueName":"search_term_string"}}],"inLanguage":"de"}]}},"_links":{"self":[{"href":"https:\/\/itflinkeboskje.nl\/de\/wp-json\/wp\/v2\/pages\/58049","targetHints":{"allow":["GET"]}}],"collection":[{"href":"https:\/\/itflinkeboskje.nl\/de\/wp-json\/wp\/v2\/pages"}],"about":[{"href":"https:\/\/itflinkeboskje.nl\/de\/wp-json\/wp\/v2\/types\/page"}],"author":[{"embeddable":true,"href":"https:\/\/itflinkeboskje.nl\/de\/wp-json\/wp\/v2\/users\/2"}],"replies":[{"embeddable":true,"href":"https:\/\/itflinkeboskje.nl\/de\/wp-json\/wp\/v2\/comments?post=58049"}],"version-history":[{"count":14,"href":"https:\/\/itflinkeboskje.nl\/de\/wp-json\/wp\/v2\/pages\/58049\/revisions"}],"predecessor-version":[{"id":58531,"href":"https:\/\/itflinkeboskje.nl\/de\/wp-json\/wp\/v2\/pages\/58049\/revisions\/58531"}],"wp:attachment":[{"href":"https:\/\/itflinkeboskje.nl\/de\/wp-json\/wp\/v2\/media?parent=58049"}],"curies":[{"name":"wp","href":"https:\/\/api.w.org\/{rel}","templated":true}]}}