{"id":58035,"date":"2015-02-22T11:41:28","date_gmt":"2015-02-22T10:41:28","guid":{"rendered":"https:\/\/itflinkeboskje.nl\/ferienhaus-het-voorhuis\/"},"modified":"2025-03-21T12:45:46","modified_gmt":"2025-03-21T11:45:46","slug":"ferienhaus-het-voorhuis","status":"publish","type":"page","link":"https:\/\/itflinkeboskje.nl\/de\/ferienhaus-het-voorhuis\/","title":{"rendered":"Ferienhaus Het Voorhuis"},"content":{"rendered":"<p>[vc_row row_type=&#8220;row&#8220; use_row_as_full_screen_section=&#8220;no&#8220; type=&#8220;full_width&#8220; oblique_section=&#8220;no&#8220; text_align=&#8220;left&#8220; css_animation=&#8220;&#8220;][vc_column][vc_gallery interval=&#8220;5&#8243; images=&#8220;57235&#8243; img_size=&#8220;1920&#215;590&#8243; onclick=&#8220;&#8220; disable_navigation_arrows=&#8220;yes&#8220;][\/vc_column][vc_column][\/vc_column][\/vc_row][vc_row row_type=&#8220;row&#8220; use_row_as_full_screen_section=&#8220;no&#8220; type=&#8220;full_width&#8220; oblique_section=&#8220;no&#8220; text_align=&#8220;left&#8220; css_animation=&#8220;&#8220;][vc_column width=&#8220;1\/4&#8243;][vc_empty_space height=&#8220;15px&#8220; image_repeat=&#8220;no-repeat&#8220;][vc_column_text]<\/p>\n<h2 style=\"text-align: right;\">HET VOORHUIS<\/h2>\n<p>[\/vc_column_text][vc_empty_space height=&#8220;5px&#8220; image_repeat=&#8220;no-repeat&#8220;][vc_column_text]<\/p>\n<p style=\"text-align: justify;\">Dieses helle, ger\u00e4umige und luxuri\u00f6s eingerichtete Ferienhaus verf\u00fcgt \u00fcber drei Schlafzimmer und zwei B\u00e4der; ideal f\u00fcr eine Familie, befreundete Paare oder eine Gruppe von Freunden. Die voll ausgestattete K\u00fcche l\u00e4dt zum Kochen und anschlie\u00dfendem gemeinsamen Essen ein. Der gro\u00dfe Garten mit Obstb\u00e4umen ist ein toller Ort f\u00fcr Kinder zum Spielen. Die private Terrasse verf\u00fcgt \u00fcber einen Kaminofen und Sie k\u00f6nnen bis sp\u00e4t in die Nacht drau\u00dfen sitzen. Die Lage in der s\u00fcdwestlichen Ecke Frieslands ist umgeben von den W\u00e4ldern des Gaasterlandes, den friesischen Seen und authentischen Elfsteden-St\u00e4dten wie Sloten und Hindeloopen. Erkunden Sie die Landschaft mit dem Boot oder dem Fahrrad oder machen Sie ein Picknick auf der Wiese: alle Zutaten f\u00fcr einen unvergesslichen Urlaub sind hier vorhanden.     <\/p>\n<p>[\/vc_column_text][vc_empty_space height=&#8220;15px&#8220; image_repeat=&#8220;no-repeat&#8220;][vc_column_text]<\/p>\n<p style=\"text-align: right;\"><a class=\"qbutton small white icon_right\" href=\"\/logeren\/it-flinkeboskje\/\" target=\"_self\" rel=\"noopener\">Gr\u00f6\u00dfere Gruppen?  &gt;<\/a><\/p>\n<p>[\/vc_column_text][vc_empty_space height=&#8220;15px&#8220; image_repeat=&#8220;no-repeat&#8220;][\/vc_column][vc_column width=&#8220;1\/4&#8243;][vc_empty_space height=&#8220;15px&#8220; image_repeat=&#8220;no-repeat&#8220;][vc_gallery type=&#8220;flexslider_slide&#8220; interval=&#8220;0&#8243; images=&#8220;57175,57173,57171,57169,57101&#8243; img_size=&#8220;large&#8220; onclick=&#8220;&#8220; show_navigation_controls=&#8220;yes&#8220;][\/vc_column][vc_column width=&#8220;1\/4&#8243;][vc_empty_space height=&#8220;15px&#8220; image_repeat=&#8220;no-repeat&#8220;][vc_column_text]<\/p>\n<h4 style=\"text-align: right;\">Preise<\/h4>\n<p>[\/vc_column_text][vc_empty_space height=&#8220;5px&#8220; image_repeat=&#8220;no-repeat&#8220;][vc_column_text]<\/p>\n<table style=\"font-size: 8pt;\">\n<tbody>\n<tr>\n<td>\n<p style=\"text-align: right;\"><span style=\"font-family: Georgia, Palatino;\"> <\/span><\/p>\n<\/td>\n<td style=\"text-align: right;\"><span style=\"font-family: Georgia, Palatino;\">  Woche  <\/span><\/td>\n<td style=\"text-align: right;\"><span style=\"font-family: Georgia, Palatino;\">  Wochenende 3 N\u00e4chte<\/span><\/td>\n<\/tr>\n<tr>\n<td>\n<p style=\"text-align: left; font-size: 8pt;\"><span style=\"font-family: Georgia, Palatino;\">f\u00fcr 4-5 Personen <\/span><\/p>\n<\/td>\n<td style=\"text-align: right;\"><span style=\"font-size: 8pt; font-family: Georgia, Palatino;\">1150,00<\/span><\/td>\n<td style=\"text-align: right;\"><span style=\"font-size: 8pt;\"><span style=\"font-family: Georgia, Palatino;\">650,00<\/span> <\/span><\/td>\n<\/tr>\n<tr>\n<td><\/td>\n<td style=\"text-align: right;\"><\/td>\n<td style=\"text-align: right;\"><span style=\"font-family: Georgia, Palatino;\"> <\/span><\/td>\n<\/tr>\n<tr>\n<td>\n<p style=\"text-align: left; font-size: 8pt;\"><span style=\"font-family: Georgia, Palatino;\">weitere Person  <\/span><\/p>\n<\/td>\n<td style=\"text-align: right;\"><span style=\"font-family: Georgia, Palatino;\">25,00<\/span><\/td>\n<td style=\"text-align: right;\"><span style=\"font-family: Georgia, Palatino;\">pro Nacht<\/span><\/td>\n<\/tr>\n<tr>\n<td>\n<p style=\"text-align: left; font-size: 8pt;\"><span style=\"font-family: Georgia, Palatino;\">Zusatznacht<\/span><\/p>\n<\/td>\n<td style=\"text-align: right;\"><span style=\"font-family: Georgia, Palatino;\">25,00<\/span><\/td>\n<td style=\"text-align: right;\"><span style=\"font-family: Georgia, Palatino;\">pro Person<\/span><\/td>\n<\/tr>\n<tr>\n<td>\n<p style=\"text-align: left; font-size: 8pt;\"><span style=\"font-family: Georgia, Palatino;\">Kinder &lt;4 Jahre<\/span><\/p>\n<\/td>\n<td style=\"text-align: right;\"><span style=\"font-family: Georgia, Palatino;\">kostenlos<\/span><\/td>\n<td style=\"text-align: right;\"><\/td>\n<\/tr>\n<tr>\n<td>\n<p style=\"text-align: left; font-size: 8pt;\">\n<\/td>\n<td style=\"text-align: right;\"><\/td>\n<td style=\"text-align: right;\"><\/td>\n<\/tr>\n<\/tbody>\n<\/table>\n<p>[\/vc_column_text][vc_empty_space height=&#8220;15px&#8220; image_repeat=&#8220;no-repeat&#8220;][\/vc_column][vc_column width=&#8220;1\/4&#8243;][vc_empty_space height=&#8220;17px&#8220; image_repeat=&#8220;no-repeat&#8220;][vc_column_text]<\/p>\n<p>[wpsbc id=&#8220;2&#8243; title=&#8220;keine&#8220; legend=&#8220;yes&#8220; dropdown=&#8220;yes&#8220; start=&#8220;1&#8243; display=&#8220;1&#8243; language=&#8220;auto&#8220; month=&#8220;0&#8243; year=&#8220;0&#8243; history=&#8220;3  \/&gt;  &lt;\/div&gt;&#8220;]<\/p>\n<p>[\/vc_column_text][vc_column_text]<\/p>\n<p style=\"text-align: justify;\"><span style=\"font-size: 8pt;\">Preise inkl. bezogene Betten, Handt\u00fccher und K\u00fcchenw\u00e4sche. Exkl. 95 \u20ac Endreinigung und Kurtaxe. Check-in ab 16:00 Uhr und Check-out in Absprache. Haustiere sind nicht erlaubt. K\u00fcche: Backofen, Mikrowelle, Geschirrsp\u00fcler, Waschmaschine und Nespressomaschine verf\u00fcgbar. Aufpreis w\u00e4hrend der Schulferien, Ostern, Pfingsten, Himmelfahrt, Weihnachten und Neujahr. Alle Betr\u00e4ge in EURO \u20ac.        <\/span><\/p>\n<p>[\/vc_column_text][vc_empty_space height=&#8220;15px&#8220; image_repeat=&#8220;no-repeat&#8220;][\/vc_column][\/vc_row][vc_row row_type=&#8220;row&#8220; use_row_as_full_screen_section=&#8220;no&#8220; type=&#8220;full_width&#8220; oblique_section=&#8220;no&#8220; text_align=&#8220;left&#8220; css_animation=&#8220;&#8220;][vc_column width=&#8220;1\/3&#8243;][vc_gallery interval=&#8220;5&#8243; images=&#8220;57439&#8243; img_size=&#8220;1920&#215;590&#8243; onclick=&#8220;img_link_large&#8220; disable_navigation_arrows=&#8220;yes&#8220;][\/vc_column][vc_column width=&#8220;1\/3&#8243;][vc_gallery interval=&#8220;5&#8243; images=&#8220;57443&#8243; img_size=&#8220;1920&#215;590&#8243; onclick=&#8220;img_link_large&#8220; disable_navigation_arrows=&#8220;yes&#8220;][\/vc_column][vc_column width=&#8220;1\/3&#8243;][vc_gallery interval=&#8220;5&#8243; images=&#8220;57441&#8243; img_size=&#8220;1920&#215;590&#8243; onclick=&#8220;img_link_large&#8220; disable_navigation_arrows=&#8220;yes&#8220;][\/vc_column][\/vc_row]<\/p>\n","protected":false},"excerpt":{"rendered":"<p>[vc_row row_type=&#8220;row&#8220; use_row_as_full_screen_section=&#8220;no&#8220; type=&#8220;full_width&#8220; oblique_section=&#8220;no&#8220; text_align=&#8220;left&#8220; css_animation=&#8220;&#8220;][vc_column][vc_gallery interval=&#8220;5&#8243; images=&#8220;57235&#8243; img_size=&#8220;1920&#215;590&#8243; onclick=&#8220;&#8220; disable_navigation_arrows=&#8220;yes&#8220;][\/vc_column][vc_column][\/vc_column][\/vc_row][vc_row row_type=&#8220;row&#8220; use_row_as_full_screen_section=&#8220;no&#8220; type=&#8220;full_width&#8220; oblique_section=&#8220;no&#8220; text_align=&#8220;left&#8220; css_animation=&#8220;&#8220;][vc_column width=&#8220;1\/4&#8243;][vc_empty_space height=&#8220;15px&#8220; image_repeat=&#8220;no-repeat&#8220;][vc_column_text] HET VOORHUIS [\/vc_column_text][vc_empty_space height=&#8220;5px&#8220; image_repeat=&#8220;no-repeat&#8220;][vc_column_text] Dieses helle, ger\u00e4umige und luxuri\u00f6s eingerichtete Ferienhaus verf\u00fcgt \u00fcber&#8230;<\/p>\n","protected":false},"author":2,"featured_media":0,"parent":0,"menu_order":0,"comment_status":"closed","ping_status":"closed","template":"","meta":{"footnotes":""},"class_list":["post-58035","page","type-page","status-publish","hentry"],"yoast_head":"<!-- This site is optimized with the Yoast SEO plugin v27.1.1 - https:\/\/yoast.com\/product\/yoast-seo-wordpress\/ -->\n<title>Ferienhaus Het Voorhuis<\/title>\n<meta name=\"description\" content=\"Het Voorhuis ist ein luxuri\u00f6ses Ferienhaus in Hemelum, S\u00fcdwestfriesland. Diese Unterkunft ist f\u00fcr max. 6 Personen geeignet und liegt in einem Gebiet mit Wald und Wasser.\" \/>\n<meta name=\"robots\" content=\"index, follow, max-snippet:-1, max-image-preview:large, max-video-preview:-1\" \/>\n<link rel=\"canonical\" href=\"https:\/\/itflinkeboskje.nl\/de\/ferienhaus-het-voorhuis\/\" \/>\n<meta property=\"og:locale\" content=\"de_DE\" \/>\n<meta property=\"og:type\" content=\"article\" \/>\n<meta property=\"og:title\" content=\"Ferienhaus Het Voorhuis\" \/>\n<meta property=\"og:description\" content=\"Het Voorhuis ist ein luxuri\u00f6ses Ferienhaus in Hemelum, S\u00fcdwestfriesland. Diese Unterkunft ist f\u00fcr max. 6 Personen geeignet und liegt in einem Gebiet mit Wald und Wasser.\" \/>\n<meta property=\"og:url\" content=\"https:\/\/itflinkeboskje.nl\/de\/ferienhaus-het-voorhuis\/\" \/>\n<meta property=\"og:site_name\" content=\"It Flinkeboskje en de Flinkefarm\" \/>\n<meta property=\"article:modified_time\" content=\"2025-03-21T11:45:46+00:00\" \/>\n<meta name=\"twitter:label1\" content=\"Gesch\u00e4tzte Lesezeit\" \/>\n\t<meta name=\"twitter:data1\" content=\"3\u00a0Minuten\" \/>\n<script type=\"application\/ld+json\" class=\"yoast-schema-graph\">{\"@context\":\"https:\/\/schema.org\",\"@graph\":[{\"@type\":\"WebPage\",\"@id\":\"https:\/\/itflinkeboskje.nl\/de\/ferienhaus-het-voorhuis\/\",\"url\":\"https:\/\/itflinkeboskje.nl\/de\/ferienhaus-het-voorhuis\/\",\"name\":\"Ferienhaus Het Voorhuis\",\"isPartOf\":{\"@id\":\"https:\/\/itflinkeboskje.nl\/de\/#website\"},\"datePublished\":\"2015-02-22T10:41:28+00:00\",\"dateModified\":\"2025-03-21T11:45:46+00:00\",\"description\":\"Het Voorhuis ist ein luxuri\u00f6ses Ferienhaus in Hemelum, S\u00fcdwestfriesland. Diese Unterkunft ist f\u00fcr max. 6 Personen geeignet und liegt in einem Gebiet mit Wald und Wasser.\",\"breadcrumb\":{\"@id\":\"https:\/\/itflinkeboskje.nl\/de\/ferienhaus-het-voorhuis\/#breadcrumb\"},\"inLanguage\":\"de\",\"potentialAction\":[{\"@type\":\"ReadAction\",\"target\":[\"https:\/\/itflinkeboskje.nl\/de\/ferienhaus-het-voorhuis\/\"]}]},{\"@type\":\"BreadcrumbList\",\"@id\":\"https:\/\/itflinkeboskje.nl\/de\/ferienhaus-het-voorhuis\/#breadcrumb\",\"itemListElement\":[{\"@type\":\"ListItem\",\"position\":1,\"name\":\"Home\",\"item\":\"https:\/\/itflinkeboskje.nl\/de\/\"},{\"@type\":\"ListItem\",\"position\":2,\"name\":\"Ferienhaus Het Voorhuis\"}]},{\"@type\":\"WebSite\",\"@id\":\"https:\/\/itflinkeboskje.nl\/de\/#website\",\"url\":\"https:\/\/itflinkeboskje.nl\/de\/\",\"name\":\"It Flinkeboskje en de Flinkefarm\",\"description\":\"Luxe groepsaccommodatie en vakantieboerderij it Flinkeboskje, vakantiewoning het Voorhuis en de Flinkefarm\",\"potentialAction\":[{\"@type\":\"SearchAction\",\"target\":{\"@type\":\"EntryPoint\",\"urlTemplate\":\"https:\/\/itflinkeboskje.nl\/de\/?s={search_term_string}\"},\"query-input\":{\"@type\":\"PropertyValueSpecification\",\"valueRequired\":true,\"valueName\":\"search_term_string\"}}],\"inLanguage\":\"de\"}]}<\/script>\n<!-- \/ Yoast SEO plugin. -->","yoast_head_json":{"title":"Ferienhaus Het Voorhuis","description":"Het Voorhuis ist ein luxuri\u00f6ses Ferienhaus in Hemelum, S\u00fcdwestfriesland. Diese Unterkunft ist f\u00fcr max. 6 Personen geeignet und liegt in einem Gebiet mit Wald und Wasser.","robots":{"index":"index","follow":"follow","max-snippet":"max-snippet:-1","max-image-preview":"max-image-preview:large","max-video-preview":"max-video-preview:-1"},"canonical":"https:\/\/itflinkeboskje.nl\/de\/ferienhaus-het-voorhuis\/","og_locale":"de_DE","og_type":"article","og_title":"Ferienhaus Het Voorhuis","og_description":"Het Voorhuis ist ein luxuri\u00f6ses Ferienhaus in Hemelum, S\u00fcdwestfriesland. Diese Unterkunft ist f\u00fcr max. 6 Personen geeignet und liegt in einem Gebiet mit Wald und Wasser.","og_url":"https:\/\/itflinkeboskje.nl\/de\/ferienhaus-het-voorhuis\/","og_site_name":"It Flinkeboskje en de Flinkefarm","article_modified_time":"2025-03-21T11:45:46+00:00","twitter_misc":{"Gesch\u00e4tzte Lesezeit":"3\u00a0Minuten"},"schema":{"@context":"https:\/\/schema.org","@graph":[{"@type":"WebPage","@id":"https:\/\/itflinkeboskje.nl\/de\/ferienhaus-het-voorhuis\/","url":"https:\/\/itflinkeboskje.nl\/de\/ferienhaus-het-voorhuis\/","name":"Ferienhaus Het Voorhuis","isPartOf":{"@id":"https:\/\/itflinkeboskje.nl\/de\/#website"},"datePublished":"2015-02-22T10:41:28+00:00","dateModified":"2025-03-21T11:45:46+00:00","description":"Het Voorhuis ist ein luxuri\u00f6ses Ferienhaus in Hemelum, S\u00fcdwestfriesland. Diese Unterkunft ist f\u00fcr max. 6 Personen geeignet und liegt in einem Gebiet mit Wald und Wasser.","breadcrumb":{"@id":"https:\/\/itflinkeboskje.nl\/de\/ferienhaus-het-voorhuis\/#breadcrumb"},"inLanguage":"de","potentialAction":[{"@type":"ReadAction","target":["https:\/\/itflinkeboskje.nl\/de\/ferienhaus-het-voorhuis\/"]}]},{"@type":"BreadcrumbList","@id":"https:\/\/itflinkeboskje.nl\/de\/ferienhaus-het-voorhuis\/#breadcrumb","itemListElement":[{"@type":"ListItem","position":1,"name":"Home","item":"https:\/\/itflinkeboskje.nl\/de\/"},{"@type":"ListItem","position":2,"name":"Ferienhaus Het Voorhuis"}]},{"@type":"WebSite","@id":"https:\/\/itflinkeboskje.nl\/de\/#website","url":"https:\/\/itflinkeboskje.nl\/de\/","name":"It Flinkeboskje en de Flinkefarm","description":"Luxe groepsaccommodatie en vakantieboerderij it Flinkeboskje, vakantiewoning het Voorhuis en de Flinkefarm","potentialAction":[{"@type":"SearchAction","target":{"@type":"EntryPoint","urlTemplate":"https:\/\/itflinkeboskje.nl\/de\/?s={search_term_string}"},"query-input":{"@type":"PropertyValueSpecification","valueRequired":true,"valueName":"search_term_string"}}],"inLanguage":"de"}]}},"_links":{"self":[{"href":"https:\/\/itflinkeboskje.nl\/de\/wp-json\/wp\/v2\/pages\/58035","targetHints":{"allow":["GET"]}}],"collection":[{"href":"https:\/\/itflinkeboskje.nl\/de\/wp-json\/wp\/v2\/pages"}],"about":[{"href":"https:\/\/itflinkeboskje.nl\/de\/wp-json\/wp\/v2\/types\/page"}],"author":[{"embeddable":true,"href":"https:\/\/itflinkeboskje.nl\/de\/wp-json\/wp\/v2\/users\/2"}],"replies":[{"embeddable":true,"href":"https:\/\/itflinkeboskje.nl\/de\/wp-json\/wp\/v2\/comments?post=58035"}],"version-history":[{"count":7,"href":"https:\/\/itflinkeboskje.nl\/de\/wp-json\/wp\/v2\/pages\/58035\/revisions"}],"predecessor-version":[{"id":58401,"href":"https:\/\/itflinkeboskje.nl\/de\/wp-json\/wp\/v2\/pages\/58035\/revisions\/58401"}],"wp:attachment":[{"href":"https:\/\/itflinkeboskje.nl\/de\/wp-json\/wp\/v2\/media?parent=58035"}],"curies":[{"name":"wp","href":"https:\/\/api.w.org\/{rel}","templated":true}]}}