{"id":58027,"date":"2015-02-22T10:07:37","date_gmt":"2015-02-22T09:07:37","guid":{"rendered":"https:\/\/itflinkeboskje.nl\/die-umwelt\/"},"modified":"2025-04-16T14:14:47","modified_gmt":"2025-04-16T12:14:47","slug":"die-umwelt","status":"publish","type":"page","link":"https:\/\/itflinkeboskje.nl\/de\/die-umwelt\/","title":{"rendered":"Die Umgebung"},"content":{"rendered":"<p>[vc_row row_type=&#8220;row&#8220; use_row_as_full_screen_section=&#8220;yes&#8220; type=&#8220;full_width&#8220; oblique_section=&#8220;no&#8220; text_align=&#8220;left&#8220; css_animation=&#8220;&#8220;][vc_column width=&#8220;1\/4&#8243;][vc_empty_space height=&#8220;15px&#8220; image_repeat=&#8220;no-repeat&#8220;][vc_column_text]<\/p>\n<h2 style=\"text-align: right;\">AKTIV<\/h2>\n<p>[\/vc_column_text][vc_empty_space height=&#8220;5px&#8220; image_repeat=&#8220;no-repeat&#8220;][vc_column_text]<\/p>\n<p style=\"text-align: justify;\">\u00fcIt Flinkeboskje und die Flinkefarm befinden sich in Hemelum im S\u00fcdwesten Frieslands. Hemelum liegt zwischen zwei friesischen Seen, dem Fluessen und der Morra. Eine wundersch\u00f6ne Umgebung f\u00fcr Aktivit\u00e4ten oder zum Entspannen.  <\/p>\n<p>[\/vc_column_text][vc_empty_space height=&#8220;15px&#8220; image_repeat=&#8220;no-repeat&#8220;][vc_gallery interval=&#8220;0&#8243; images=&#8220;57231&#8243; img_size=&#8220;large&#8220; onclick=&#8220;&#8220; disable_navigation_arrows=&#8220;yes&#8220;][vc_empty_space height=&#8220;15px&#8220; image_repeat=&#8220;no-repeat&#8220;][vc_column_text]<\/p>\n<p style=\"text-align: justify;\">In der N\u00e4he k\u00f6nnen Sie Fahrr\u00e4der, Boote, Dafs und Solexe mieten. In Hemelum k\u00f6nnen Sie bei der Segelschule de Morra ein Boot mieten, um die friesischen Seen zu erkunden und einen sch\u00f6nen Tag auf dem Wasser zu verbringen. In den nahe gelegenen W\u00e4ldern und entlang der Ijsselmeerk\u00fcste gibt es mehrere sch\u00f6ne Wander- und Fahrradrouten. 5 km entfernt liegt der 9-Loch-Golfclub Gaasterland. Ein weiterer anspruchsvoller Platz in der N\u00e4he ist der 18-Loch-Burggolfplatz in St. Nicolaasga.     <\/p>\n<p>[\/vc_column_text][vc_empty_space height=&#8220;15px&#8220; image_repeat=&#8220;no-repeat&#8220;][vc_separator type=&#8220;normal&#8220; color=&#8220;rgba(0,0,0,0.2)&#8220;][\/vc_column][vc_column width=&#8220;1\/4&#8243;][vc_empty_space height=&#8220;15px&#8220; image_repeat=&#8220;no-repeat&#8220;][vc_column_text]<\/p>\n<h2 style=\"text-align: right;\">KULTUR<\/h2>\n<p>[\/vc_column_text][vc_empty_space height=&#8220;5px&#8220; image_repeat=&#8220;no-repeat&#8220;][vc_column_text]<\/p>\n<p style=\"text-align: justify;\">Elfsteden St\u00e4dte wie Hindeloopen, Workum, Sloten. Das Jopie Huisman Museum in Workum, das restaurierte Woudagemaal in Lemmer, das Skating Museum Hindeloopen. All das finden Sie in einem Umkreis von wenigen Fahrminuten um den Ferienhof it Flinkeboskje. Da das Voorhuis praktisch neben dem Flinkeboskje liegt, gilt dies auch f\u00fcr diesen Standort. Von diesem sch\u00f6nen Ort, an dem Sie sich treffen, feiern und \u00fcbernachten k\u00f6nnen, k\u00f6nnen Sie in jede Richtung gehen. Unsere luxuri\u00f6se Gruppenunterkunft wartet auf Sie wie ein treuer Hund nach einem Tag an der frischen Luft. Genie\u00dfen Sie dann eine k\u00f6stliche Mahlzeit am Holzofen!      <\/p>\n<p>[\/vc_column_text][vc_empty_space height=&#8220;15px&#8220; image_repeat=&#8220;no-repeat&#8220;][vc_gallery interval=&#8220;0&#8243; images=&#8220;57229&#8243; img_size=&#8220;large&#8220; onclick=&#8220;&#8220; disable_navigation_arrows=&#8220;yes&#8220;][vc_empty_space height=&#8220;15px&#8220; image_repeat=&#8220;no-repeat&#8220;][vc_separator type=&#8220;normal&#8220; color=&#8220;rgba(0,0,0,0.2)&#8220;][\/vc_column][vc_column width=&#8220;1\/4&#8243;][vc_empty_space height=&#8220;15px&#8220; image_repeat=&#8220;no-repeat&#8220;][vc_column_text]<\/p>\n<h2 style=\"text-align: right;\">KULINARISCH<\/h2>\n<p>[\/vc_column_text][vc_empty_space height=&#8220;5px&#8220; image_repeat=&#8220;no-repeat&#8220;][vc_column_text]<\/p>\n<p style=\"text-align: justify;\">Leckeres Essen? Wir haben sehr gute Hausk\u00f6che in unserem Netzwerk. So k\u00f6nnen wir auf Ihre Bed\u00fcrfnisse eingehen. Sagen Sie uns, was Sie w\u00fcnschen, und wir k\u00fcmmern uns darum.   <\/p>\n<p>[\/vc_column_text][vc_empty_space height=&#8220;15px&#8220; image_repeat=&#8220;no-repeat&#8220;][vc_gallery interval=&#8220;0&#8243; images=&#8220;57221&#8243; img_size=&#8220;large&#8220; onclick=&#8220;&#8220; disable_navigation_arrows=&#8220;yes&#8220;][vc_empty_space height=&#8220;15px&#8220; image_repeat=&#8220;no-repeat&#8220;][vc_column_text]<\/p>\n<p style=\"text-align: justify;\">Brauchen Sie kulinarische Tipps in der Region?<\/p>\n<p style=\"text-align: justify;\">Fragen Sie uns!<\/p>\n<p>[\/vc_column_text][vc_empty_space height=&#8220;15px&#8220; image_repeat=&#8220;no-repeat&#8220;][vc_separator type=&#8220;normal&#8220; color=&#8220;rgba(0,0,0,0.2)&#8220;][\/vc_column][vc_column width=&#8220;1\/4&#8243;][vc_empty_space height=&#8220;15px&#8220; image_repeat=&#8220;no-repeat&#8220;][vc_column_text]<\/p>\n<h2 style=\"text-align: right;\">KIDS<\/h2>\n<p>[\/vc_column_text][vc_empty_space height=&#8220;5px&#8220; image_repeat=&#8220;no-repeat&#8220;][vc_column_text]<\/p>\n<p style=\"text-align: justify;\">F\u00fcr Familien mit Kindern gibt es viele M\u00f6glichkeiten: den Wichtelpfad im Rijsterwald, das Besucherzentrum Mar &amp; klif in Oudemirdum oder Schwimmen im IJsselmeer oder im Schwimmbad in der N\u00e4he (2 km). Auf unserem Bauernhof finden Sie Fu\u00dfball, Volleyball und andere Spiele im Freien. Und nat\u00fcrlich laufen Sie einfach durch den Garten.  <\/p>\n<p>[\/vc_column_text][vc_empty_space height=&#8220;15px&#8220; image_repeat=&#8220;no-repeat&#8220;][vc_gallery interval=&#8220;0&#8243; images=&#8220;57223&#8243; img_size=&#8220;large&#8220; onclick=&#8220;&#8220; disable_navigation_arrows=&#8220;yes&#8220;][vc_empty_space height=&#8220;15px&#8220; image_repeat=&#8220;no-repeat&#8220;][vc_column_text]<\/p>\n<p style=\"text-align: justify;\">Das IJsselmeer ist ganz in der N\u00e4he und eignet sich hervorragend zum Schwimmen und Surfen. Es gibt gro\u00dfe Abschnitte, wo das Wasser seicht ist und daher ideal f\u00fcr Kinder. Genie\u00dfen Sie eine Radtour mit Ihren Kindern durch die W\u00e4lder und Wiesen? Sie vergessen f\u00fcr einen Moment alles. Es gibt viele M\u00f6glichkeiten.    <\/p>\n<p>[\/vc_column_text][vc_empty_space height=&#8220;15px&#8220; image_repeat=&#8220;no-repeat&#8220;][vc_separator type=&#8220;normal&#8220; color=&#8220;rgba(0,0,0,0.2)&#8220;][\/vc_column][\/vc_row][vc_row row_type=&#8220;row&#8220; use_row_as_full_screen_section=&#8220;no&#8220; type=&#8220;full_width&#8220; oblique_section=&#8220;no&#8220; text_align=&#8220;left&#8220; css_animation=&#8220;&#8220;][vc_column][vc_column_text el_id=&#8220;https:\/\/www.waterlandvanfriesland.nl\/nl\/inspiratie&#8220;]<span style=\"font-size: 14pt;\"><span style=\"font-family: Webdings;\">i<\/span><\/span> Weitere Inspirationen finden Sie auch auf der Website des Waterland Magazine mit vielen tollen Tipps und Attraktionen in der Region.<\/p>\n<p><a href=\"https:\/\/www.waterlandvanfriesland.nl\/de\/inspiration\">https:\/\/www.waterlandvanfriesland.nl\/de\/inspiration<\/a>[\/vc_column_text][\/vc_column][\/vc_row]<\/p>\n","protected":false},"excerpt":{"rendered":"<p>[vc_row row_type=&#8220;row&#8220; use_row_as_full_screen_section=&#8220;yes&#8220; type=&#8220;full_width&#8220; oblique_section=&#8220;no&#8220; text_align=&#8220;left&#8220; css_animation=&#8220;&#8220;][vc_column width=&#8220;1\/4&#8243;][vc_empty_space height=&#8220;15px&#8220; image_repeat=&#8220;no-repeat&#8220;][vc_column_text] AKTIV [\/vc_column_text][vc_empty_space height=&#8220;5px&#8220; image_repeat=&#8220;no-repeat&#8220;][vc_column_text] \u00fcIt Flinkeboskje und die Flinkefarm befinden sich in Hemelum im S\u00fcdwesten Frieslands. Hemelum liegt zwischen zwei friesischen Seen, dem Fluessen und&#8230;<\/p>\n","protected":false},"author":2,"featured_media":0,"parent":0,"menu_order":0,"comment_status":"closed","ping_status":"closed","template":"","meta":{"footnotes":""},"class_list":["post-58027","page","type-page","status-publish","hentry"],"yoast_head":"<!-- This site is optimized with the Yoast SEO plugin v27.1.1 - https:\/\/yoast.com\/product\/yoast-seo-wordpress\/ -->\n<title>Die Umgebung der Flinkefarm, it Flinkeboskje und het Voorhuis<\/title>\n<meta name=\"description\" content=\"Der Ferienhof Flinkeboskje, das luxuri\u00f6se Ferienhaus Voorhuis und die Flinkefarm liegen im sch\u00f6nen Hemelum, S\u00fcdwestfriesland\" \/>\n<meta name=\"robots\" content=\"index, follow, max-snippet:-1, max-image-preview:large, max-video-preview:-1\" \/>\n<link rel=\"canonical\" href=\"https:\/\/itflinkeboskje.nl\/de\/die-umwelt\/\" \/>\n<meta property=\"og:locale\" content=\"de_DE\" \/>\n<meta property=\"og:type\" content=\"article\" \/>\n<meta property=\"og:title\" content=\"Die Umgebung der Flinkefarm, it Flinkeboskje und het Voorhuis\" \/>\n<meta property=\"og:description\" content=\"Der Ferienhof Flinkeboskje, das luxuri\u00f6se Ferienhaus Voorhuis und die Flinkefarm liegen im sch\u00f6nen Hemelum, S\u00fcdwestfriesland\" \/>\n<meta property=\"og:url\" content=\"https:\/\/itflinkeboskje.nl\/de\/die-umwelt\/\" \/>\n<meta property=\"og:site_name\" content=\"It Flinkeboskje en de Flinkefarm\" \/>\n<meta property=\"article:modified_time\" content=\"2025-04-16T12:14:47+00:00\" \/>\n<meta name=\"twitter:label1\" content=\"Gesch\u00e4tzte Lesezeit\" \/>\n\t<meta name=\"twitter:data1\" content=\"4\u00a0Minuten\" \/>\n<script type=\"application\/ld+json\" class=\"yoast-schema-graph\">{\"@context\":\"https:\/\/schema.org\",\"@graph\":[{\"@type\":\"WebPage\",\"@id\":\"https:\/\/itflinkeboskje.nl\/de\/die-umwelt\/\",\"url\":\"https:\/\/itflinkeboskje.nl\/de\/die-umwelt\/\",\"name\":\"Die Umgebung der Flinkefarm, it Flinkeboskje und het Voorhuis\",\"isPartOf\":{\"@id\":\"https:\/\/itflinkeboskje.nl\/de\/#website\"},\"datePublished\":\"2015-02-22T09:07:37+00:00\",\"dateModified\":\"2025-04-16T12:14:47+00:00\",\"description\":\"Der Ferienhof Flinkeboskje, das luxuri\u00f6se Ferienhaus Voorhuis und die Flinkefarm liegen im sch\u00f6nen Hemelum, S\u00fcdwestfriesland\",\"breadcrumb\":{\"@id\":\"https:\/\/itflinkeboskje.nl\/de\/die-umwelt\/#breadcrumb\"},\"inLanguage\":\"de\",\"potentialAction\":[{\"@type\":\"ReadAction\",\"target\":[\"https:\/\/itflinkeboskje.nl\/de\/die-umwelt\/\"]}]},{\"@type\":\"BreadcrumbList\",\"@id\":\"https:\/\/itflinkeboskje.nl\/de\/die-umwelt\/#breadcrumb\",\"itemListElement\":[{\"@type\":\"ListItem\",\"position\":1,\"name\":\"Home\",\"item\":\"https:\/\/itflinkeboskje.nl\/de\/\"},{\"@type\":\"ListItem\",\"position\":2,\"name\":\"Die Umgebung\"}]},{\"@type\":\"WebSite\",\"@id\":\"https:\/\/itflinkeboskje.nl\/de\/#website\",\"url\":\"https:\/\/itflinkeboskje.nl\/de\/\",\"name\":\"It Flinkeboskje en de Flinkefarm\",\"description\":\"Luxe groepsaccommodatie en vakantieboerderij it Flinkeboskje, vakantiewoning het Voorhuis en de Flinkefarm\",\"potentialAction\":[{\"@type\":\"SearchAction\",\"target\":{\"@type\":\"EntryPoint\",\"urlTemplate\":\"https:\/\/itflinkeboskje.nl\/de\/?s={search_term_string}\"},\"query-input\":{\"@type\":\"PropertyValueSpecification\",\"valueRequired\":true,\"valueName\":\"search_term_string\"}}],\"inLanguage\":\"de\"}]}<\/script>\n<!-- \/ Yoast SEO plugin. -->","yoast_head_json":{"title":"Die Umgebung der Flinkefarm, it Flinkeboskje und het Voorhuis","description":"Der Ferienhof Flinkeboskje, das luxuri\u00f6se Ferienhaus Voorhuis und die Flinkefarm liegen im sch\u00f6nen Hemelum, S\u00fcdwestfriesland","robots":{"index":"index","follow":"follow","max-snippet":"max-snippet:-1","max-image-preview":"max-image-preview:large","max-video-preview":"max-video-preview:-1"},"canonical":"https:\/\/itflinkeboskje.nl\/de\/die-umwelt\/","og_locale":"de_DE","og_type":"article","og_title":"Die Umgebung der Flinkefarm, it Flinkeboskje und het Voorhuis","og_description":"Der Ferienhof Flinkeboskje, das luxuri\u00f6se Ferienhaus Voorhuis und die Flinkefarm liegen im sch\u00f6nen Hemelum, S\u00fcdwestfriesland","og_url":"https:\/\/itflinkeboskje.nl\/de\/die-umwelt\/","og_site_name":"It Flinkeboskje en de Flinkefarm","article_modified_time":"2025-04-16T12:14:47+00:00","twitter_misc":{"Gesch\u00e4tzte Lesezeit":"4\u00a0Minuten"},"schema":{"@context":"https:\/\/schema.org","@graph":[{"@type":"WebPage","@id":"https:\/\/itflinkeboskje.nl\/de\/die-umwelt\/","url":"https:\/\/itflinkeboskje.nl\/de\/die-umwelt\/","name":"Die Umgebung der Flinkefarm, it Flinkeboskje und het Voorhuis","isPartOf":{"@id":"https:\/\/itflinkeboskje.nl\/de\/#website"},"datePublished":"2015-02-22T09:07:37+00:00","dateModified":"2025-04-16T12:14:47+00:00","description":"Der Ferienhof Flinkeboskje, das luxuri\u00f6se Ferienhaus Voorhuis und die Flinkefarm liegen im sch\u00f6nen Hemelum, S\u00fcdwestfriesland","breadcrumb":{"@id":"https:\/\/itflinkeboskje.nl\/de\/die-umwelt\/#breadcrumb"},"inLanguage":"de","potentialAction":[{"@type":"ReadAction","target":["https:\/\/itflinkeboskje.nl\/de\/die-umwelt\/"]}]},{"@type":"BreadcrumbList","@id":"https:\/\/itflinkeboskje.nl\/de\/die-umwelt\/#breadcrumb","itemListElement":[{"@type":"ListItem","position":1,"name":"Home","item":"https:\/\/itflinkeboskje.nl\/de\/"},{"@type":"ListItem","position":2,"name":"Die Umgebung"}]},{"@type":"WebSite","@id":"https:\/\/itflinkeboskje.nl\/de\/#website","url":"https:\/\/itflinkeboskje.nl\/de\/","name":"It Flinkeboskje en de Flinkefarm","description":"Luxe groepsaccommodatie en vakantieboerderij it Flinkeboskje, vakantiewoning het Voorhuis en de Flinkefarm","potentialAction":[{"@type":"SearchAction","target":{"@type":"EntryPoint","urlTemplate":"https:\/\/itflinkeboskje.nl\/de\/?s={search_term_string}"},"query-input":{"@type":"PropertyValueSpecification","valueRequired":true,"valueName":"search_term_string"}}],"inLanguage":"de"}]}},"_links":{"self":[{"href":"https:\/\/itflinkeboskje.nl\/de\/wp-json\/wp\/v2\/pages\/58027","targetHints":{"allow":["GET"]}}],"collection":[{"href":"https:\/\/itflinkeboskje.nl\/de\/wp-json\/wp\/v2\/pages"}],"about":[{"href":"https:\/\/itflinkeboskje.nl\/de\/wp-json\/wp\/v2\/types\/page"}],"author":[{"embeddable":true,"href":"https:\/\/itflinkeboskje.nl\/de\/wp-json\/wp\/v2\/users\/2"}],"replies":[{"embeddable":true,"href":"https:\/\/itflinkeboskje.nl\/de\/wp-json\/wp\/v2\/comments?post=58027"}],"version-history":[{"count":16,"href":"https:\/\/itflinkeboskje.nl\/de\/wp-json\/wp\/v2\/pages\/58027\/revisions"}],"predecessor-version":[{"id":58437,"href":"https:\/\/itflinkeboskje.nl\/de\/wp-json\/wp\/v2\/pages\/58027\/revisions\/58437"}],"wp:attachment":[{"href":"https:\/\/itflinkeboskje.nl\/de\/wp-json\/wp\/v2\/media?parent=58027"}],"curies":[{"name":"wp","href":"https:\/\/api.w.org\/{rel}","templated":true}]}}