{"id":58009,"date":"2015-02-22T09:54:38","date_gmt":"2015-02-22T08:54:38","guid":{"rendered":"https:\/\/itflinkeboskje.nl\/vermietung-von-grundstuecken\/"},"modified":"2025-04-16T14:21:52","modified_gmt":"2025-04-16T12:21:52","slug":"vermietung-von-grundstuecken","status":"publish","type":"page","link":"https:\/\/itflinkeboskje.nl\/de\/vermietung-von-grundstuecken\/","title":{"rendered":"Vermietung von R\u00e4umlichkeiten"},"content":{"rendered":"<p>[vc_row row_type=&#8220;row&#8220; use_row_as_full_screen_section=&#8220;no&#8220; type=&#8220;full_width&#8220; oblique_section=&#8220;no&#8220; text_align=&#8220;left&#8220; css_animation=&#8220;&#8220;][vc_column][vc_gallery interval=&#8220;5&#8243; images=&#8220;57305,57303&#8243; img_size=&#8220;1920&#215;590&#8243; onclick=&#8220;&#8220; disable_navigation_arrows=&#8220;yes&#8220;][\/vc_column][\/vc_row][vc_row row_type=&#8220;row&#8220; use_row_as_full_screen_section=&#8220;no&#8220; type=&#8220;full_width&#8220; oblique_section=&#8220;no&#8220; text_align=&#8220;left&#8220; css_animation=&#8220;&#8220;][vc_column width=&#8220;1\/3&#8243;][vc_empty_space height=&#8220;15px&#8220; image_repeat=&#8220;no-repeat&#8220;][vc_column_text]<\/p>\n<h2 style=\"text-align: right;\">BETRIEBSFEST<\/h2>\n<p>[\/vc_column_text][vc_column_text]Food-Trucks, Musik und das Leben unter freiem Himmel: Daran denkt man nicht sofort, wenn man an ein Firmenevent denkt, aber jetzt k\u00f6nnte es an der Zeit sein. Wir werden es f\u00fcr Sie zu etwas Besonderem machen, im w\u00f6rtlichen und im \u00fcbertragenen Sinne. Wenn Sie etwas anderes wollen, ist das Ihre Chance. Unser Veranstaltungsort ist perfekt daf\u00fcr geeignet.<\/p>\n<p>[\/vc_column_text][vc_empty_space height=&#8220;22px&#8220; image_repeat=&#8220;no-repeat&#8220;][vc_gallery interval=&#8220;0&#8243; images=&#8220;57251&#8243; img_size=&#8220;full&#8220; onclick=&#8220;&#8220; disable_navigation_arrows=&#8220;yes&#8220;][vc_empty_space height=&#8220;15px&#8220; image_repeat=&#8220;no-repeat&#8220;][vc_column_text]<\/p>\n<h2 style=\"text-align: right;\">Feiern<\/h2>\n<p>[\/vc_column_text][vc_column_text]Ihr eigenes Mini-Festival, Ihre Geburtstagsfeier, Ihr Jubil\u00e4um. Ein Klassentreffen, bei dem Sie von Ihren besten Freunden von damals umgeben sind. Unsere Veranstaltungsorte sind f\u00fcr gro\u00dfe Feste geeignet und garantieren tolle Erinnerungen. Lassen Sie es wie einen Tag aus dem &#8222;Bilderbuch&#8220; werden! Auch \u00dcbernachtungen sind nach Absprache m\u00f6glich.[\/vc_column_text][vc_empty_space height=&#8220;5px&#8220; image_repeat=&#8220;no-repeat&#8220;][vc_gallery interval=&#8220;0&#8243; images=&#8220;57265&#8243; img_size=&#8220;full&#8220; onclick=&#8220;&#8220; disable_navigation_arrows=&#8220;yes&#8220;][\/vc_column][vc_column width=&#8220;1\/3&#8243;][vc_empty_space height=&#8220;15px&#8220; image_repeat=&#8220;no-repeat&#8220;][vc_column_text]<\/p>\n<h2 style=\"text-align: right;\">SHOOTING-LOCATION<\/h2>\n<p>[\/vc_column_text][vc_column_text]Unsere fotogene Location ist perfekt f\u00fcr Foto- und Filmaufnahmen. Sch\u00f6ne Hintergr\u00fcnde, viele Requisiten, viel Tageslicht. Mehrere B\u00fccher, Werbespots, Advertorials und Modeshootings sind bei uns entstanden. Sowohl im Innen- als auch im Au\u00dfenbereich gibt es super sch\u00f6ne Spots, die man nutzen kann. Unser Sip &amp; Clara hat auch viele Einrichtungsgegenst\u00e4nde, die nach Absprache genutzt werden k\u00f6nnen.[\/vc_column_text][vc_empty_space height=&#8220;22px&#8220; image_repeat=&#8220;no-repeat&#8220;][vc_gallery interval=&#8220;0&#8243; images=&#8220;57263&#8243; img_size=&#8220;full&#8220; onclick=&#8220;&#8220; disable_navigation_arrows=&#8220;yes&#8220;][vc_empty_space height=&#8220;15px&#8220; image_repeat=&#8220;no-repeat&#8220;][vc_column_text]<\/p>\n<h2 style=\"text-align: right;\">HOCHZEIT<\/h2>\n<p>[\/vc_column_text][vc_column_text]Sie haben gerade den sch\u00f6nsten Ort f\u00fcr Ihre Hochzeit gefunden. Ein Wochenende im Kreise Ihrer Freunde und Familie. Alles wird Ihnen abgenommen. Der beste Service und das beste Essen. Ihre ganze Familie in Ihrer N\u00e4he. Im gr\u00fcnen Gras, in einem sch\u00f6nen antiken Gew\u00e4chshaus, am knisternden Feuer. Hochzeiten k\u00f6nnen einfach im Freien abgehalten werden. Wundersch\u00f6n gedeckte Tische mit \u00fcppigen Blumen. Wir sorgen daf\u00fcr, dass der sch\u00f6nste Tag in Ihrem Leben noch sch\u00f6ner wird.[\/vc_column_text][vc_empty_space height=&#8220;10px&#8220; image_repeat=&#8220;no-repeat&#8220;][vc_column_text]<a href=\"https:\/\/itflinkeboskje.nl\/de\/besondere-hochzeitslocation\/\">Sehen Sie sich unsere besondere Hochzeitslocation hier an (Link)  <\/a>[\/vc_column_text][vc_empty_space height=&#8220;10px&#8220; image_repeat=&#8220;no-repeat&#8220;][vc_column_text]Sehen Sie sich unten den Hochzeitsfilm von Roxanne und Joost an. Sie haben bei uns geheiratet. Das gibt Ihnen einen guten Einblick, wie auch Ihr Tag aussehen k\u00f6nnte.[\/vc_column_text][vc_empty_space height=&#8220;6px&#8220; image_repeat=&#8220;no-repeat&#8220;][vc_video link=&#8220;https:\/\/vimeo.com\/464682387&#8243; align=&#8220;center&#8220;][vc_column_text]Hergestellt von NoWayBack Films.[\/vc_column_text][\/vc_column][vc_column width=&#8220;1\/3&#8243;][vc_empty_space height=&#8220;15px&#8220; image_repeat=&#8220;no-repeat&#8220;][vc_column_text]<\/p>\n<h2 style=\"text-align: right;\">ERINNERUNGEN<\/h2>\n<p>[\/vc_column_text][vc_column_text]Wenn Sie zusammenkommen m\u00f6chten, um eines geliebten Menschen zu gedenken, k\u00f6nnen Sie dies im Flinkeboskje tun. Respektvoll, leise und mit der M\u00f6glichkeit, drau\u00dfen zu sein. Sie h\u00f6ren nur den Wind und das Rauschen der B\u00e4ume. Geben Sie sich selbst, Ihren Freunden und Ihrer Familie die M\u00f6glichkeit, mit voller Aufmerksamkeit den Verlust und die Trauer in einer sch\u00f6nen, friedlichen Umgebung zu teilen. Lassen Sie nicht zu, dass die letzte Erinnerung an Ihren Verstorbenen ein klebriges St\u00fcck Kuchen und ein muffiges Zimmer ist.    <\/p>\n<p>Gehen Sie mit uns alle Ihre Anforderungen durch. Wir machen vieles m\u00f6glich.[\/vc_column_text][vc_empty_space height=&#8220;22px&#8220; image_repeat=&#8220;no-repeat&#8220;][vc_gallery interval=&#8220;0&#8243; images=&#8220;57309&#8243; img_size=&#8220;full&#8220; onclick=&#8220;&#8220; disable_navigation_arrows=&#8220;yes&#8220;][vc_empty_space height=&#8220;15px&#8220; image_repeat=&#8220;no-repeat&#8220;][vc_column_text]<\/p>\n<h2 style=\"text-align: right;\">ANDERE VERANSTALTUNG?<\/h2>\n<p>[\/vc_column_text][vc_column_text]Haben Sie eigene Vorstellungen oder W\u00fcnsche f\u00fcr eine Veranstaltung? Gemeinsam werden wir sehen, was wir f\u00fcr Sie tun k\u00f6nnen. Schicken Sie uns Ihre Pl\u00e4ne. <a href=\"mailto:info@itflinkeboskje.nl\">Kontaktieren Sie<\/a> uns mit all Ihren unverbindlichen Fragen. Wir helfen Ihnen gerne weiter.[\/vc_column_text][vc_empty_space height=&#8220;20px&#8220; image_repeat=&#8220;no-repeat&#8220;][vc_gallery interval=&#8220;0&#8243; images=&#8220;57311&#8243; img_size=&#8220;full&#8220; onclick=&#8220;&#8220; disable_navigation_arrows=&#8220;yes&#8220;][\/vc_column][\/vc_row]<\/p>\n","protected":false},"excerpt":{"rendered":"<p>[vc_row row_type=&#8220;row&#8220; use_row_as_full_screen_section=&#8220;no&#8220; type=&#8220;full_width&#8220; oblique_section=&#8220;no&#8220; text_align=&#8220;left&#8220; css_animation=&#8220;&#8220;][vc_column][vc_gallery interval=&#8220;5&#8243; images=&#8220;57305,57303&#8243; img_size=&#8220;1920&#215;590&#8243; onclick=&#8220;&#8220; disable_navigation_arrows=&#8220;yes&#8220;][\/vc_column][\/vc_row][vc_row row_type=&#8220;row&#8220; use_row_as_full_screen_section=&#8220;no&#8220; type=&#8220;full_width&#8220; oblique_section=&#8220;no&#8220; text_align=&#8220;left&#8220; css_animation=&#8220;&#8220;][vc_column width=&#8220;1\/3&#8243;][vc_empty_space height=&#8220;15px&#8220; image_repeat=&#8220;no-repeat&#8220;][vc_column_text] BETRIEBSFEST [\/vc_column_text][vc_column_text]Food-Trucks, Musik und das Leben unter freiem Himmel: Daran denkt man nicht sofort,&#8230;<\/p>\n","protected":false},"author":2,"featured_media":0,"parent":0,"menu_order":0,"comment_status":"closed","ping_status":"closed","template":"","meta":{"footnotes":""},"class_list":["post-58009","page","type-page","status-publish","hentry"],"yoast_head":"<!-- This site is optimized with the Yoast SEO plugin v27.1.1 - https:\/\/yoast.com\/product\/yoast-seo-wordpress\/ -->\n<title>Vermietung von R\u00e4umlichkeiten - It Flinkeboskje en de Flinkefarm<\/title>\n<meta name=\"description\" content=\"Das Unternehmen &#039;it Flinkeboskje&#039; vermietet verschiedene Unterk\u00fcnfte und Veranstaltungsr\u00e4ume. Sowohl gesch\u00e4ftliche als auch private Vermietungen. Zwei Bauernh\u00f6fe mit Platz rundherum.\" \/>\n<meta name=\"robots\" content=\"index, follow, max-snippet:-1, max-image-preview:large, max-video-preview:-1\" \/>\n<link rel=\"canonical\" href=\"https:\/\/itflinkeboskje.nl\/de\/vermietung-von-grundstuecken\/\" \/>\n<meta property=\"og:locale\" content=\"de_DE\" \/>\n<meta property=\"og:type\" content=\"article\" \/>\n<meta property=\"og:title\" content=\"Vermietung von R\u00e4umlichkeiten - It Flinkeboskje en de Flinkefarm\" \/>\n<meta property=\"og:description\" content=\"Das Unternehmen &#039;it Flinkeboskje&#039; vermietet verschiedene Unterk\u00fcnfte und Veranstaltungsr\u00e4ume. Sowohl gesch\u00e4ftliche als auch private Vermietungen. Zwei Bauernh\u00f6fe mit Platz rundherum.\" \/>\n<meta property=\"og:url\" content=\"https:\/\/itflinkeboskje.nl\/de\/vermietung-von-grundstuecken\/\" \/>\n<meta property=\"og:site_name\" content=\"It Flinkeboskje en de Flinkefarm\" \/>\n<meta property=\"article:modified_time\" content=\"2025-04-16T12:21:52+00:00\" \/>\n<meta name=\"twitter:label1\" content=\"Gesch\u00e4tzte Lesezeit\" \/>\n\t<meta name=\"twitter:data1\" content=\"4\u00a0Minuten\" \/>\n<script type=\"application\/ld+json\" class=\"yoast-schema-graph\">{\"@context\":\"https:\/\/schema.org\",\"@graph\":[{\"@type\":\"WebPage\",\"@id\":\"https:\/\/itflinkeboskje.nl\/de\/vermietung-von-grundstuecken\/\",\"url\":\"https:\/\/itflinkeboskje.nl\/de\/vermietung-von-grundstuecken\/\",\"name\":\"Vermietung von R\u00e4umlichkeiten - It Flinkeboskje en de Flinkefarm\",\"isPartOf\":{\"@id\":\"https:\/\/itflinkeboskje.nl\/de\/#website\"},\"datePublished\":\"2015-02-22T08:54:38+00:00\",\"dateModified\":\"2025-04-16T12:21:52+00:00\",\"description\":\"Das Unternehmen 'it Flinkeboskje' vermietet verschiedene Unterk\u00fcnfte und Veranstaltungsr\u00e4ume. Sowohl gesch\u00e4ftliche als auch private Vermietungen. Zwei Bauernh\u00f6fe mit Platz rundherum.\",\"breadcrumb\":{\"@id\":\"https:\/\/itflinkeboskje.nl\/de\/vermietung-von-grundstuecken\/#breadcrumb\"},\"inLanguage\":\"de\",\"potentialAction\":[{\"@type\":\"ReadAction\",\"target\":[\"https:\/\/itflinkeboskje.nl\/de\/vermietung-von-grundstuecken\/\"]}]},{\"@type\":\"BreadcrumbList\",\"@id\":\"https:\/\/itflinkeboskje.nl\/de\/vermietung-von-grundstuecken\/#breadcrumb\",\"itemListElement\":[{\"@type\":\"ListItem\",\"position\":1,\"name\":\"Home\",\"item\":\"https:\/\/itflinkeboskje.nl\/de\/\"},{\"@type\":\"ListItem\",\"position\":2,\"name\":\"Vermietung von R\u00e4umlichkeiten\"}]},{\"@type\":\"WebSite\",\"@id\":\"https:\/\/itflinkeboskje.nl\/de\/#website\",\"url\":\"https:\/\/itflinkeboskje.nl\/de\/\",\"name\":\"It Flinkeboskje en de Flinkefarm\",\"description\":\"Luxe groepsaccommodatie en vakantieboerderij it Flinkeboskje, vakantiewoning het Voorhuis en de Flinkefarm\",\"potentialAction\":[{\"@type\":\"SearchAction\",\"target\":{\"@type\":\"EntryPoint\",\"urlTemplate\":\"https:\/\/itflinkeboskje.nl\/de\/?s={search_term_string}\"},\"query-input\":{\"@type\":\"PropertyValueSpecification\",\"valueRequired\":true,\"valueName\":\"search_term_string\"}}],\"inLanguage\":\"de\"}]}<\/script>\n<!-- \/ Yoast SEO plugin. -->","yoast_head_json":{"title":"Vermietung von R\u00e4umlichkeiten - It Flinkeboskje en de Flinkefarm","description":"Das Unternehmen 'it Flinkeboskje' vermietet verschiedene Unterk\u00fcnfte und Veranstaltungsr\u00e4ume. Sowohl gesch\u00e4ftliche als auch private Vermietungen. Zwei Bauernh\u00f6fe mit Platz rundherum.","robots":{"index":"index","follow":"follow","max-snippet":"max-snippet:-1","max-image-preview":"max-image-preview:large","max-video-preview":"max-video-preview:-1"},"canonical":"https:\/\/itflinkeboskje.nl\/de\/vermietung-von-grundstuecken\/","og_locale":"de_DE","og_type":"article","og_title":"Vermietung von R\u00e4umlichkeiten - It Flinkeboskje en de Flinkefarm","og_description":"Das Unternehmen 'it Flinkeboskje' vermietet verschiedene Unterk\u00fcnfte und Veranstaltungsr\u00e4ume. Sowohl gesch\u00e4ftliche als auch private Vermietungen. Zwei Bauernh\u00f6fe mit Platz rundherum.","og_url":"https:\/\/itflinkeboskje.nl\/de\/vermietung-von-grundstuecken\/","og_site_name":"It Flinkeboskje en de Flinkefarm","article_modified_time":"2025-04-16T12:21:52+00:00","twitter_misc":{"Gesch\u00e4tzte Lesezeit":"4\u00a0Minuten"},"schema":{"@context":"https:\/\/schema.org","@graph":[{"@type":"WebPage","@id":"https:\/\/itflinkeboskje.nl\/de\/vermietung-von-grundstuecken\/","url":"https:\/\/itflinkeboskje.nl\/de\/vermietung-von-grundstuecken\/","name":"Vermietung von R\u00e4umlichkeiten - It Flinkeboskje en de Flinkefarm","isPartOf":{"@id":"https:\/\/itflinkeboskje.nl\/de\/#website"},"datePublished":"2015-02-22T08:54:38+00:00","dateModified":"2025-04-16T12:21:52+00:00","description":"Das Unternehmen 'it Flinkeboskje' vermietet verschiedene Unterk\u00fcnfte und Veranstaltungsr\u00e4ume. Sowohl gesch\u00e4ftliche als auch private Vermietungen. Zwei Bauernh\u00f6fe mit Platz rundherum.","breadcrumb":{"@id":"https:\/\/itflinkeboskje.nl\/de\/vermietung-von-grundstuecken\/#breadcrumb"},"inLanguage":"de","potentialAction":[{"@type":"ReadAction","target":["https:\/\/itflinkeboskje.nl\/de\/vermietung-von-grundstuecken\/"]}]},{"@type":"BreadcrumbList","@id":"https:\/\/itflinkeboskje.nl\/de\/vermietung-von-grundstuecken\/#breadcrumb","itemListElement":[{"@type":"ListItem","position":1,"name":"Home","item":"https:\/\/itflinkeboskje.nl\/de\/"},{"@type":"ListItem","position":2,"name":"Vermietung von R\u00e4umlichkeiten"}]},{"@type":"WebSite","@id":"https:\/\/itflinkeboskje.nl\/de\/#website","url":"https:\/\/itflinkeboskje.nl\/de\/","name":"It Flinkeboskje en de Flinkefarm","description":"Luxe groepsaccommodatie en vakantieboerderij it Flinkeboskje, vakantiewoning het Voorhuis en de Flinkefarm","potentialAction":[{"@type":"SearchAction","target":{"@type":"EntryPoint","urlTemplate":"https:\/\/itflinkeboskje.nl\/de\/?s={search_term_string}"},"query-input":{"@type":"PropertyValueSpecification","valueRequired":true,"valueName":"search_term_string"}}],"inLanguage":"de"}]}},"_links":{"self":[{"href":"https:\/\/itflinkeboskje.nl\/de\/wp-json\/wp\/v2\/pages\/58009","targetHints":{"allow":["GET"]}}],"collection":[{"href":"https:\/\/itflinkeboskje.nl\/de\/wp-json\/wp\/v2\/pages"}],"about":[{"href":"https:\/\/itflinkeboskje.nl\/de\/wp-json\/wp\/v2\/types\/page"}],"author":[{"embeddable":true,"href":"https:\/\/itflinkeboskje.nl\/de\/wp-json\/wp\/v2\/users\/2"}],"replies":[{"embeddable":true,"href":"https:\/\/itflinkeboskje.nl\/de\/wp-json\/wp\/v2\/comments?post=58009"}],"version-history":[{"count":11,"href":"https:\/\/itflinkeboskje.nl\/de\/wp-json\/wp\/v2\/pages\/58009\/revisions"}],"predecessor-version":[{"id":58445,"href":"https:\/\/itflinkeboskje.nl\/de\/wp-json\/wp\/v2\/pages\/58009\/revisions\/58445"}],"wp:attachment":[{"href":"https:\/\/itflinkeboskje.nl\/de\/wp-json\/wp\/v2\/media?parent=58009"}],"curies":[{"name":"wp","href":"https:\/\/api.w.org\/{rel}","templated":true}]}}