{"id":57989,"date":"2015-02-21T17:28:54","date_gmt":"2015-02-21T16:28:54","guid":{"rendered":"https:\/\/itflinkeboskje.nl\/veranstaltungen\/"},"modified":"2025-03-18T08:01:43","modified_gmt":"2025-03-18T07:01:43","slug":"veranstaltungen","status":"publish","type":"page","link":"https:\/\/itflinkeboskje.nl\/de\/veranstaltungen\/","title":{"rendered":"Veranstaltungen"},"content":{"rendered":"<p>[vc_row row_type=&#8220;row&#8220; use_row_as_full_screen_section=&#8220;no&#8220; type=&#8220;full_width&#8220; oblique_section=&#8220;no&#8220; text_align=&#8220;left&#8220; padding_top=&#8220;10&#8243; css_animation=&#8220;&#8220;][vc_column width=&#8220;1\/4&#8243;][vc_empty_space height=&#8220;1px&#8220; image_repeat=&#8220;no-repeat&#8220;][vc_gallery interval=&#8220;0&#8243; images=&#8220;57127&#8243; img_size=&#8220;large&#8220; onclick=&#8220;&#8220; disable_navigation_arrows=&#8220;yes&#8220;][vc_empty_space height=&#8220;9px&#8220; image_repeat=&#8220;no-repeat&#8220;][vc_gallery interval=&#8220;0&#8243; images=&#8220;51427&#8243; img_size=&#8220;large&#8220; onclick=&#8220;&#8220; disable_navigation_arrows=&#8220;yes&#8220;][\/vc_column][vc_column width=&#8220;1\/4&#8243;][vc_empty_space height=&#8220;10px&#8220; image_repeat=&#8220;no-repeat&#8220;][vc_column_text]<\/p>\n<p style=\"text-align: justify;\">Neben dem Ferienhof Flinkeboskje und dem Ferienhaus Voorhuis auf der anderen Stra\u00dfenseite hat die Flinkefarm Anfang 2014 ihre Scheunentore ge\u00f6ffnet. In der Flinkeboskje 2 wurden die ehemalige Scheune, der Bauernhof und die Wiese in eine authentische und vor allem originelle Eventlocation verwandelt. <\/p>\n<p>[\/vc_column_text][vc_empty_space height=&#8220;9px&#8220; image_repeat=&#8220;no-repeat&#8220;][vc_gallery interval=&#8220;0&#8243; images=&#8220;51415&#8243; img_size=&#8220;large&#8220; onclick=&#8220;&#8220; disable_navigation_arrows=&#8220;yes&#8220;][vc_empty_space height=&#8220;9px&#8220; image_repeat=&#8220;no-repeat&#8220;][vc_column_text]<\/p>\n<p style=\"text-align: justify;\">W\u00e4hrend unserer Veranstaltungen ist die Flinkefarm der Ort, an dem sich alles abspielt: Besucher kommen zum Einkaufen auf die Wiese w\u00e4hrend eines der Regionalm\u00e4rkte oder des Kofferraumverkaufs, genie\u00dfen das Flinke Festival mit Theater, Live-Musik und Food Trucks und lassen sich im Pop-up-Store Sip &amp; Clara mit Vintage-Funden inspirieren!<\/p>\n<p>[\/vc_column_text][\/vc_column][vc_column width=&#8220;1\/4&#8243;][vc_empty_space height=&#8220;10px&#8220; image_repeat=&#8220;no-repeat&#8220;][vc_column_text]<\/p>\n<p style=\"text-align: justify;\">Die <em>Flinke Favourites<\/em> Sommer- und Winterausgaben sind mittlerweile ein bekanntes Ph\u00e4nomen, und so werden jedes Jahr 6 friesische Regionalm\u00e4rkte, mehrere Flinke Flohm\u00e4rkte und zwei <em>Flinke Favourites<\/em> rund um den Bauernhof organisiert. Das gro\u00dfe Unterscheidungsmerkmal zu anderen \u00e4hnlichen Veranstaltungen ist, dass Qualit\u00e4t vor Quantit\u00e4t geht! Es geht vor allem um das Gesamterlebnis, bei dem viel Wert auf die Zusammensetzung der teilnehmenden Standbetreiber, das Styling, die Umgebung und die einzigartige Atmosph\u00e4re gelegt wird.  <\/p>\n<p>[\/vc_column_text][vc_empty_space height=&#8220;9px&#8220; image_repeat=&#8220;no-repeat&#8220;][vc_gallery interval=&#8220;0&#8243; images=&#8220;51412&#8243; img_size=&#8220;large&#8220; onclick=&#8220;&#8220; disable_navigation_arrows=&#8220;yes&#8220;][vc_empty_space height=&#8220;9px&#8220; image_repeat=&#8220;no-repeat&#8220;][vc_column_text]<\/p>\n<p style=\"text-align: justify;\">Seit dem Winter 2016 erstrahlt ein echtes antikes Traubengew\u00e4chshaus&#8230; eine tolle Location f\u00fcr einen Cappuccino und Kuchen w\u00e4hrend einer Veranstaltung.<\/p>\n<p>[\/vc_column_text][\/vc_column][vc_column width=&#8220;1\/4&#8243;][vc_empty_space height=&#8220;30px&#8220; image_repeat=&#8220;no-repeat&#8220;][vc_column_text]<\/p>\n<p style=\"text-align: right;\"><a class=\"qbutton small white icon_right\" href=\"\/agenda-overzicht\/\" target=\"_self\">Tagesordnung pr\u00fcfen&gt;<\/a><\/p>\n<p>[\/vc_column_text][vc_empty_space height=&#8220;15px&#8220; image_repeat=&#8220;no-repeat&#8220;][vc_gallery interval=&#8220;0&#8243; images=&#8220;51408&#8243; img_size=&#8220;large&#8220; onclick=&#8220;&#8220; disable_navigation_arrows=&#8220;yes&#8220;][\/vc_column][\/vc_row]<\/p>\n","protected":false},"excerpt":{"rendered":"<p>[vc_row row_type=&#8220;row&#8220; use_row_as_full_screen_section=&#8220;no&#8220; type=&#8220;full_width&#8220; oblique_section=&#8220;no&#8220; text_align=&#8220;left&#8220; padding_top=&#8220;10&#8243; css_animation=&#8220;&#8220;][vc_column width=&#8220;1\/4&#8243;][vc_empty_space height=&#8220;1px&#8220; image_repeat=&#8220;no-repeat&#8220;][vc_gallery interval=&#8220;0&#8243; images=&#8220;57127&#8243; img_size=&#8220;large&#8220; onclick=&#8220;&#8220; disable_navigation_arrows=&#8220;yes&#8220;][vc_empty_space height=&#8220;9px&#8220; image_repeat=&#8220;no-repeat&#8220;][vc_gallery interval=&#8220;0&#8243; images=&#8220;51427&#8243; img_size=&#8220;large&#8220; onclick=&#8220;&#8220; disable_navigation_arrows=&#8220;yes&#8220;][\/vc_column][vc_column width=&#8220;1\/4&#8243;][vc_empty_space height=&#8220;10px&#8220; image_repeat=&#8220;no-repeat&#8220;][vc_column_text] Neben dem Ferienhof Flinkeboskje und dem Ferienhaus Voorhuis auf&#8230;<\/p>\n","protected":false},"author":2,"featured_media":0,"parent":0,"menu_order":0,"comment_status":"closed","ping_status":"closed","template":"","meta":{"footnotes":""},"class_list":["post-57989","page","type-page","status-publish","hentry"],"yoast_head":"<!-- This site is optimized with the Yoast SEO plugin v27.1.1 - https:\/\/yoast.com\/product\/yoast-seo-wordpress\/ -->\n<title>die Flinkefarm organisiert einzigartige Veranstaltungen<\/title>\n<meta name=\"description\" content=\"Regionale M\u00e4rkte, Kofferraumm\u00e4rkte, Feste und Flohm\u00e4rkte. Die Flinkefarm ist ein einzigartiger Ort f\u00fcr Veranstaltungen. Sie kann auch f\u00fcr Ihre Party oder Hochzeit gemietet werden.\" \/>\n<meta name=\"robots\" content=\"index, follow, max-snippet:-1, max-image-preview:large, max-video-preview:-1\" \/>\n<link rel=\"canonical\" href=\"https:\/\/itflinkeboskje.nl\/de\/veranstaltungen\/\" \/>\n<meta property=\"og:locale\" content=\"de_DE\" \/>\n<meta property=\"og:type\" content=\"article\" \/>\n<meta property=\"og:title\" content=\"die Flinkefarm organisiert einzigartige Veranstaltungen\" \/>\n<meta property=\"og:description\" content=\"Regionale M\u00e4rkte, Kofferraumm\u00e4rkte, Feste und Flohm\u00e4rkte. Die Flinkefarm ist ein einzigartiger Ort f\u00fcr Veranstaltungen. Sie kann auch f\u00fcr Ihre Party oder Hochzeit gemietet werden.\" \/>\n<meta property=\"og:url\" content=\"https:\/\/itflinkeboskje.nl\/de\/veranstaltungen\/\" \/>\n<meta property=\"og:site_name\" content=\"It Flinkeboskje en de Flinkefarm\" \/>\n<meta property=\"article:modified_time\" content=\"2025-03-18T07:01:43+00:00\" \/>\n<meta name=\"twitter:label1\" content=\"Gesch\u00e4tzte Lesezeit\" \/>\n\t<meta name=\"twitter:data1\" content=\"2\u00a0Minuten\" \/>\n<script type=\"application\/ld+json\" class=\"yoast-schema-graph\">{\"@context\":\"https:\/\/schema.org\",\"@graph\":[{\"@type\":\"WebPage\",\"@id\":\"https:\/\/itflinkeboskje.nl\/de\/veranstaltungen\/\",\"url\":\"https:\/\/itflinkeboskje.nl\/de\/veranstaltungen\/\",\"name\":\"die Flinkefarm organisiert einzigartige Veranstaltungen\",\"isPartOf\":{\"@id\":\"https:\/\/itflinkeboskje.nl\/de\/#website\"},\"datePublished\":\"2015-02-21T16:28:54+00:00\",\"dateModified\":\"2025-03-18T07:01:43+00:00\",\"description\":\"Regionale M\u00e4rkte, Kofferraumm\u00e4rkte, Feste und Flohm\u00e4rkte. Die Flinkefarm ist ein einzigartiger Ort f\u00fcr Veranstaltungen. Sie kann auch f\u00fcr Ihre Party oder Hochzeit gemietet werden.\",\"breadcrumb\":{\"@id\":\"https:\/\/itflinkeboskje.nl\/de\/veranstaltungen\/#breadcrumb\"},\"inLanguage\":\"de\",\"potentialAction\":[{\"@type\":\"ReadAction\",\"target\":[\"https:\/\/itflinkeboskje.nl\/de\/veranstaltungen\/\"]}]},{\"@type\":\"BreadcrumbList\",\"@id\":\"https:\/\/itflinkeboskje.nl\/de\/veranstaltungen\/#breadcrumb\",\"itemListElement\":[{\"@type\":\"ListItem\",\"position\":1,\"name\":\"Home\",\"item\":\"https:\/\/itflinkeboskje.nl\/de\/\"},{\"@type\":\"ListItem\",\"position\":2,\"name\":\"Veranstaltungen\"}]},{\"@type\":\"WebSite\",\"@id\":\"https:\/\/itflinkeboskje.nl\/de\/#website\",\"url\":\"https:\/\/itflinkeboskje.nl\/de\/\",\"name\":\"It Flinkeboskje en de Flinkefarm\",\"description\":\"Luxe groepsaccommodatie en vakantieboerderij it Flinkeboskje, vakantiewoning het Voorhuis en de Flinkefarm\",\"potentialAction\":[{\"@type\":\"SearchAction\",\"target\":{\"@type\":\"EntryPoint\",\"urlTemplate\":\"https:\/\/itflinkeboskje.nl\/de\/?s={search_term_string}\"},\"query-input\":{\"@type\":\"PropertyValueSpecification\",\"valueRequired\":true,\"valueName\":\"search_term_string\"}}],\"inLanguage\":\"de\"}]}<\/script>\n<!-- \/ Yoast SEO plugin. -->","yoast_head_json":{"title":"die Flinkefarm organisiert einzigartige Veranstaltungen","description":"Regionale M\u00e4rkte, Kofferraumm\u00e4rkte, Feste und Flohm\u00e4rkte. Die Flinkefarm ist ein einzigartiger Ort f\u00fcr Veranstaltungen. Sie kann auch f\u00fcr Ihre Party oder Hochzeit gemietet werden.","robots":{"index":"index","follow":"follow","max-snippet":"max-snippet:-1","max-image-preview":"max-image-preview:large","max-video-preview":"max-video-preview:-1"},"canonical":"https:\/\/itflinkeboskje.nl\/de\/veranstaltungen\/","og_locale":"de_DE","og_type":"article","og_title":"die Flinkefarm organisiert einzigartige Veranstaltungen","og_description":"Regionale M\u00e4rkte, Kofferraumm\u00e4rkte, Feste und Flohm\u00e4rkte. Die Flinkefarm ist ein einzigartiger Ort f\u00fcr Veranstaltungen. Sie kann auch f\u00fcr Ihre Party oder Hochzeit gemietet werden.","og_url":"https:\/\/itflinkeboskje.nl\/de\/veranstaltungen\/","og_site_name":"It Flinkeboskje en de Flinkefarm","article_modified_time":"2025-03-18T07:01:43+00:00","twitter_misc":{"Gesch\u00e4tzte Lesezeit":"2\u00a0Minuten"},"schema":{"@context":"https:\/\/schema.org","@graph":[{"@type":"WebPage","@id":"https:\/\/itflinkeboskje.nl\/de\/veranstaltungen\/","url":"https:\/\/itflinkeboskje.nl\/de\/veranstaltungen\/","name":"die Flinkefarm organisiert einzigartige Veranstaltungen","isPartOf":{"@id":"https:\/\/itflinkeboskje.nl\/de\/#website"},"datePublished":"2015-02-21T16:28:54+00:00","dateModified":"2025-03-18T07:01:43+00:00","description":"Regionale M\u00e4rkte, Kofferraumm\u00e4rkte, Feste und Flohm\u00e4rkte. Die Flinkefarm ist ein einzigartiger Ort f\u00fcr Veranstaltungen. Sie kann auch f\u00fcr Ihre Party oder Hochzeit gemietet werden.","breadcrumb":{"@id":"https:\/\/itflinkeboskje.nl\/de\/veranstaltungen\/#breadcrumb"},"inLanguage":"de","potentialAction":[{"@type":"ReadAction","target":["https:\/\/itflinkeboskje.nl\/de\/veranstaltungen\/"]}]},{"@type":"BreadcrumbList","@id":"https:\/\/itflinkeboskje.nl\/de\/veranstaltungen\/#breadcrumb","itemListElement":[{"@type":"ListItem","position":1,"name":"Home","item":"https:\/\/itflinkeboskje.nl\/de\/"},{"@type":"ListItem","position":2,"name":"Veranstaltungen"}]},{"@type":"WebSite","@id":"https:\/\/itflinkeboskje.nl\/de\/#website","url":"https:\/\/itflinkeboskje.nl\/de\/","name":"It Flinkeboskje en de Flinkefarm","description":"Luxe groepsaccommodatie en vakantieboerderij it Flinkeboskje, vakantiewoning het Voorhuis en de Flinkefarm","potentialAction":[{"@type":"SearchAction","target":{"@type":"EntryPoint","urlTemplate":"https:\/\/itflinkeboskje.nl\/de\/?s={search_term_string}"},"query-input":{"@type":"PropertyValueSpecification","valueRequired":true,"valueName":"search_term_string"}}],"inLanguage":"de"}]}},"_links":{"self":[{"href":"https:\/\/itflinkeboskje.nl\/de\/wp-json\/wp\/v2\/pages\/57989","targetHints":{"allow":["GET"]}}],"collection":[{"href":"https:\/\/itflinkeboskje.nl\/de\/wp-json\/wp\/v2\/pages"}],"about":[{"href":"https:\/\/itflinkeboskje.nl\/de\/wp-json\/wp\/v2\/types\/page"}],"author":[{"embeddable":true,"href":"https:\/\/itflinkeboskje.nl\/de\/wp-json\/wp\/v2\/users\/2"}],"replies":[{"embeddable":true,"href":"https:\/\/itflinkeboskje.nl\/de\/wp-json\/wp\/v2\/comments?post=57989"}],"version-history":[{"count":3,"href":"https:\/\/itflinkeboskje.nl\/de\/wp-json\/wp\/v2\/pages\/57989\/revisions"}],"predecessor-version":[{"id":58023,"href":"https:\/\/itflinkeboskje.nl\/de\/wp-json\/wp\/v2\/pages\/57989\/revisions\/58023"}],"wp:attachment":[{"href":"https:\/\/itflinkeboskje.nl\/de\/wp-json\/wp\/v2\/media?parent=57989"}],"curies":[{"name":"wp","href":"https:\/\/api.w.org\/{rel}","templated":true}]}}