{"id":57979,"date":"2015-02-21T17:28:21","date_gmt":"2015-02-21T16:28:21","guid":{"rendered":"https:\/\/itflinkeboskje.nl\/treffen\/"},"modified":"2025-03-20T11:14:28","modified_gmt":"2025-03-20T10:14:28","slug":"treffen","status":"publish","type":"page","link":"https:\/\/itflinkeboskje.nl\/de\/treffen\/","title":{"rendered":"Besprechungen"},"content":{"rendered":"<p>[vc_row row_type=&#8220;row&#8220; use_row_as_full_screen_section=&#8220;yes&#8220; type=&#8220;full_width&#8220; oblique_section=&#8220;no&#8220; text_align=&#8220;left&#8220; css_animation=&#8220;&#8220;][vc_column width=&#8220;1\/4&#8243;][vc_empty_space height=&#8220;15px&#8220; image_repeat=&#8220;no-repeat&#8220;][vc_column_text]<\/p>\n<h2 style=\"text-align: right;\">BESPRECHUNGEN<\/h2>\n<p>[\/vc_column_text][vc_empty_space height=&#8220;5px&#8220; image_repeat=&#8220;no-repeat&#8220;][vc_column_text]<\/p>\n<p style=\"text-align: justify;\"><em>Der weite Blick \u00fcber die Landschaft regt zum Nachdenken an.<\/em><\/p>\n<p>[\/vc_column_text][vc_empty_space height=&#8220;30px&#8220; image_repeat=&#8220;no-repeat&#8220;][vc_column_text]Ein sch\u00f6ner Spaziergang oder ein Segelt\u00f6rn machen den Kopf frei und schaffen so Raum f\u00fcr neue Ideen. Der perfekte Ort also, um anders in eine Besprechung zu gehen und mit Kollegen in einem stimmungsvollen Raum neue Pl\u00e4ne zu schmieden. Ein Mittagessen beim Bauern oder ein Bio-Dinner geh\u00f6ren ebenfalls zu den M\u00f6glichkeiten. Ein Beamer, eine Leinwand, ein Flipchart und andere Ger\u00e4te sind vorhanden.[\/vc_column_text][\/vc_column][vc_column width=&#8220;1\/4&#8243;][vc_empty_space height=&#8220;15px&#8220; image_repeat=&#8220;no-repeat&#8220;][vc_column_text]Das antike Traubengew\u00e4chshaus und die Flinkefarm sind Orte, die f\u00fcr gesch\u00e4ftliche Zwecke genutzt werden k\u00f6nnen, wenn es sich um gr\u00f6\u00dfere Gruppen handelt. Fragen Sie nach einem individuellen Angebot. Wir k\u00fcmmern uns sorgf\u00e4ltig um Ihren Aufenthalt. Deshalb sagen wir &#8222;frisch und anders&#8220; sind unsere Hauptzutaten.[\/vc_column_text][vc_empty_space height=&#8220;15px&#8220; image_repeat=&#8220;no-repeat&#8220;][vc_column_text]Wir stehen in Kontakt mit unterschiedlichen Trainern und bieten auf Anfrage verschiedene Workshops und Aktivit\u00e4ten an, wie z.B. Sk\u00fbtsjesilen auf den friesischen Seen.[\/vc_column_text][\/vc_column][vc_column width=&#8220;1\/4&#8243;][vc_empty_space height=&#8220;10px&#8220; image_repeat=&#8220;no-repeat&#8220;][vc_column_text]<\/p>\n<h4 style=\"text-align: right;\">Preise<\/h4>\n<p>[\/vc_column_text][vc_empty_space height=&#8220;5px&#8220; image_repeat=&#8220;no-repeat&#8220;][vc_column_text]<\/p>\n<table>\n<tbody>\n<tr>\n<td>\n<p style=\"text-align: right;\"><span style=\"font-family: Georgia, Palatino; font-size: 8pt;\"> <\/span><\/p>\n<\/td>\n<td style=\"text-align: right;\"><span style=\"font-family: Georgia, Palatino; font-size: 8pt;\">het Voorhuis<\/span><\/p>\n<p><span style=\"font-size: 8pt;\">&lt;6 Personen.<\/span><\/td>\n<td style=\"text-align: right;\"><span style=\"font-family: Georgia, Palatino; font-size: 8pt;\">Der Bauernhof<\/span><\/p>\n<p><span style=\"font-family: Georgia, Palatino; font-size: 8pt;\">&lt;20 Personen. <\/span> <\/td>\n<\/tr>\n<tr>\n<td>\n<p style=\"text-align: left; font-size: 8pt;\">halber Tag<\/p>\n<\/td>\n<td style=\"text-align: right;\"><span style=\"font-family: Georgia, Palatino; font-size: 8pt;\">350,00<\/span><\/td>\n<td style=\"text-align: right;\"><span style=\"font-family: Georgia, Palatino; font-size: 8pt;\">750,00  <\/span><\/td>\n<\/tr>\n<tr>\n<td>\n<p style=\"text-align: left;\"><span style=\"font-family: Georgia, Palatino; font-size: 8pt;\">ganzer Tag<\/span><\/p>\n<\/td>\n<td style=\"text-align: right;\"><span style=\"font-family: Georgia, Palatino; font-size: 8pt;\">450,00  <\/span><\/td>\n<td style=\"text-align: right;\"><span style=\"font-family: Georgia, Palatino; font-size: 8pt;\">950,00  <\/span><\/td>\n<\/tr>\n<tr>\n<td><\/td>\n<td style=\"text-align: right;\"><\/td>\n<td style=\"text-align: right;\"><\/td>\n<\/tr>\n<tr>\n<td>\n<p style=\"text-align: left;\"><span style=\"font-family: Georgia, Palatino; font-size: 8pt;\">\u00dcbernachtung <\/span><\/p>\n<\/td>\n<td style=\"text-align: right;\"><span style=\"font-family: Georgia, Palatino; font-size: 8pt;\">50,00<\/span><\/td>\n<td style=\"text-align: right;\"><span style=\"font-family: Georgia, Palatino; font-size: 8pt;\">pro Person<\/span><\/td>\n<\/tr>\n<\/tbody>\n<\/table>\n<p>[\/vc_column_text][vc_empty_space height=&#8220;15px&#8220; image_repeat=&#8220;no-repeat&#8220;][vc_column_text]<\/p>\n<p style=\"text-align: justify;\"><span style=\"font-size: 8pt;\">Preise exkl. audiovisuelle Ausstattung: Beamer, Leinwand, Flipchart + Stifte und WLAN Exkl. MwSt. Alle Betr\u00e4ge in EURO \u20ac.<\/span><\/p>\n<p>[\/vc_column_text][vc_separator type=&#8220;normal&#8220; color=&#8220;rgba(0,0,0,0.5)&#8220; thickness=&#8220;1px&#8220;][\/vc_column][vc_column width=&#8220;1\/4&#8243;][vc_empty_space height=&#8220;15px&#8220; image_repeat=&#8220;no-repeat&#8220;][vc_column_text]<\/p>\n<h2 style=\"text-align: right;\">\u00dcBERNACHTEN<\/h2>\n<p>[\/vc_column_text][vc_empty_space height=&#8220;5px&#8220; image_repeat=&#8220;no-repeat&#8220;][vc_column_text]<\/p>\n<p style=\"text-align: justify;\">Het Voorhuis hat 3 Schlafzimmer und der Ferienbauernhof hat 9. Wenn die gesamte Anlage gemietet wird, haben Sie also 12 Schlafzimmer, wobei die Privatsph\u00e4re bei einem mehrt\u00e4gigen Aufenthalt gew\u00e4hrleistet ist. Nicht jedes Schlafzimmer hat eine eigene Sanit\u00e4reinrichtung.  <\/p>\n<p>[\/vc_column_text][vc_empty_space height=&#8220;25px&#8220; image_repeat=&#8220;no-repeat&#8220;][vc_column_text]Sie wissen nicht, was m\u00f6glich ist? \u00dcberlassen Sie es uns. Denn wir organisieren zum Beispiel ein Betriebsfest&#8230;[\/vc_column_text][vc_empty_space height=&#8220;12px&#8220; image_repeat=&#8220;no-repeat&#8220;][vc_column_text]<\/p>\n<p style=\"text-align: right;\"><a class=\"qbutton small white icon_right\" href=\"https:\/\/itflinkeboskje.nl\/locatiehuur\/\" target=\"_self\" rel=\"noopener\">Betriebsfest  &gt;<\/a><\/p>\n<p>[\/vc_column_text][\/vc_column][\/vc_row][vc_row row_type=&#8220;row&#8220; use_row_as_full_screen_section=&#8220;yes&#8220; type=&#8220;full_width&#8220; oblique_section=&#8220;no&#8220; text_align=&#8220;left&#8220; css_animation=&#8220;&#8220;][vc_column width=&#8220;1\/4&#8243;][vc_empty_space height=&#8220;15px&#8220; image_repeat=&#8220;no-repeat&#8220;][vc_single_image image=&#8220;57253&#8243; img_size=&#8220;full&#8220; qode_css_animation=&#8220;&#8220;][\/vc_column][vc_column width=&#8220;1\/4&#8243;][vc_empty_space height=&#8220;15px&#8220; image_repeat=&#8220;no-repeat&#8220;][vc_single_image image=&#8220;57255&#8243; img_size=&#8220;full&#8220; qode_css_animation=&#8220;&#8220;][\/vc_column][vc_column width=&#8220;1\/4&#8243;][vc_empty_space height=&#8220;10px&#8220; image_repeat=&#8220;no-repeat&#8220;][vc_single_image image=&#8220;57251&#8243; img_size=&#8220;full&#8220; qode_css_animation=&#8220;&#8220;][\/vc_column][vc_column width=&#8220;1\/4&#8243;][vc_empty_space height=&#8220;15px&#8220; image_repeat=&#8220;no-repeat&#8220;][vc_single_image image=&#8220;57249&#8243; img_size=&#8220;full&#8220; qode_css_animation=&#8220;&#8220;][\/vc_column][\/vc_row][vc_row row_type=&#8220;row&#8220; use_row_as_full_screen_section=&#8220;yes&#8220; type=&#8220;full_width&#8220; oblique_section=&#8220;no&#8220; text_align=&#8220;left&#8220; css_animation=&#8220;&#8220;][vc_column][vc_empty_space height=&#8220;20px&#8220; image_repeat=&#8220;no-repeat&#8220;][vc_column_text]Sehen Sie sich hier den Film an, den ARTISAN Creatives f\u00fcr die Website <a href=\"http:\/\/www.meetinfriesland.nl\">meetinfriesland.nl<\/a> gedreht hat[\/vc_column_text][vc_empty_space height=&#8220;10px&#8220; image_repeat=&#8220;no-repeat&#8220;][vc_video link=&#8220;https:\/\/vimeo.com\/552335797\/7b430ae8f1&#8243; align=&#8220;center&#8220;][\/vc_column][\/vc_row]<\/p>\n","protected":false},"excerpt":{"rendered":"<p>[vc_row row_type=&#8220;row&#8220; use_row_as_full_screen_section=&#8220;yes&#8220; type=&#8220;full_width&#8220; oblique_section=&#8220;no&#8220; text_align=&#8220;left&#8220; css_animation=&#8220;&#8220;][vc_column width=&#8220;1\/4&#8243;][vc_empty_space height=&#8220;15px&#8220; image_repeat=&#8220;no-repeat&#8220;][vc_column_text] BESPRECHUNGEN [\/vc_column_text][vc_empty_space height=&#8220;5px&#8220; image_repeat=&#8220;no-repeat&#8220;][vc_column_text] Der weite Blick \u00fcber die Landschaft regt zum Nachdenken an. [\/vc_column_text][vc_empty_space height=&#8220;30px&#8220; image_repeat=&#8220;no-repeat&#8220;][vc_column_text]Ein sch\u00f6ner Spaziergang oder ein Segelt\u00f6rn machen den Kopf&#8230;<\/p>\n","protected":false},"author":2,"featured_media":0,"parent":0,"menu_order":0,"comment_status":"closed","ping_status":"closed","template":"","meta":{"footnotes":""},"class_list":["post-57979","page","type-page","status-publish","hentry"],"yoast_head":"<!-- This site is optimized with the Yoast SEO plugin v27.1.1 - https:\/\/yoast.com\/product\/yoast-seo-wordpress\/ -->\n<title>Gesch\u00e4ftstreffen an einem au\u00dfergew\u00f6hnlichen Ort. Gruppenunterkunft in Friesland.<\/title>\n<meta name=\"description\" content=\"Brainstorming, Meetings und Teambuilding im it Flinkeboskje. Unsere Gruppenunterkunft in Friesland ist daf\u00fcr sehr gut geeignet.\" \/>\n<meta name=\"robots\" content=\"index, follow, max-snippet:-1, max-image-preview:large, max-video-preview:-1\" \/>\n<link rel=\"canonical\" href=\"https:\/\/itflinkeboskje.nl\/de\/treffen\/\" \/>\n<meta property=\"og:locale\" content=\"de_DE\" \/>\n<meta property=\"og:type\" content=\"article\" \/>\n<meta property=\"og:title\" content=\"Gesch\u00e4ftstreffen an einem au\u00dfergew\u00f6hnlichen Ort. Gruppenunterkunft in Friesland.\" \/>\n<meta property=\"og:description\" content=\"Brainstorming, Meetings und Teambuilding im it Flinkeboskje. Unsere Gruppenunterkunft in Friesland ist daf\u00fcr sehr gut geeignet.\" \/>\n<meta property=\"og:url\" content=\"https:\/\/itflinkeboskje.nl\/de\/treffen\/\" \/>\n<meta property=\"og:site_name\" content=\"It Flinkeboskje en de Flinkefarm\" \/>\n<meta property=\"article:modified_time\" content=\"2025-03-20T10:14:28+00:00\" \/>\n<meta name=\"twitter:label1\" content=\"Gesch\u00e4tzte Lesezeit\" \/>\n\t<meta name=\"twitter:data1\" content=\"3\u00a0Minuten\" \/>\n<script type=\"application\/ld+json\" class=\"yoast-schema-graph\">{\"@context\":\"https:\/\/schema.org\",\"@graph\":[{\"@type\":\"WebPage\",\"@id\":\"https:\/\/itflinkeboskje.nl\/de\/treffen\/\",\"url\":\"https:\/\/itflinkeboskje.nl\/de\/treffen\/\",\"name\":\"Gesch\u00e4ftstreffen an einem au\u00dfergew\u00f6hnlichen Ort. Gruppenunterkunft in Friesland.\",\"isPartOf\":{\"@id\":\"https:\/\/itflinkeboskje.nl\/de\/#website\"},\"datePublished\":\"2015-02-21T16:28:21+00:00\",\"dateModified\":\"2025-03-20T10:14:28+00:00\",\"description\":\"Brainstorming, Meetings und Teambuilding im it Flinkeboskje. Unsere Gruppenunterkunft in Friesland ist daf\u00fcr sehr gut geeignet.\",\"breadcrumb\":{\"@id\":\"https:\/\/itflinkeboskje.nl\/de\/treffen\/#breadcrumb\"},\"inLanguage\":\"de\",\"potentialAction\":[{\"@type\":\"ReadAction\",\"target\":[\"https:\/\/itflinkeboskje.nl\/de\/treffen\/\"]}]},{\"@type\":\"BreadcrumbList\",\"@id\":\"https:\/\/itflinkeboskje.nl\/de\/treffen\/#breadcrumb\",\"itemListElement\":[{\"@type\":\"ListItem\",\"position\":1,\"name\":\"Home\",\"item\":\"https:\/\/itflinkeboskje.nl\/de\/\"},{\"@type\":\"ListItem\",\"position\":2,\"name\":\"Besprechungen\"}]},{\"@type\":\"WebSite\",\"@id\":\"https:\/\/itflinkeboskje.nl\/de\/#website\",\"url\":\"https:\/\/itflinkeboskje.nl\/de\/\",\"name\":\"It Flinkeboskje en de Flinkefarm\",\"description\":\"Luxe groepsaccommodatie en vakantieboerderij it Flinkeboskje, vakantiewoning het Voorhuis en de Flinkefarm\",\"potentialAction\":[{\"@type\":\"SearchAction\",\"target\":{\"@type\":\"EntryPoint\",\"urlTemplate\":\"https:\/\/itflinkeboskje.nl\/de\/?s={search_term_string}\"},\"query-input\":{\"@type\":\"PropertyValueSpecification\",\"valueRequired\":true,\"valueName\":\"search_term_string\"}}],\"inLanguage\":\"de\"}]}<\/script>\n<!-- \/ Yoast SEO plugin. -->","yoast_head_json":{"title":"Gesch\u00e4ftstreffen an einem au\u00dfergew\u00f6hnlichen Ort. Gruppenunterkunft in Friesland.","description":"Brainstorming, Meetings und Teambuilding im it Flinkeboskje. Unsere Gruppenunterkunft in Friesland ist daf\u00fcr sehr gut geeignet.","robots":{"index":"index","follow":"follow","max-snippet":"max-snippet:-1","max-image-preview":"max-image-preview:large","max-video-preview":"max-video-preview:-1"},"canonical":"https:\/\/itflinkeboskje.nl\/de\/treffen\/","og_locale":"de_DE","og_type":"article","og_title":"Gesch\u00e4ftstreffen an einem au\u00dfergew\u00f6hnlichen Ort. Gruppenunterkunft in Friesland.","og_description":"Brainstorming, Meetings und Teambuilding im it Flinkeboskje. Unsere Gruppenunterkunft in Friesland ist daf\u00fcr sehr gut geeignet.","og_url":"https:\/\/itflinkeboskje.nl\/de\/treffen\/","og_site_name":"It Flinkeboskje en de Flinkefarm","article_modified_time":"2025-03-20T10:14:28+00:00","twitter_misc":{"Gesch\u00e4tzte Lesezeit":"3\u00a0Minuten"},"schema":{"@context":"https:\/\/schema.org","@graph":[{"@type":"WebPage","@id":"https:\/\/itflinkeboskje.nl\/de\/treffen\/","url":"https:\/\/itflinkeboskje.nl\/de\/treffen\/","name":"Gesch\u00e4ftstreffen an einem au\u00dfergew\u00f6hnlichen Ort. Gruppenunterkunft in Friesland.","isPartOf":{"@id":"https:\/\/itflinkeboskje.nl\/de\/#website"},"datePublished":"2015-02-21T16:28:21+00:00","dateModified":"2025-03-20T10:14:28+00:00","description":"Brainstorming, Meetings und Teambuilding im it Flinkeboskje. Unsere Gruppenunterkunft in Friesland ist daf\u00fcr sehr gut geeignet.","breadcrumb":{"@id":"https:\/\/itflinkeboskje.nl\/de\/treffen\/#breadcrumb"},"inLanguage":"de","potentialAction":[{"@type":"ReadAction","target":["https:\/\/itflinkeboskje.nl\/de\/treffen\/"]}]},{"@type":"BreadcrumbList","@id":"https:\/\/itflinkeboskje.nl\/de\/treffen\/#breadcrumb","itemListElement":[{"@type":"ListItem","position":1,"name":"Home","item":"https:\/\/itflinkeboskje.nl\/de\/"},{"@type":"ListItem","position":2,"name":"Besprechungen"}]},{"@type":"WebSite","@id":"https:\/\/itflinkeboskje.nl\/de\/#website","url":"https:\/\/itflinkeboskje.nl\/de\/","name":"It Flinkeboskje en de Flinkefarm","description":"Luxe groepsaccommodatie en vakantieboerderij it Flinkeboskje, vakantiewoning het Voorhuis en de Flinkefarm","potentialAction":[{"@type":"SearchAction","target":{"@type":"EntryPoint","urlTemplate":"https:\/\/itflinkeboskje.nl\/de\/?s={search_term_string}"},"query-input":{"@type":"PropertyValueSpecification","valueRequired":true,"valueName":"search_term_string"}}],"inLanguage":"de"}]}},"_links":{"self":[{"href":"https:\/\/itflinkeboskje.nl\/de\/wp-json\/wp\/v2\/pages\/57979","targetHints":{"allow":["GET"]}}],"collection":[{"href":"https:\/\/itflinkeboskje.nl\/de\/wp-json\/wp\/v2\/pages"}],"about":[{"href":"https:\/\/itflinkeboskje.nl\/de\/wp-json\/wp\/v2\/types\/page"}],"author":[{"embeddable":true,"href":"https:\/\/itflinkeboskje.nl\/de\/wp-json\/wp\/v2\/users\/2"}],"replies":[{"embeddable":true,"href":"https:\/\/itflinkeboskje.nl\/de\/wp-json\/wp\/v2\/comments?post=57979"}],"version-history":[{"count":7,"href":"https:\/\/itflinkeboskje.nl\/de\/wp-json\/wp\/v2\/pages\/57979\/revisions"}],"predecessor-version":[{"id":58371,"href":"https:\/\/itflinkeboskje.nl\/de\/wp-json\/wp\/v2\/pages\/57979\/revisions\/58371"}],"wp:attachment":[{"href":"https:\/\/itflinkeboskje.nl\/de\/wp-json\/wp\/v2\/media?parent=57979"}],"curies":[{"name":"wp","href":"https:\/\/api.w.org\/{rel}","templated":true}]}}