{"id":57959,"date":"2023-11-22T17:51:59","date_gmt":"2023-11-22T16:51:59","guid":{"rendered":"https:\/\/itflinkeboskje.nl\/ferienhaus-the-front-house-2023\/"},"modified":"2025-05-04T17:03:26","modified_gmt":"2025-05-04T15:03:26","slug":"ferienhaus-het-voorhuis-2","status":"publish","type":"page","link":"https:\/\/itflinkeboskje.nl\/de\/ferienhaus-het-voorhuis-2\/","title":{"rendered":"Ferienhaus Het Voorhuis"},"content":{"rendered":"<p>[vc_row row_type=&#8220;row&#8220; use_row_as_full_screen_section=&#8220;no&#8220; type=&#8220;full_width&#8220; oblique_section=&#8220;no&#8220; text_align=&#8220;left&#8220; css_animation=&#8220;&#8220;][vc_column][vc_empty_space height=&#8220;15px&#8220; image_repeat=&#8220;no-repeat&#8220;][vc_column_text]<\/p>\r\n<h2 style=\"text-align: left;\"><span style=\"font-size: 24pt;\">FERIENWOHNUNG HET VOORHUIS<\/span><\/h2>\r\n<p>[\/vc_column_text][vc_empty_space height=&#8220;5px&#8220; image_repeat=&#8220;no-repeat&#8220;][vc_column_text]<\/p>\r\n\r\n<div class=\"wp-block-spacer\" style=\"height: 34px;\" aria-hidden=\"true\">\u00a0<\/div>\r\n\r\n<p>&nbsp;<\/p>\r\n\r\n<p>[\/vc_column_text][vc_column_text]<\/p>\r\n<p>Suchen Sie ein luxuri\u00f6ses und helles Ferienhaus im sch\u00f6nen Norden der Niederlande? Entdecken Sie das Ferienhaus Het Voorhuis in Hemelum Friesland, ein wunderbarer Ort f\u00fcr Familien und kleine Gruppen von Freunden. Mit drei ger\u00e4umigen Schlafzimmern und zwei Badezimmern bietet dieses Ferienhaus die perfekte Kombination aus Komfort und Stil f\u00fcr ein unvergessliches Urlaubserlebnis.<\/p>\r\n<p>&nbsp;<\/p>\r\n<p><a href=\"https:\/\/itflinkeboskje.nl\/locatie-overzicht-flinkeboskje-en-de-flinkefarm\/\">Het Voorhuis<\/a> empf\u00e4ngt seine G\u00e4ste in einem stimmungsvollen Ambiente mit<a href=\"https:\/\/itflinkeboskje.nl\/sip-en-clara\/\"> viel Liebe zum Design<\/a>. Genie\u00dfen Sie den gem\u00fctlichen Kaminofen im Freien und verbringen Sie die Abende entspannt unter dem Sternenhimmel, umgeben von der friedlichen Natur Frieslands. Der weitl\u00e4ufige Garten mit Obstb\u00e4umen ist ein wahres Paradies f\u00fcr Kinder zum Spielen, w\u00e4hrend die Erwachsenen sich entspannen und die ruhige Umgebung genie\u00dfen.<\/p>\r\n<p>&nbsp;<\/p>\r\n<p>Egal, ob Sie sich nach Ruhe und Frieden oder nach abenteuerlichen Aktivit\u00e4ten in der Natur sehnen, Het Voorhuis ist der perfekte Ausgangspunkt. Erkunden Sie Frieslands malerische D\u00f6rfer und sch\u00f6ne Landschaften, machen Sie einen entspannenden Spaziergang am IJsselmeer oder im Rijsterbos oder genie\u00dfen Sie <a href=\"https:\/\/www.zeilschooldemorra.nl\">Wassersportaktivit\u00e4ten<\/a> in der N\u00e4he.<\/p>\r\n<p>&nbsp;<\/p>\r\n<p>Dank seiner guten Lage bietet Het Voorhuis einen einfachen Zugang zu vielen M\u00f6glichkeiten in der <a href=\"https:\/\/itflinkeboskje.nl\/de-omgeving\/\">Umgebung<\/a>. Entdecken Sie die Atmosph\u00e4re Frieslands, probieren Sie k\u00f6stliche regionale Gerichte in lokalen Restaurants oder machen Sie eine Bootsfahrt durch die Wasserlandschaft.<\/p>\r\n<p>Kurzum, das Ferienhaus Het Voorhuis in Hemelum Friesland ist das ideale Urlaubsziel f\u00fcr alle, die Komfort, Luxus und Entspannung inmitten der nat\u00fcrlichen Sch\u00f6nheit dieser sch\u00f6nen Region suchen. Buchen Sie noch heute und machen Sie sich bereit f\u00fcr ein unvergessliches Urlaubserlebnis!<\/p>\r\n<p>[\/vc_column_text][vc_empty_space height=&#8220;30px&#8220; image_repeat=&#8220;no-repeat&#8220;][vc_row_inner row_type=&#8220;row&#8220; type=&#8220;full_width&#8220; use_row_as_full_screen_section_slide=&#8220;no&#8220; text_align=&#8220;left&#8220; css_animation=&#8220;&#8220;][vc_column_inner width=&#8220;1\/2&#8243;][vc_column_text]<\/p>\r\n<h2 style=\"text-align: left;\"><span style=\"font-size: 14pt;\">PREISE<\/span><\/h2>\r\n<p>[\/vc_column_text][vc_column_text]<\/p>\r\n<p style=\"text-align: left;\"><strong>Richtpreis f\u00fcr 5 Personen in Het Voorhuis<\/strong><\/p>\r\n<p>[\/vc_column_text][vc_column_text]<\/p>\r\n<div class=\"wptb-container-legacy\" data-table-id=\"58553\">\n    <table class=\"wptb-preview-table wptb-element-main-table_setting-58553\" style=\"border-spacing: 3px 3px; border-collapse: collapse !important; min-width: 100%; border: 1px solid #d1d1d1; \" data-border-spacing-columns=\"3\" data-border-spacing-rows=\"3\" data-reconstraction=\"1\" data-wptb-table-directives=\"eyJpbm5lckJvcmRlcnMiOnsiYWN0aXZlIjoiYWxsIiwiYm9yZGVyV2lkdGgiOjEsImJvcmRlclJhZGl1c2VzIjp7ImFsbCI6MCwicm93IjowLCJjb2x1bW4iOjB9fX0=\" data-wptb-responsive-directives=\"eyJyZXNwb25zaXZlRW5hYmxlZCI6dHJ1ZSwicmVzcG9uc2l2ZU1vZGUiOiJhdXRvIiwicmVsYXRpdmVXaWR0aCI6IndpbmRvdyIsInByZXNlcnZlUm93Q29sb3IiOmZhbHNlLCJoZWFkZXJGdWxseU1lcmdlZCI6ZmFsc2UsImJyZWFrcG9pbnRzIjp7ImRlc2t0b3AiOnsibmFtZSI6ImRlc2t0b3AiLCJ3aWR0aCI6MTAyNH0sInRhYmxldCI6eyJuYW1lIjoidGFibGV0Iiwid2lkdGgiOjcwMH0sIm1vYmlsZSI6eyJuYW1lIjoibW9iaWxlIiwid2lkdGgiOjM3NX19LCJtb2RlT3B0aW9ucyI6eyJhdXRvIjp7ImRpc2FibGVkIjp7ImRlc2t0b3AiOmZhbHNlLCJ0YWJsZXQiOmZhbHNlLCJtb2JpbGUiOmZhbHNlfSwidG9wUm93QXNIZWFkZXIiOnsiZGVza3RvcCI6ZmFsc2UsInRhYmxldCI6dHJ1ZSwibW9iaWxlIjp0cnVlfSwicmVwZWF0TWVyZ2VkSGVhZGVyIjp7ImRlc2t0b3AiOnRydWUsInRhYmxldCI6dHJ1ZSwibW9iaWxlIjp0cnVlfSwic3RhdGljVG9wUm93Ijp7ImRlc2t0b3AiOmZhbHNlLCJ0YWJsZXQiOmZhbHNlLCJtb2JpbGUiOmZhbHNlfSwiY2VsbFN0YWNrRGlyZWN0aW9uIjp7ImRlc2t0b3AiOiJyb3ciLCJ0YWJsZXQiOiJyb3ciLCJtb2JpbGUiOiJyb3cifSwiY2VsbHNQZXJSb3ciOnsiZGVza3RvcCI6MSwidGFibGV0IjoxLCJtb2JpbGUiOjF9fX19\" data-wptb-cells-width-auto-count=\"4\" data-wptb-horizontal-scroll-status=\"1\" data-wptb-extra-styles=\"LyogRW50ZXIgeW91ciBjdXN0b20gQ1NTIHJ1bGVzIGhlcmUgKi8=\" data-wptb-pro-pagination-top-row-header=\"false\" data-wptb-rows-per-page=\"10\" data-wptb-pro-search-top-row-header=\"false\" data-wptb-searchbar-position=\"left\" role=\"table\" data-table-columns=\"4\" data-wptb-table-alignment=\"center\" data-wptb-td-width-auto=\"69\" data-wptb-table-tds-sum-max-width=\"363\" ><tbody data-global-font-size=\"15\" ><tr  class=\"wptb-row \" style=\"\"><td class=\"wptb-cell \" colspan=\"1\" rowspan=\"1\" style=\"padding: 10px; border-width: 1px; border-color: #d1d1d1; border-style: solid; border-radius: 0px; \" data-y-index=\"0\" data-x-index=\"0\" data-wptb-css-td-auto-width=\"true\" data-wptb-css-td-auto-height=\"true\" data-wptb-cell-vertical-alignment=\"center\" ><div class=\"wptb-text-container wptb-ph-element wptb-element-text-597\" style=\"color: #000000; font-size: 15px; \"><div style=\"position: relative;\"><p><\/p><\/div><\/div><\/td><td class=\"wptb-cell \" colspan=\"1\" rowspan=\"1\" style=\"padding: 10px; border-width: 1px; border-color: #d1d1d1; border-style: solid; border-radius: 0px; \" data-y-index=\"0\" data-x-index=\"1\" data-wptb-css-td-auto-width=\"true\" data-wptb-css-td-auto-height=\"true\" data-wptb-cell-vertical-alignment=\"center\" ><div class=\"wptb-text-container wptb-ph-element wptb-element-text-598\" style=\"color: #000000; font-size: 12px; \"><div style=\"position: relative;\"><p>Wochenende 3 N\u00e4chte<\/p><\/div><\/div><\/td><td class=\"wptb-cell \" colspan=\"1\" rowspan=\"1\" style=\"padding: 10px; border-width: 1px; border-color: #d1d1d1; border-style: solid; border-radius: 0px; \" data-y-index=\"0\" data-x-index=\"2\" data-wptb-css-td-auto-width=\"true\" data-wptb-css-td-auto-height=\"true\" data-wptb-cell-vertical-alignment=\"center\" ><div class=\"wptb-text-container wptb-ph-element wptb-element-text-599\" style=\"color: #000000; font-size: 12px; \"><div style=\"position: relative;\"><p>Midweek 3 N\u00e4chte<\/p><\/div><\/div><\/td><td class=\"wptb-cell \" colspan=\"1\" rowspan=\"1\" style=\"padding: 10px; border-width: 1px; border-color: #d1d1d1; border-style: solid; border-radius: 0px; \" data-y-index=\"0\" data-x-index=\"3\" data-wptb-css-td-auto-width=\"true\" data-wptb-css-td-auto-height=\"true\" data-wptb-cell-vertical-alignment=\"center\" ><div class=\"wptb-text-container wptb-ph-element wptb-element-text-600\" style=\"color: #000000; font-size: 12px; \"><div style=\"position: relative;\"><p>Woche 7 N\u00e4chte<\/p><\/div><\/div><\/td><\/tr><tr  class=\"wptb-row \" style=\"\"><td class=\"wptb-cell \" colspan=\"1\" rowspan=\"1\" style=\"padding: 10px; border-width: 1px; border-color: #d1d1d1; border-style: solid; border-radius: 0px; \" data-y-index=\"1\" data-x-index=\"0\" data-wptb-css-td-auto-width=\"true\" data-wptb-css-td-auto-height=\"true\" data-wptb-cell-vertical-alignment=\"center\" ><div class=\"wptb-text-container wptb-ph-element wptb-element-text-601\" style=\"color: #000000; font-size: 12px; \"><div style=\"position: relative;\"><p>Nebensaison (Nov - Feb)<\/p><\/div><\/div><\/td><td class=\"wptb-cell \" colspan=\"1\" rowspan=\"1\" style=\"padding: 10px; border-width: 1px; border-color: #d1d1d1; border-style: solid; border-radius: 0px; \" data-y-index=\"1\" data-x-index=\"1\" data-wptb-css-td-auto-width=\"true\" data-wptb-css-td-auto-height=\"true\" data-wptb-cell-vertical-alignment=\"center\" ><div class=\"wptb-text-container wptb-ph-element wptb-element-text-602\" style=\"color: #000000; font-size: 12px; \"><div style=\"position: relative;\"><p>600 \u20ac<\/p><\/div><\/div><\/td><td class=\"wptb-cell \" colspan=\"1\" rowspan=\"1\" style=\"padding: 10px; border-width: 1px; border-color: #d1d1d1; border-style: solid; border-radius: 0px; \" data-y-index=\"1\" data-x-index=\"2\" data-wptb-css-td-auto-width=\"true\" data-wptb-css-td-auto-height=\"true\" data-wptb-cell-vertical-alignment=\"center\" ><div class=\"wptb-text-container wptb-ph-element wptb-element-text-603\" style=\"color: #000000; font-size: 12px; \"><div style=\"position: relative;\"><p>450 \u20ac<\/p><\/div><\/div><\/td><td class=\"wptb-cell \" colspan=\"1\" rowspan=\"1\" style=\"padding: 10px; border-width: 1px; border-color: #d1d1d1; border-style: solid; border-radius: 0px; \" data-y-index=\"1\" data-x-index=\"3\" data-wptb-css-td-auto-width=\"true\" data-wptb-css-td-auto-height=\"true\" data-wptb-cell-vertical-alignment=\"center\" ><div class=\"wptb-text-container wptb-ph-element wptb-element-text-604\" style=\"color: #000000; font-size: 12px; \"><div style=\"position: relative;\"><p>1050 \u20ac<\/p><\/div><\/div><\/td><\/tr><tr  class=\"wptb-row \" style=\"\"><td class=\"wptb-cell \" colspan=\"1\" rowspan=\"1\" style=\"padding: 10px; border-width: 1px; border-color: #d1d1d1; border-style: solid; border-radius: 0px; \" data-y-index=\"2\" data-x-index=\"0\" data-wptb-css-td-auto-width=\"true\" data-wptb-css-td-auto-height=\"true\" data-wptb-cell-vertical-alignment=\"center\" ><div class=\"wptb-text-container wptb-ph-element wptb-element-text-605\" style=\"color: #000000; font-size: 12px; \"><div style=\"position: relative;\"><p>Hochsaison<\/p><\/div><\/div><\/td><td class=\"wptb-cell \" colspan=\"1\" rowspan=\"1\" style=\"padding: 10px; border-width: 1px; border-color: #d1d1d1; border-style: solid; border-radius: 0px; \" data-y-index=\"2\" data-x-index=\"1\" data-wptb-css-td-auto-width=\"true\" data-wptb-css-td-auto-height=\"true\" data-wptb-cell-vertical-alignment=\"center\" ><div class=\"wptb-text-container wptb-ph-element wptb-element-text-606\" style=\"color: #000000; font-size: 12px; \"><div style=\"position: relative;\"><p>650 \u20ac<\/p><\/div><\/div><\/td><td class=\"wptb-cell \" colspan=\"1\" rowspan=\"1\" style=\"padding: 10px; border-width: 1px; border-color: #d1d1d1; border-style: solid; border-radius: 0px; \" data-y-index=\"2\" data-x-index=\"2\" data-wptb-css-td-auto-width=\"true\" data-wptb-css-td-auto-height=\"true\" data-wptb-cell-vertical-alignment=\"center\" ><div class=\"wptb-text-container wptb-ph-element wptb-element-text-607\" style=\"color: #000000; font-size: 12px; \"><div style=\"position: relative;\"><p>450 \u20ac<\/p><\/div><\/div><\/td><td class=\"wptb-cell \" colspan=\"1\" rowspan=\"1\" style=\"padding: 10px; border-width: 1px; border-color: #d1d1d1; border-style: solid; border-radius: 0px; \" data-y-index=\"2\" data-x-index=\"3\" data-wptb-css-td-auto-width=\"true\" data-wptb-css-td-auto-height=\"true\" data-wptb-cell-vertical-alignment=\"center\" ><div class=\"wptb-text-container wptb-ph-element wptb-element-text-608\" style=\"color: #000000; font-size: 12px; \"><div style=\"position: relative;\"><p>1050 \u20ac<\/p><\/div><\/div><\/td><\/tr><tr  class=\"wptb-row \" style=\"\"><td class=\"wptb-cell \" colspan=\"1\" rowspan=\"1\" style=\"padding: 10px; border-width: 1px; border-color: #d1d1d1; border-style: solid; border-radius: 0px; \" data-y-index=\"3\" data-x-index=\"0\" data-wptb-css-td-auto-width=\"true\" data-wptb-css-td-auto-height=\"true\" data-wptb-cell-vertical-alignment=\"center\" ><div class=\"wptb-text-container wptb-ph-element wptb-element-text-609\" style=\"color: #000000; font-size: 12px; \"><div style=\"position: relative;\"><p>Feiertage &amp; Ferien *<\/p><\/div><\/div><\/td><td class=\"wptb-cell \" colspan=\"1\" rowspan=\"1\" style=\"padding: 10px; border-width: 1px; border-color: #d1d1d1; border-style: solid; border-radius: 0px; \" data-y-index=\"3\" data-x-index=\"1\" data-wptb-css-td-auto-width=\"true\" data-wptb-css-td-auto-height=\"true\" data-wptb-cell-vertical-alignment=\"center\" ><div class=\"wptb-text-container wptb-ph-element wptb-element-text-610\" style=\"color: #000000; font-size: 12px; \"><div style=\"position: relative;\"><p>850 \u20ac<\/p><\/div><\/div><\/td><td class=\"wptb-cell \" colspan=\"1\" rowspan=\"1\" style=\"padding: 10px; border-width: 1px; border-color: #d1d1d1; border-style: solid; border-radius: 0px; \" data-y-index=\"3\" data-x-index=\"2\" data-wptb-css-td-auto-width=\"true\" data-wptb-css-td-auto-height=\"true\" data-wptb-cell-vertical-alignment=\"center\" ><div class=\"wptb-text-container wptb-ph-element wptb-element-text-611\" style=\"color: #000000; font-size: 12px; \"><div style=\"position: relative;\"><p>600 \u20ac<\/p><\/div><\/div><\/td><td class=\"wptb-cell \" colspan=\"1\" rowspan=\"1\" style=\"padding: 10px; border-width: 1px; border-color: #d1d1d1; border-style: solid; border-radius: 0px; \" data-y-index=\"3\" data-x-index=\"3\" data-wptb-css-td-auto-width=\"true\" data-wptb-css-td-auto-height=\"true\" data-wptb-cell-vertical-alignment=\"center\" ><div class=\"wptb-text-container wptb-ph-element wptb-element-text-612\" style=\"color: #000000; font-size: 12px; \"><div style=\"position: relative;\"><p>1350 \u20ac<\/p><p><\/p><\/div><\/div><\/td><\/tr><tr  class=\"wptb-row \" style=\"\"><td class=\"wptb-cell \" colspan=\"1\" rowspan=\"1\" style=\"padding: 10px; border-width: 1px; border-color: #d1d1d1; border-style: solid; border-radius: 0px; \" data-y-index=\"4\" data-x-index=\"0\" data-wptb-css-td-auto-width=\"true\" data-wptb-css-td-auto-height=\"true\" data-wptb-cell-vertical-alignment=\"center\" ><div class=\"wptb-text-container wptb-ph-element wptb-element-text-613\" style=\"color: #000000; font-size: 12px; \"><div style=\"position: relative;\"><p>6. Person pro Nacht<\/p><\/div><\/div><\/td><td class=\"wptb-cell \" colspan=\"1\" rowspan=\"1\" style=\"padding: 10px; border-width: 1px; border-color: #d1d1d1; border-style: solid; border-radius: 0px; \" data-y-index=\"4\" data-x-index=\"1\" data-wptb-css-td-auto-width=\"true\" data-wptb-css-td-auto-height=\"true\" data-wptb-cell-vertical-alignment=\"center\" ><div class=\"wptb-text-container wptb-ph-element wptb-element-text-614\" style=\"color: #000000; font-size: 12px; \"><div style=\"position: relative;\"><p>25 \u20ac<\/p><p><\/p><\/div><\/div><\/td><td class=\"wptb-cell \" colspan=\"1\" rowspan=\"1\" style=\"padding: 10px; border-width: 1px; border-color: #d1d1d1; border-style: solid; border-radius: 0px; \" data-y-index=\"4\" data-x-index=\"2\" data-wptb-css-td-auto-width=\"true\" data-wptb-css-td-auto-height=\"true\" data-wptb-cell-vertical-alignment=\"center\" ><div class=\"wptb-text-container wptb-ph-element wptb-element-text-615\" style=\"color: #000000; font-size: 12px; \"><div style=\"position: relative;\"><p>25 \u20ac<\/p><\/div><\/div><\/td><td class=\"wptb-cell \" colspan=\"1\" rowspan=\"1\" style=\"padding: 10px; border-width: 1px; border-color: #d1d1d1; border-style: solid; border-radius: 0px; \" data-y-index=\"4\" data-x-index=\"3\" data-wptb-css-td-auto-width=\"true\" data-wptb-css-td-auto-height=\"true\" data-wptb-cell-vertical-alignment=\"center\" ><div class=\"wptb-text-container wptb-ph-element wptb-element-text-616\" style=\"color: #000000; font-size: 12px; \"><div style=\"position: relative;\"><p>25 \u20ac<\/p><\/div><\/div><\/td><\/tr><\/tbody><\/table>\n<\/div>\n\r\n<p>[\/vc_column_text][vc_empty_space height=&#8220;30px&#8220; image_repeat=&#8220;no-repeat&#8220;][vc_column_text]<\/p>\r\n<p><strong><span style=\"font-size: 10pt;\"><span style=\"font-size: 12pt;\">*Zuschlag <\/span>w\u00e4hrend der Schulferien, Ostern, Pfingsten, Himmelfahrt, Weihnachten und Neujahr.<\/span><\/strong><\/p>\r\n<p>&nbsp;<\/p>\r\n<p>[\/vc_column_text][\/vc_column_inner][vc_column_inner width=&#8220;1\/2&#8243;][vc_empty_space height=&#8220;15px&#8220; image_repeat=&#8220;no-repeat&#8220;][vc_column_text]<\/p>\r\n<ul>\r\n<li style=\"list-style-type: none;\">\r\n<ul>\r\n<li><strong> <span style=\"font-size: 10pt;\">Inklusive bezogene Betten, Handt\u00fccher, K\u00fcchenw\u00e4sche, Brennholz und WLAN.<\/span><\/strong><\/li>\r\n<\/ul>\r\n<\/li>\r\n<\/ul>\r\n<p>&nbsp;<\/p>\r\n<ul>\r\n<li style=\"list-style-type: none;\">\r\n<ul>\r\n<li><strong><span style=\"font-size: 10pt;\">Exklusive Endreinigung (100 \u20ac) und Kurtaxe (2,00 \u20ac p.P.\/Nacht)<\/span><\/strong><\/li>\r\n<\/ul>\r\n<\/li>\r\n<\/ul>\r\n<ul>\r\n<li style=\"list-style-type: none;\">\r\n<ul>\r\n<li><strong><span style=\"font-size: 10pt;\">Check-in ab 16:00 Uhr und Check-out nach Vereinbarung.<\/span><\/strong><\/li>\r\n<\/ul>\r\n<\/li>\r\n<\/ul>\r\n<p>&nbsp;<\/p>\r\n<ul>\r\n<li style=\"list-style-type: none;\">\r\n<ul>\r\n<li><strong><span style=\"font-size: 10pt;\">K\u00fcche: Backofen, Mikrowelle, Geschirrsp\u00fcler, Nespresso- und Filterkaffeemaschine vorhanden. <\/span><\/strong><\/li>\r\n<li><span style=\"font-size: 10pt;\"><strong>Haustiere sind nicht erlaubt.<\/strong><\/span><\/li>\r\n<li style=\"list-style-type: none;\">\u00a0<\/li>\r\n<\/ul>\r\n<\/li>\r\n<\/ul>\r\n<p>&nbsp;<\/p>\r\n<p>[\/vc_column_text][vc_empty_space height=&#8220;15px&#8220; image_repeat=&#8220;no-repeat&#8220;][\/vc_column_inner][\/vc_row_inner][\/vc_column][\/vc_row][vc_row row_type=&#8220;row&#8220; use_row_as_full_screen_section=&#8220;no&#8220; type=&#8220;full_width&#8220; oblique_section=&#8220;no&#8220; text_align=&#8220;left&#8220; css_animation=&#8220;&#8220;][vc_column width=&#8220;1\/3&#8243;][vc_gallery interval=&#8220;5&#8243; images=&#8220;57439&#8243; img_size=&#8220;1920&#215;590&#8243; onclick=&#8220;img_link_large&#8220; disable_navigation_arrows=&#8220;yes&#8220;][vc_empty_space height=&#8220;15px&#8220; image_repeat=&#8220;no-repeat&#8220;][\/vc_column][vc_column width=&#8220;1\/3&#8243;][vc_gallery interval=&#8220;5&#8243; images=&#8220;57443&#8243; img_size=&#8220;1920&#215;590&#8243; onclick=&#8220;img_link_large&#8220; disable_navigation_arrows=&#8220;yes&#8220;][vc_empty_space height=&#8220;15px&#8220; image_repeat=&#8220;no-repeat&#8220;][\/vc_column][vc_column width=&#8220;1\/3&#8243;][vc_gallery interval=&#8220;5&#8243; images=&#8220;57441&#8243; img_size=&#8220;1920&#215;590&#8243; onclick=&#8220;img_link_large&#8220; disable_navigation_arrows=&#8220;yes&#8220;][vc_empty_space height=&#8220;15px&#8220; image_repeat=&#8220;no-repeat&#8220;][\/vc_column][\/vc_row][vc_row row_type=&#8220;row&#8220; use_row_as_full_screen_section=&#8220;no&#8220; type=&#8220;full_width&#8220; oblique_section=&#8220;no&#8220; text_align=&#8220;left&#8220; css_animation=&#8220;&#8220;][vc_column][\/vc_column][\/vc_row]<\/p>","protected":false},"excerpt":{"rendered":"<p>[vc_row row_type=&#8220;row&#8220; use_row_as_full_screen_section=&#8220;no&#8220; type=&#8220;full_width&#8220; oblique_section=&#8220;no&#8220; text_align=&#8220;left&#8220; css_animation=&#8220;&#8220;][vc_column][vc_empty_space height=&#8220;15px&#8220; image_repeat=&#8220;no-repeat&#8220;][vc_column_text] FERIENWOHNUNG HET VOORHUIS [\/vc_column_text][vc_empty_space height=&#8220;5px&#8220; image_repeat=&#8220;no-repeat&#8220;][vc_column_text] &nbsp; [\/vc_column_text][vc_column_text] Suchen Sie ein luxuri\u00f6ses und helles Ferienhaus im sch\u00f6nen Norden der Niederlande? Entdecken Sie das Ferienhaus Het Voorhuis&#8230;<\/p>\n","protected":false},"author":2,"featured_media":0,"parent":0,"menu_order":0,"comment_status":"closed","ping_status":"closed","template":"","meta":{"footnotes":""},"class_list":["post-57959","page","type-page","status-publish","hentry"],"yoast_head":"<!-- This site is optimized with the Yoast SEO plugin v27.1.1 - https:\/\/yoast.com\/product\/yoast-seo-wordpress\/ -->\n<title>Ferienhaus Het Voorhuis in Hemelum Friesland<\/title>\n<meta name=\"description\" content=\"Ferienhaus Het Voorhuis in Hemelum Friesland. Diese Unterkunft ist f\u00fcr max. 6 Personen geeignet. Ein wundersch\u00f6nes Ferienhaus!\" \/>\n<meta name=\"robots\" content=\"index, follow, max-snippet:-1, max-image-preview:large, max-video-preview:-1\" \/>\n<link rel=\"canonical\" href=\"https:\/\/itflinkeboskje.nl\/de\/ferienhaus-het-voorhuis-2\/\" \/>\n<meta property=\"og:locale\" content=\"de_DE\" \/>\n<meta property=\"og:type\" content=\"article\" \/>\n<meta property=\"og:title\" content=\"Ferienhaus Het Voorhuis in Hemelum Friesland\" \/>\n<meta property=\"og:description\" content=\"Ferienhaus Het Voorhuis in Hemelum Friesland. Diese Unterkunft ist f\u00fcr max. 6 Personen geeignet. Ein wundersch\u00f6nes Ferienhaus!\" \/>\n<meta property=\"og:url\" content=\"https:\/\/itflinkeboskje.nl\/de\/ferienhaus-het-voorhuis-2\/\" \/>\n<meta property=\"og:site_name\" content=\"It Flinkeboskje en de Flinkefarm\" \/>\n<meta property=\"article:modified_time\" content=\"2025-05-04T15:03:26+00:00\" \/>\n<meta name=\"twitter:label1\" content=\"Gesch\u00e4tzte Lesezeit\" \/>\n\t<meta name=\"twitter:data1\" content=\"2\u00a0Minuten\" \/>\n<script type=\"application\/ld+json\" class=\"yoast-schema-graph\">{\"@context\":\"https:\/\/schema.org\",\"@graph\":[{\"@type\":\"WebPage\",\"@id\":\"https:\/\/itflinkeboskje.nl\/de\/ferienhaus-het-voorhuis-2\/\",\"url\":\"https:\/\/itflinkeboskje.nl\/de\/ferienhaus-het-voorhuis-2\/\",\"name\":\"Ferienhaus Het Voorhuis in Hemelum Friesland\",\"isPartOf\":{\"@id\":\"https:\/\/itflinkeboskje.nl\/de\/#website\"},\"datePublished\":\"2023-11-22T16:51:59+00:00\",\"dateModified\":\"2025-05-04T15:03:26+00:00\",\"description\":\"Ferienhaus Het Voorhuis in Hemelum Friesland. Diese Unterkunft ist f\u00fcr max. 6 Personen geeignet. Ein wundersch\u00f6nes Ferienhaus!\",\"breadcrumb\":{\"@id\":\"https:\/\/itflinkeboskje.nl\/de\/ferienhaus-het-voorhuis-2\/#breadcrumb\"},\"inLanguage\":\"de\",\"potentialAction\":[{\"@type\":\"ReadAction\",\"target\":[\"https:\/\/itflinkeboskje.nl\/de\/ferienhaus-het-voorhuis-2\/\"]}]},{\"@type\":\"BreadcrumbList\",\"@id\":\"https:\/\/itflinkeboskje.nl\/de\/ferienhaus-het-voorhuis-2\/#breadcrumb\",\"itemListElement\":[{\"@type\":\"ListItem\",\"position\":1,\"name\":\"Home\",\"item\":\"https:\/\/itflinkeboskje.nl\/de\/\"},{\"@type\":\"ListItem\",\"position\":2,\"name\":\"Ferienhaus Het Voorhuis\"}]},{\"@type\":\"WebSite\",\"@id\":\"https:\/\/itflinkeboskje.nl\/de\/#website\",\"url\":\"https:\/\/itflinkeboskje.nl\/de\/\",\"name\":\"It Flinkeboskje en de Flinkefarm\",\"description\":\"Luxe groepsaccommodatie en vakantieboerderij it Flinkeboskje, vakantiewoning het Voorhuis en de Flinkefarm\",\"potentialAction\":[{\"@type\":\"SearchAction\",\"target\":{\"@type\":\"EntryPoint\",\"urlTemplate\":\"https:\/\/itflinkeboskje.nl\/de\/?s={search_term_string}\"},\"query-input\":{\"@type\":\"PropertyValueSpecification\",\"valueRequired\":true,\"valueName\":\"search_term_string\"}}],\"inLanguage\":\"de\"}]}<\/script>\n<!-- \/ Yoast SEO plugin. -->","yoast_head_json":{"title":"Ferienhaus Het Voorhuis in Hemelum Friesland","description":"Ferienhaus Het Voorhuis in Hemelum Friesland. Diese Unterkunft ist f\u00fcr max. 6 Personen geeignet. Ein wundersch\u00f6nes Ferienhaus!","robots":{"index":"index","follow":"follow","max-snippet":"max-snippet:-1","max-image-preview":"max-image-preview:large","max-video-preview":"max-video-preview:-1"},"canonical":"https:\/\/itflinkeboskje.nl\/de\/ferienhaus-het-voorhuis-2\/","og_locale":"de_DE","og_type":"article","og_title":"Ferienhaus Het Voorhuis in Hemelum Friesland","og_description":"Ferienhaus Het Voorhuis in Hemelum Friesland. Diese Unterkunft ist f\u00fcr max. 6 Personen geeignet. Ein wundersch\u00f6nes Ferienhaus!","og_url":"https:\/\/itflinkeboskje.nl\/de\/ferienhaus-het-voorhuis-2\/","og_site_name":"It Flinkeboskje en de Flinkefarm","article_modified_time":"2025-05-04T15:03:26+00:00","twitter_misc":{"Gesch\u00e4tzte Lesezeit":"2\u00a0Minuten"},"schema":{"@context":"https:\/\/schema.org","@graph":[{"@type":"WebPage","@id":"https:\/\/itflinkeboskje.nl\/de\/ferienhaus-het-voorhuis-2\/","url":"https:\/\/itflinkeboskje.nl\/de\/ferienhaus-het-voorhuis-2\/","name":"Ferienhaus Het Voorhuis in Hemelum Friesland","isPartOf":{"@id":"https:\/\/itflinkeboskje.nl\/de\/#website"},"datePublished":"2023-11-22T16:51:59+00:00","dateModified":"2025-05-04T15:03:26+00:00","description":"Ferienhaus Het Voorhuis in Hemelum Friesland. Diese Unterkunft ist f\u00fcr max. 6 Personen geeignet. Ein wundersch\u00f6nes Ferienhaus!","breadcrumb":{"@id":"https:\/\/itflinkeboskje.nl\/de\/ferienhaus-het-voorhuis-2\/#breadcrumb"},"inLanguage":"de","potentialAction":[{"@type":"ReadAction","target":["https:\/\/itflinkeboskje.nl\/de\/ferienhaus-het-voorhuis-2\/"]}]},{"@type":"BreadcrumbList","@id":"https:\/\/itflinkeboskje.nl\/de\/ferienhaus-het-voorhuis-2\/#breadcrumb","itemListElement":[{"@type":"ListItem","position":1,"name":"Home","item":"https:\/\/itflinkeboskje.nl\/de\/"},{"@type":"ListItem","position":2,"name":"Ferienhaus Het Voorhuis"}]},{"@type":"WebSite","@id":"https:\/\/itflinkeboskje.nl\/de\/#website","url":"https:\/\/itflinkeboskje.nl\/de\/","name":"It Flinkeboskje en de Flinkefarm","description":"Luxe groepsaccommodatie en vakantieboerderij it Flinkeboskje, vakantiewoning het Voorhuis en de Flinkefarm","potentialAction":[{"@type":"SearchAction","target":{"@type":"EntryPoint","urlTemplate":"https:\/\/itflinkeboskje.nl\/de\/?s={search_term_string}"},"query-input":{"@type":"PropertyValueSpecification","valueRequired":true,"valueName":"search_term_string"}}],"inLanguage":"de"}]}},"_links":{"self":[{"href":"https:\/\/itflinkeboskje.nl\/de\/wp-json\/wp\/v2\/pages\/57959","targetHints":{"allow":["GET"]}}],"collection":[{"href":"https:\/\/itflinkeboskje.nl\/de\/wp-json\/wp\/v2\/pages"}],"about":[{"href":"https:\/\/itflinkeboskje.nl\/de\/wp-json\/wp\/v2\/types\/page"}],"author":[{"embeddable":true,"href":"https:\/\/itflinkeboskje.nl\/de\/wp-json\/wp\/v2\/users\/2"}],"replies":[{"embeddable":true,"href":"https:\/\/itflinkeboskje.nl\/de\/wp-json\/wp\/v2\/comments?post=57959"}],"version-history":[{"count":7,"href":"https:\/\/itflinkeboskje.nl\/de\/wp-json\/wp\/v2\/pages\/57959\/revisions"}],"predecessor-version":[{"id":58563,"href":"https:\/\/itflinkeboskje.nl\/de\/wp-json\/wp\/v2\/pages\/57959\/revisions\/58563"}],"wp:attachment":[{"href":"https:\/\/itflinkeboskje.nl\/de\/wp-json\/wp\/v2\/media?parent=57959"}],"curies":[{"name":"wp","href":"https:\/\/api.w.org\/{rel}","templated":true}]}}