{"id":57953,"date":"2023-11-22T12:28:51","date_gmt":"2023-11-22T11:28:51","guid":{"rendered":"https:\/\/itflinkeboskje.nl\/maerkte\/"},"modified":"2025-05-04T20:07:02","modified_gmt":"2025-05-04T18:07:02","slug":"maerkte","status":"publish","type":"page","link":"https:\/\/itflinkeboskje.nl\/de\/maerkte\/","title":{"rendered":"M\u00e4rkte"},"content":{"rendered":"<p>[vc_row row_type=&#8220;row&#8220; use_row_as_full_screen_section=&#8220;no&#8220; type=&#8220;full_width&#8220; oblique_section=&#8220;no&#8220; text_align=&#8220;left&#8220; css_animation=&#8220;&#8220;][vc_column width=&#8220;1\/2&#8243;][vc_single_image image=&#8220;57533&#8243; img_size=&#8220;full&#8220; alignment=&#8220;center&#8220; qode_css_animation=&#8220;&#8220;][vc_empty_space height=&#8220;15px&#8220; image_repeat=&#8220;no-repeat&#8220;][vc_column_text]<\/p>\n<p style=\"text-align: left;\"><strong><span style=\"font-size: 10pt;\">Achtung! Ab 2025 werden die Flohm\u00e4rkte im Mittelpunkt stehen. Die regionalen M\u00e4rkte wurden gestrichen. \u00dcberpr\u00fcfen Sie unseren Kalender direkt hier. <\/span><\/strong><\/p>\n<p>[\/vc_column_text][vc_empty_space height=&#8220;15px&#8220; image_repeat=&#8220;no-repeat&#8220;]<a href=\"https:\/\/itflinkeboskje.nl\/de\/veranstaltungskalender\/\" target=\"_self\"  class=\"qbutton  big_large_full_width white icon_right\" style=\"font-style: italic; font-weight: 400; border-radius: 2px;-moz-border-radius: 2px;-webkit-border-radius: 2px; \">Kalender<\/a>[vc_empty_space height=&#8220;15px&#8220; image_repeat=&#8220;no-repeat&#8220;][\/vc_column][vc_column width=&#8220;1\/2&#8243;][vc_single_image image=&#8220;57615&#8243; img_size=&#8220;full&#8220; alignment=&#8220;center&#8220; qode_css_animation=&#8220;&#8220;][vc_empty_space height=&#8220;15px&#8220; image_repeat=&#8220;no-repeat&#8220;][vc_column_text]<\/p>\n<p style=\"text-align: left;\"><span style=\"font-size: 10pt;\">Falls du noch nie bei uns warst: Auf dieser Seite findest du weitere Informationen \u00fcber die M\u00e4rkte. Du kannst auch dem Link <a href=\"https:\/\/itflinkeboskje.nl\/de\/veranstaltungskalender\/\">Kalender\u00a0<\/a> folgen.<\/span><\/p>\n<p>[\/vc_column_text][\/vc_column][\/vc_row][vc_row row_type=&#8220;row&#8220; use_row_as_full_screen_section=&#8220;no&#8220; type=&#8220;full_width&#8220; oblique_section=&#8220;no&#8220; text_align=&#8220;left&#8220; css_animation=&#8220;&#8220;][vc_column][vc_empty_space height=&#8220;30px&#8220; image_repeat=&#8220;no-repeat&#8220;][vc_column_text]<\/p>\n<p style=\"text-align: center;\"><span style=\"font-size: 24pt;\">&#8222;Wundersch\u00f6ne Schatzsuche auf der Wiese&#8220;<\/span><\/p>\n<p>[\/vc_column_text][vc_empty_space height=&#8220;15px&#8220; image_repeat=&#8220;no-repeat&#8220;][vc_column_text]<\/p>\n<p style=\"text-align: left;\"><span style=\"font-size: 10pt;\"><br \/>\nAuf dem Flinkefarm in Hemelum werden \u2013 zus\u00e4tzlich zur <a href=\"https:\/\/itflinkeboskje.nl\/locatiehuur\/\">Vermietung der Location<\/a> \u2013 in jeder Saison zahlreiche Events organisiert. Bis einschlie\u00dflich 2024 fand an jedem ersten Sonntag im Monat ein Regionalmarkt statt (Mai\u2013September). Ab 2025 entfallen diese M\u00e4rkte, und der Fokus liegt ganz auf den Flinke-Flea-M\u00e4rkten. Diese finden zweimal im Monat statt (Juni\u2013September).<\/span><\/p>\n<p>Genie\u00dfe das Drau\u00dfensein in wundersch\u00f6ner Umgebung: Entspanne auf der Terrasse oder im antiken Gew\u00e4chshaus bei einem leckeren Cappuccino und einem k\u00f6stlichen St\u00fcck Kuchen. Es gibt immer Foodtrucks \u2013 und regelm\u00e4\u00dfig auch Live-Musik. Neugierig? Dann schau in unseren <a href=\"https:\/\/itflinkeboskje.nl\/de\/veranstaltungskalender\/\">Kalender<\/a> oder folge uns auf Social Media.<\/p>\n<p>W\u00e4hrend all unserer Events ist auch unser eigener <a href=\"https:\/\/itflinkeboskje.nl\/sip-en-clara\/\">Sip&amp;Clara Store<\/a> ge\u00f6ffnet. Dort findest du die sch\u00f6nsten Vintage-Interieurst\u00fccke \u2013 liebevoll gesammelt von den Schwestern Claartje und Rixt Lunter.[\/vc_column_text][\/vc_column][\/vc_row][vc_row row_type=&#8220;row&#8220; use_row_as_full_screen_section=&#8220;no&#8220; type=&#8220;full_width&#8220; oblique_section=&#8220;no&#8220; text_align=&#8220;left&#8220; css_animation=&#8220;&#8220;][vc_column width=&#8220;1\/2&#8243;][vc_empty_space height=&#8220;15px&#8220; image_repeat=&#8220;no-repeat&#8220;][vc_single_image image=&#8220;57581&#8243; img_size=&#8220;full&#8220; alignment=&#8220;center&#8220; qode_css_animation=&#8220;&#8220;][vc_empty_space height=&#8220;15px&#8220; image_repeat=&#8220;no-repeat&#8220;][\/vc_column][vc_column width=&#8220;1\/2&#8243;][vc_empty_space height=&#8220;15px&#8220; image_repeat=&#8220;no-repeat&#8220;][vc_single_image image=&#8220;57611&#8243; img_size=&#8220;full&#8220; alignment=&#8220;center&#8220; qode_css_animation=&#8220;&#8220;][vc_empty_space height=&#8220;15px&#8220; image_repeat=&#8220;no-repeat&#8220;][\/vc_column][\/vc_row][vc_row row_type=&#8220;row&#8220; use_row_as_full_screen_section=&#8220;no&#8220; type=&#8220;full_width&#8220; oblique_section=&#8220;no&#8220; text_align=&#8220;left&#8220; css_animation=&#8220;&#8220;][vc_column width=&#8220;1\/2&#8243;][vc_column_text]<\/p>\n<h2 style=\"text-align: right;\"><span style=\"font-size: 14pt;\">FLINKE FLEA MARKT<\/span><\/h2>\n<p>[\/vc_column_text][vc_column_text]Ein Walhalla f\u00fcr Schatzsucher. Dieses Kribbeln im Bauch, weil du hoffst, genau das zu finden, was du suchst \u2013 das beschreibt den Flinke Flea Markt perfekt. Der ultimative Kofferraummarkt! Auch hier ist die besondere Atmosph\u00e4re der gro\u00dfe Stimmungsmacher: immer gesellig, immer leckeres Essen und immer drau\u00dfen an der frischen Luft. Viele Teilnehmer laden schon fr\u00fch ihre Sch\u00e4tze aus und warten auf begeisterte K\u00e4ufer, die ihnen ein neues Zuhause geben wollen.<\/p>\n<p>Folge uns auf Social Media f\u00fcr Updates und Termine!<\/p>\n<p>Auf der Wiese des Flinkefarm in Hemelum wird der Flinke Flea regelm\u00e4\u00dfig veranstaltet. Die Veranstalter sind selbst gro\u00dfe Vintage-Fans und \u00f6ffnen an den Eventtagen auch die T\u00fcren ihres eigenen <a href=\"https:\/\/itflinkeboskje.nl\/sip-en-clara\/\">Shops<\/a>. Neben der <a href=\"https:\/\/itflinkeboskje.nl\/locatiehuur\/\">Locationvermietung<\/a> gibt es auf dem Flinkefarm auch die M\u00f6glichkeit zu <a href=\"https:\/\/itflinkeboskje.nl\/logeren-2\/\">\u00fcbernachten<\/a> oder zu <a href=\"https:\/\/itflinkeboskje.nl\/vergaderen\/\">tagen<\/a>. Und vor allem: Es finden zahlreiche spannende Events statt.<\/p>\n<p>Liebst du Vintage? Oder hast du selbst viele Vintage-Sch\u00e4tze? Dann komm zum Flinke Flea in Hemelum, am Flinkeboskje 2![\/vc_column_text][vc_empty_space height=&#8220;22px&#8220; image_repeat=&#8220;no-repeat&#8220;][vc_single_image image=&#8220;57587&#8243; img_size=&#8220;full&#8220; qode_css_animation=&#8220;&#8220;][vc_empty_space height=&#8220;22px&#8220; image_repeat=&#8220;no-repeat&#8220;][\/vc_column][vc_column width=&#8220;1\/2&#8243;][vc_column_text]<\/p>\n<h2 style=\"text-align: right;\"><span style=\"font-size: 14pt;\">SICH AN EINEM HEFTIGEN FLOH BETEILIGEN?<\/span><\/h2>\n<p>[\/vc_column_text][vc_column_text]Haben Sie Lust, einen Tag lang Spa\u00df zu haben und Ihre alten Sachen zu verkaufen? Dann melden Sie sich f\u00fcr einen unserer Flohm\u00e4rkte an. Sie k\u00f6nnen dies von Mai bis September unter <a href=\"mailto:claartje@itflinkeboskje.nl\">claartje@itflinkeboskje.nl<\/a> tun.[\/vc_column_text][vc_empty_space height=&#8220;22px&#8220; image_repeat=&#8220;no-repeat&#8220;]<a href=\"https:\/\/itflinkeboskje.nl\/de\/veranstaltungskalender\/\" target=\"_self\"  class=\"qbutton  big_large_full_width white icon_right\" style=\"font-style: italic; font-weight: 400; border-radius: 2px;-moz-border-radius: 2px;-webkit-border-radius: 2px; \">Kalender<\/a>[vc_empty_space height=&#8220;22px&#8220; image_repeat=&#8220;no-repeat&#8220;][vc_single_image image=&#8220;57619&#8243; img_size=&#8220;full&#8220; qode_css_animation=&#8220;&#8220;][vc_empty_space height=&#8220;22px&#8220; image_repeat=&#8220;no-repeat&#8220;][\/vc_column][\/vc_row][vc_row row_type=&#8220;row&#8220; use_row_as_full_screen_section=&#8220;no&#8220; type=&#8220;full_width&#8220; oblique_section=&#8220;no&#8220; text_align=&#8220;left&#8220; css_animation=&#8220;&#8220;][vc_column][vc_empty_space height=&#8220;22px&#8220; image_repeat=&#8220;no-repeat&#8220;][vc_separator type=&#8220;normal&#8220; thickness=&#8220;2&#8243;][vc_empty_space height=&#8220;22px&#8220; image_repeat=&#8220;no-repeat&#8220;][vc_column_text]<\/p>\n<p style=\"text-align: center;\"><span style=\"font-size: 24pt;\">Kommen Sie und genie\u00dfen Sie die Flinkefarm! <\/span><\/p>\n<p>[\/vc_column_text][vc_empty_space height=&#8220;22px&#8220; image_repeat=&#8220;no-repeat&#8220;][vc_video link=&#8220;https:\/\/youtu.be\/Wvbz7EsqlWw&#8220; align=&#8220;center&#8220;][\/vc_column][\/vc_row][vc_row row_type=&#8220;row&#8220; use_row_as_full_screen_section=&#8220;no&#8220; type=&#8220;full_width&#8220; oblique_section=&#8220;no&#8220; text_align=&#8220;left&#8220; css_animation=&#8220;&#8220;][vc_column width=&#8220;1\/2&#8243;][vc_empty_space height=&#8220;22px&#8220; image_repeat=&#8220;no-repeat&#8220;][vc_single_image image=&#8220;57585&#8243; img_size=&#8220;full&#8220; qode_css_animation=&#8220;&#8220;][vc_empty_space height=&#8220;22px&#8220; image_repeat=&#8220;no-repeat&#8220;][vc_single_image image=&#8220;57601&#8243; img_size=&#8220;full&#8220; qode_css_animation=&#8220;&#8220;][vc_empty_space height=&#8220;22px&#8220; image_repeat=&#8220;no-repeat&#8220;][vc_single_image image=&#8220;57579&#8243; img_size=&#8220;full&#8220; qode_css_animation=&#8220;&#8220;][\/vc_column][vc_column width=&#8220;1\/2&#8243;][vc_empty_space height=&#8220;22px&#8220; image_repeat=&#8220;no-repeat&#8220;][vc_single_image image=&#8220;57543&#8243; img_size=&#8220;full&#8220; qode_css_animation=&#8220;&#8220;][vc_empty_space height=&#8220;22px&#8220; image_repeat=&#8220;no-repeat&#8220;][vc_single_image image=&#8220;57577&#8243; img_size=&#8220;full&#8220; qode_css_animation=&#8220;&#8220;][vc_empty_space height=&#8220;22px&#8220; image_repeat=&#8220;no-repeat&#8220;][vc_single_image image=&#8220;57595&#8243; img_size=&#8220;full&#8220; qode_css_animation=&#8220;&#8220;][vc_empty_space height=&#8220;22px&#8220; image_repeat=&#8220;no-repeat&#8220;][\/vc_column][\/vc_row][vc_row row_type=&#8220;row&#8220; use_row_as_full_screen_section=&#8220;no&#8220; type=&#8220;full_width&#8220; oblique_section=&#8220;no&#8220; text_align=&#8220;left&#8220; css_animation=&#8220;&#8220;][vc_column]<a href=\"https:\/\/maps.app.goo.gl\/1v6PrEFVsZ7J2dzi6\" target=\"_self\"  class=\"qbutton  icon_right\" style=\"\">Unser Standort auf Google Maps<\/a>[\/vc_column][\/vc_row]<\/p>\n","protected":false},"excerpt":{"rendered":"<p>[vc_row row_type=&#8220;row&#8220; use_row_as_full_screen_section=&#8220;no&#8220; type=&#8220;full_width&#8220; oblique_section=&#8220;no&#8220; text_align=&#8220;left&#8220; css_animation=&#8220;&#8220;][vc_column width=&#8220;1\/2&#8243;][vc_single_image image=&#8220;57533&#8243; img_size=&#8220;full&#8220; alignment=&#8220;center&#8220; qode_css_animation=&#8220;&#8220;][vc_empty_space height=&#8220;15px&#8220; image_repeat=&#8220;no-repeat&#8220;][vc_column_text] Achtung! Ab 2025 werden die Flohm\u00e4rkte im Mittelpunkt stehen. Die regionalen M\u00e4rkte wurden gestrichen. \u00dcberpr\u00fcfen Sie unseren Kalender direkt hier. [\/vc_column_text][vc_empty_space&#8230;<\/p>\n","protected":false},"author":2,"featured_media":0,"parent":0,"menu_order":0,"comment_status":"closed","ping_status":"closed","template":"","meta":{"footnotes":""},"class_list":["post-57953","page","type-page","status-publish","hentry"],"yoast_head":"<!-- This site is optimized with the Yoast SEO plugin v27.1.1 - https:\/\/yoast.com\/product\/yoast-seo-wordpress\/ -->\n<title>M\u00e4rkte - It Flinkeboskje en de Flinkefarm<\/title>\n<meta name=\"description\" content=\"Die Flinkefarm Hemelum organisiert regionale M\u00e4rkte und Kofferraumb\u00f6rsen. Genie\u00dfen Sie es, auf der Wiese nach alten Sachen oder Delikatessen zu suchen.\" \/>\n<meta name=\"robots\" content=\"index, follow, max-snippet:-1, max-image-preview:large, max-video-preview:-1\" \/>\n<link rel=\"canonical\" href=\"https:\/\/itflinkeboskje.nl\/de\/maerkte\/\" \/>\n<meta property=\"og:locale\" content=\"de_DE\" \/>\n<meta property=\"og:type\" content=\"article\" \/>\n<meta property=\"og:title\" content=\"M\u00e4rkte - It Flinkeboskje en de Flinkefarm\" \/>\n<meta property=\"og:description\" content=\"Die Flinkefarm Hemelum organisiert regionale M\u00e4rkte und Kofferraumb\u00f6rsen. Genie\u00dfen Sie es, auf der Wiese nach alten Sachen oder Delikatessen zu suchen.\" \/>\n<meta property=\"og:url\" content=\"https:\/\/itflinkeboskje.nl\/de\/maerkte\/\" \/>\n<meta property=\"og:site_name\" content=\"It Flinkeboskje en de Flinkefarm\" \/>\n<meta property=\"article:modified_time\" content=\"2025-05-04T18:07:02+00:00\" \/>\n<meta name=\"twitter:label1\" content=\"Gesch\u00e4tzte Lesezeit\" \/>\n\t<meta name=\"twitter:data1\" content=\"6\u00a0Minuten\" \/>\n<script type=\"application\/ld+json\" class=\"yoast-schema-graph\">{\"@context\":\"https:\/\/schema.org\",\"@graph\":[{\"@type\":\"WebPage\",\"@id\":\"https:\/\/itflinkeboskje.nl\/de\/maerkte\/\",\"url\":\"https:\/\/itflinkeboskje.nl\/de\/maerkte\/\",\"name\":\"M\u00e4rkte - It Flinkeboskje en de Flinkefarm\",\"isPartOf\":{\"@id\":\"https:\/\/itflinkeboskje.nl\/de\/#website\"},\"datePublished\":\"2023-11-22T11:28:51+00:00\",\"dateModified\":\"2025-05-04T18:07:02+00:00\",\"description\":\"Die Flinkefarm Hemelum organisiert regionale M\u00e4rkte und Kofferraumb\u00f6rsen. Genie\u00dfen Sie es, auf der Wiese nach alten Sachen oder Delikatessen zu suchen.\",\"breadcrumb\":{\"@id\":\"https:\/\/itflinkeboskje.nl\/de\/maerkte\/#breadcrumb\"},\"inLanguage\":\"de\",\"potentialAction\":[{\"@type\":\"ReadAction\",\"target\":[\"https:\/\/itflinkeboskje.nl\/de\/maerkte\/\"]}]},{\"@type\":\"BreadcrumbList\",\"@id\":\"https:\/\/itflinkeboskje.nl\/de\/maerkte\/#breadcrumb\",\"itemListElement\":[{\"@type\":\"ListItem\",\"position\":1,\"name\":\"Home\",\"item\":\"https:\/\/itflinkeboskje.nl\/de\/\"},{\"@type\":\"ListItem\",\"position\":2,\"name\":\"M\u00e4rkte\"}]},{\"@type\":\"WebSite\",\"@id\":\"https:\/\/itflinkeboskje.nl\/de\/#website\",\"url\":\"https:\/\/itflinkeboskje.nl\/de\/\",\"name\":\"It Flinkeboskje en de Flinkefarm\",\"description\":\"Luxe groepsaccommodatie en vakantieboerderij it Flinkeboskje, vakantiewoning het Voorhuis en de Flinkefarm\",\"potentialAction\":[{\"@type\":\"SearchAction\",\"target\":{\"@type\":\"EntryPoint\",\"urlTemplate\":\"https:\/\/itflinkeboskje.nl\/de\/?s={search_term_string}\"},\"query-input\":{\"@type\":\"PropertyValueSpecification\",\"valueRequired\":true,\"valueName\":\"search_term_string\"}}],\"inLanguage\":\"de\"}]}<\/script>\n<!-- \/ Yoast SEO plugin. -->","yoast_head_json":{"title":"M\u00e4rkte - It Flinkeboskje en de Flinkefarm","description":"Die Flinkefarm Hemelum organisiert regionale M\u00e4rkte und Kofferraumb\u00f6rsen. Genie\u00dfen Sie es, auf der Wiese nach alten Sachen oder Delikatessen zu suchen.","robots":{"index":"index","follow":"follow","max-snippet":"max-snippet:-1","max-image-preview":"max-image-preview:large","max-video-preview":"max-video-preview:-1"},"canonical":"https:\/\/itflinkeboskje.nl\/de\/maerkte\/","og_locale":"de_DE","og_type":"article","og_title":"M\u00e4rkte - It Flinkeboskje en de Flinkefarm","og_description":"Die Flinkefarm Hemelum organisiert regionale M\u00e4rkte und Kofferraumb\u00f6rsen. Genie\u00dfen Sie es, auf der Wiese nach alten Sachen oder Delikatessen zu suchen.","og_url":"https:\/\/itflinkeboskje.nl\/de\/maerkte\/","og_site_name":"It Flinkeboskje en de Flinkefarm","article_modified_time":"2025-05-04T18:07:02+00:00","twitter_misc":{"Gesch\u00e4tzte Lesezeit":"6\u00a0Minuten"},"schema":{"@context":"https:\/\/schema.org","@graph":[{"@type":"WebPage","@id":"https:\/\/itflinkeboskje.nl\/de\/maerkte\/","url":"https:\/\/itflinkeboskje.nl\/de\/maerkte\/","name":"M\u00e4rkte - It Flinkeboskje en de Flinkefarm","isPartOf":{"@id":"https:\/\/itflinkeboskje.nl\/de\/#website"},"datePublished":"2023-11-22T11:28:51+00:00","dateModified":"2025-05-04T18:07:02+00:00","description":"Die Flinkefarm Hemelum organisiert regionale M\u00e4rkte und Kofferraumb\u00f6rsen. Genie\u00dfen Sie es, auf der Wiese nach alten Sachen oder Delikatessen zu suchen.","breadcrumb":{"@id":"https:\/\/itflinkeboskje.nl\/de\/maerkte\/#breadcrumb"},"inLanguage":"de","potentialAction":[{"@type":"ReadAction","target":["https:\/\/itflinkeboskje.nl\/de\/maerkte\/"]}]},{"@type":"BreadcrumbList","@id":"https:\/\/itflinkeboskje.nl\/de\/maerkte\/#breadcrumb","itemListElement":[{"@type":"ListItem","position":1,"name":"Home","item":"https:\/\/itflinkeboskje.nl\/de\/"},{"@type":"ListItem","position":2,"name":"M\u00e4rkte"}]},{"@type":"WebSite","@id":"https:\/\/itflinkeboskje.nl\/de\/#website","url":"https:\/\/itflinkeboskje.nl\/de\/","name":"It Flinkeboskje en de Flinkefarm","description":"Luxe groepsaccommodatie en vakantieboerderij it Flinkeboskje, vakantiewoning het Voorhuis en de Flinkefarm","potentialAction":[{"@type":"SearchAction","target":{"@type":"EntryPoint","urlTemplate":"https:\/\/itflinkeboskje.nl\/de\/?s={search_term_string}"},"query-input":{"@type":"PropertyValueSpecification","valueRequired":true,"valueName":"search_term_string"}}],"inLanguage":"de"}]}},"_links":{"self":[{"href":"https:\/\/itflinkeboskje.nl\/de\/wp-json\/wp\/v2\/pages\/57953","targetHints":{"allow":["GET"]}}],"collection":[{"href":"https:\/\/itflinkeboskje.nl\/de\/wp-json\/wp\/v2\/pages"}],"about":[{"href":"https:\/\/itflinkeboskje.nl\/de\/wp-json\/wp\/v2\/types\/page"}],"author":[{"embeddable":true,"href":"https:\/\/itflinkeboskje.nl\/de\/wp-json\/wp\/v2\/users\/2"}],"replies":[{"embeddable":true,"href":"https:\/\/itflinkeboskje.nl\/de\/wp-json\/wp\/v2\/comments?post=57953"}],"version-history":[{"count":18,"href":"https:\/\/itflinkeboskje.nl\/de\/wp-json\/wp\/v2\/pages\/57953\/revisions"}],"predecessor-version":[{"id":58593,"href":"https:\/\/itflinkeboskje.nl\/de\/wp-json\/wp\/v2\/pages\/57953\/revisions\/58593"}],"wp:attachment":[{"href":"https:\/\/itflinkeboskje.nl\/de\/wp-json\/wp\/v2\/media?parent=57953"}],"curies":[{"name":"wp","href":"https:\/\/api.w.org\/{rel}","templated":true}]}}