{"id":57947,"date":"2022-01-21T13:31:46","date_gmt":"2022-01-21T12:31:46","guid":{"rendered":"https:\/\/itflinkeboskje.nl\/besondere-hochzeitslocation\/"},"modified":"2025-03-19T13:24:00","modified_gmt":"2025-03-19T12:24:00","slug":"besondere-hochzeitslocation","status":"publish","type":"page","link":"https:\/\/itflinkeboskje.nl\/de\/besondere-hochzeitslocation\/","title":{"rendered":"Besondere Hochzeitslocation"},"content":{"rendered":"<p>[vc_row row_type=&#8220;row&#8220; use_row_as_full_screen_section=&#8220;yes&#8220; type=&#8220;full_width&#8220; oblique_section=&#8220;no&#8220; text_align=&#8220;left&#8220; css_animation=&#8220;&#8220;][vc_column width=&#8220;1\/3&#8243;][vc_empty_space height=&#8220;15px&#8220; image_repeat=&#8220;no-repeat&#8220;][vc_column_text]<\/p>\n<h2 style=\"text-align: right;\">HOCHZEITSLOCATION<\/h2>\n<p>[\/vc_column_text][vc_empty_space height=&#8220;5px&#8220; image_repeat=&#8220;no-repeat&#8220;][vc_column_text]Weilanden, eine besondere Hochzeitslocation in Friesland, in der Ihre Freunde und Familie \u00fcbernachten k\u00f6nnen. Sie suchen eine Hochzeitslocation mit viel Ruhe, Platz und Privatsph\u00e4re, um die offizielle Zeremonie und Feier durchzuf\u00fchren. Willkommen bei it Flinkeboskje und auf der Flinkefarm. Lassen Sie uns \u00fcber den gro\u00dfen Tag sprechen. Es gibt unz\u00e4hlige M\u00f6glichkeiten. Wir m\u00f6gen keine Standard-Hochzeitspakete, aber wir helfen Ihnen gerne, Ihren perfekten Tag zu planen und durchzuf\u00fchren.[\/vc_column_text][vc_empty_space height=&#8220;30px&#8220; image_repeat=&#8220;no-repeat&#8220;][vc_column_text]<\/p>\n<p style=\"text-align: justify;\"><strong><span style=\"font-size: 12pt;\"><em>Ein Klischee ist nicht ohne Grund ein Klischee: Dies wird der beste Tag Ihres Lebens sein.<\/em><\/span><\/strong><\/p>\n<p>[\/vc_column_text][vc_empty_space height=&#8220;25px&#8220; image_repeat=&#8220;no-repeat&#8220;][vc_single_image image=&#8220;57473&#8243; img_size=&#8220;full&#8220; qode_css_animation=&#8220;&#8220;][vc_empty_space height=&#8220;25px&#8220; image_repeat=&#8220;no-repeat&#8220;][vc_column_text]Wir k\u00f6nnen die Zeremonie f\u00fcr Sie im antiken Traubengew\u00e4chshaus (bis zu 60 Personen) oder in der Flinkefarm ausrichten. Das Gew\u00e4chshaus kann auch hervorragend f\u00fcr das Abendessen genutzt werden. Bei sch\u00f6nem Wetter versuchen wir, alles so weit wie m\u00f6glich drau\u00dfen zu veranstalten. Bei einer Gesellschaft von bis zu 60 Personen k\u00f6nnen Sie bei weniger sch\u00f6nem Wetter so oder so verfahren.[\/vc_column_text][\/vc_column][vc_column width=&#8220;1\/3&#8243;][vc_empty_space height=&#8220;45px&#8220; image_repeat=&#8220;no-repeat&#8220;][vc_column_text]Wir lieben Styling! Unsere Erfahrung in diesem Bereich ist sehr umfangreich und aus Liebe geboren. Deshalb lieben wir es auch, Ihre einzigartige Hochzeit von A bis Z zu dekorieren: die Zeremonie, das Abendessen und die Partylocation. Alles mit Atmosph\u00e4re und einem Auge f\u00fcrs Detail. Schauen Sie sich unsere Pinterest-Seite unten an, um sich inspirieren zu lassen.[\/vc_column_text][vc_empty_space height=&#8220;15px&#8220; image_repeat=&#8220;no-repeat&#8220;][vc_column_text]<a href=\"https:\/\/nl.pinterest.com\/itflinkeboskje\/bruiloften\/\">Pinterest it Flinkeboskje<\/a>[\/vc_column_text][vc_empty_space height=&#8220;10px&#8220; image_repeat=&#8220;no-repeat&#8220;][vc_single_image image=&#8220;57463&#8243; img_size=&#8220;full&#8220; qode_css_animation=&#8220;&#8220;][vc_empty_space height=&#8220;15px&#8220; image_repeat=&#8220;no-repeat&#8220;][vc_column_text]<em>FOTO<\/em>:Ein Beispiel f\u00fcr ein Abendessen auf der Flinkefarm. Das macht die Flinkefarm zu einer ganz besonderen Hochzeitslocation in Friesland![\/vc_column_text][\/vc_column][vc_column width=&#8220;1\/3&#8243;][vc_empty_space height=&#8220;15px&#8220; image_repeat=&#8220;no-repeat&#8220;][vc_column_text]<\/p>\n<h2 style=\"text-align: right;\">\u00dcBERNACHTEN<\/h2>\n<p>[\/vc_column_text][vc_empty_space height=&#8220;5px&#8220; image_repeat=&#8220;no-repeat&#8220;][vc_column_text]<\/p>\n<p style=\"text-align: left;\">M\u00f6chten Sie auch die Zeit mit Freunden und Familie genie\u00dfen? In unserem Ferienhof <strong><a href=\"https:\/\/itflinkeboskje.nl\/it-flinkeboskje\/\">it Flinkeboskje<\/a><\/strong> und im Ferienhaus <strong><a href=\"https:\/\/itflinkeboskje.nl\/vakantiewoning-het-voorhuis\/\">Het Voorhuis<\/a><\/strong> k\u00f6nnen Sie \u00fcbernachten. Buchen Sie eine &#8218;<em><strong>Wochenend-Hochzeit<\/strong><\/em> und mieten Sie die beiden genannten Orte. Sie haben dann absolute Privatsph\u00e4re: eine Art Insel auf der gr\u00fcnen Wiese! Etwa 25 Personen und 5 kleine Kinder k\u00f6nnen hier \u00fcbernachten. F\u00fcr die \u00fcbrigen G\u00e4ste gibt es in der Umgebung weitere gute M\u00f6glichkeiten in Form von Campingpl\u00e4tzen, Pensionen und Hotels.     <\/p>\n<p>[\/vc_column_text][vc_empty_space height=&#8220;15px&#8220; image_repeat=&#8220;no-repeat&#8220;][vc_single_image image=&#8220;57471&#8243; img_size=&#8220;full&#8220; qode_css_animation=&#8220;&#8220;][vc_empty_space height=&#8220;25px&#8220; image_repeat=&#8220;no-repeat&#8220;][vc_column_text]<\/p>\n<h2 style=\"text-align: right;\">GUTES ESSEN<\/h2>\n<p>[\/vc_column_text][vc_empty_space height=&#8220;5px&#8220; image_repeat=&#8220;no-repeat&#8220;][vc_column_text]<\/p>\n<p style=\"text-align: left;\">Auch in Sachen Essen ist alles m\u00f6glich! Wir haben Partnerschaften mit mehreren Top-Caterern, die Qualit\u00e4t und Atmosph\u00e4re pur bieten. Sie legen die Messlatte genauso hoch wie wir. Sie k\u00f6nnen sich f\u00fcr ein mehrg\u00e4ngiges Abendessen entscheiden, aber auch f\u00fcr ein BBQ oder eine Festivalatmosph\u00e4re mit verschiedenen Food Trucks. Nach Absprache k\u00f6nnen Sie auch Ihren eigenen Lieblingskoch mitbringen. Wir haben die Getr\u00e4nke immer im Haus.     <\/p>\n<p>[\/vc_column_text][vc_empty_space height=&#8220;12px&#8220; image_repeat=&#8220;no-repeat&#8220;][\/vc_column][\/vc_row][vc_row row_type=&#8220;row&#8220; use_row_as_full_screen_section=&#8220;yes&#8220; type=&#8220;full_width&#8220; oblique_section=&#8220;no&#8220; text_align=&#8220;left&#8220; css_animation=&#8220;&#8220;][vc_column width=&#8220;1\/3&#8243;][vc_column_text]Wir legen Wert auf Atmosph\u00e4re und Qualit\u00e4t. Ein intimes Beisammensein und eine anspruchsvolle, liebevolle Atmosph\u00e4re, die zu Ihnen passt. Eine lustige, entspannte Party bis 23 Uhr mit akustischer Musik und maximaler Aufmerksamkeit f\u00fcreinander. Das ist unser Konzept. Unser Wochenend-Hochzeitskonzept. Von Freitag bis Sonntag das Leben zelebrieren.[\/vc_column_text][vc_empty_space height=&#8220;15px&#8220; image_repeat=&#8220;no-repeat&#8220;][vc_empty_space height=&#8220;15px&#8220; image_repeat=&#8220;no-repeat&#8220;][vc_single_image image=&#8220;57469&#8243; img_size=&#8220;full&#8220; qode_css_animation=&#8220;&#8220;][\/vc_column][vc_column width=&#8220;1\/3&#8243;][vc_empty_space height=&#8220;45px&#8220; image_repeat=&#8220;no-repeat&#8220;][vc_single_image image=&#8220;57459&#8243; img_size=&#8220;full&#8220; qode_css_animation=&#8220;&#8220;][vc_empty_space height=&#8220;15px&#8220; image_repeat=&#8220;no-repeat&#8220;][vc_column_text]<em>FOTO<\/em>: Die Vorbereitungen f\u00fcr die Zeremonie k\u00f6nnen in aller Ruhe auf dem Ferienhof stattfinden.[\/vc_column_text][\/vc_column][vc_column width=&#8220;1\/3&#8243;][vc_empty_space height=&#8220;15px&#8220; image_repeat=&#8220;no-repeat&#8220;][vc_column_text]<em><strong>Nehmen Sie <a href=\"mailto:info@itflinkeboskje.nl\">Kontakt auf<\/a>, wenn Sie Fragen zu Optionen und Kostenvoranschl\u00e4gen haben.<\/strong><\/em>[\/vc_column_text][vc_empty_space height=&#8220;15px&#8220; image_repeat=&#8220;no-repeat&#8220;][vc_single_image image=&#8220;57461&#8243; img_size=&#8220;full&#8220; qode_css_animation=&#8220;&#8220;][vc_empty_space height=&#8220;15px&#8220; image_repeat=&#8220;no-repeat&#8220;][vc_column_text]<span style=\"font-size: 10pt;\"><i>Alle Fotos auf dieser Seite wurden von <a href=\"https:\/\/www.wonder-wood.nl\">wonder-wood.nl gemacht .<\/a><\/i><\/span><\/p>\n<p><span style=\"font-size: 10pt;\"><em>Styling von <a href=\"https:\/\/www.bestdayeverevents.nl\">bestdayeverevents.nl<\/a><\/em><\/span>[\/vc_column_text][\/vc_column][\/vc_row]<\/p>\n","protected":false},"excerpt":{"rendered":"<p>[vc_row row_type=&#8220;row&#8220; use_row_as_full_screen_section=&#8220;yes&#8220; type=&#8220;full_width&#8220; oblique_section=&#8220;no&#8220; text_align=&#8220;left&#8220; css_animation=&#8220;&#8220;][vc_column width=&#8220;1\/3&#8243;][vc_empty_space height=&#8220;15px&#8220; image_repeat=&#8220;no-repeat&#8220;][vc_column_text] HOCHZEITSLOCATION [\/vc_column_text][vc_empty_space height=&#8220;5px&#8220; image_repeat=&#8220;no-repeat&#8220;][vc_column_text]Weilanden, eine besondere Hochzeitslocation in Friesland, in der Ihre Freunde und Familie \u00fcbernachten k\u00f6nnen. Sie suchen eine Hochzeitslocation mit viel Ruhe, Platz&#8230;<\/p>\n","protected":false},"author":2,"featured_media":0,"parent":0,"menu_order":0,"comment_status":"closed","ping_status":"closed","template":"","meta":{"footnotes":""},"class_list":["post-57947","page","type-page","status-publish","hentry"],"yoast_head":"<!-- This site is optimized with the Yoast SEO plugin v27.1.1 - https:\/\/yoast.com\/product\/yoast-seo-wordpress\/ -->\n<title>Besondere Hochzeitslocation - It Flinkeboskje en de Flinkefarm<\/title>\n<meta name=\"description\" content=\"it flinkeboskje und die flinkefarm bieten Ihnen die M\u00f6glichkeit, auf eine besondere Art und Weise zu heiraten. Herrliche. \u00dcbernachtung m\u00f6glich.\" \/>\n<meta name=\"robots\" content=\"index, follow, max-snippet:-1, max-image-preview:large, max-video-preview:-1\" \/>\n<link rel=\"canonical\" href=\"https:\/\/itflinkeboskje.nl\/de\/besondere-hochzeitslocation\/\" \/>\n<meta property=\"og:locale\" content=\"de_DE\" \/>\n<meta property=\"og:type\" content=\"article\" \/>\n<meta property=\"og:title\" content=\"Besondere Hochzeitslocation - It Flinkeboskje en de Flinkefarm\" \/>\n<meta property=\"og:description\" content=\"it flinkeboskje und die flinkefarm bieten Ihnen die M\u00f6glichkeit, auf eine besondere Art und Weise zu heiraten. Herrliche. \u00dcbernachtung m\u00f6glich.\" \/>\n<meta property=\"og:url\" content=\"https:\/\/itflinkeboskje.nl\/de\/besondere-hochzeitslocation\/\" \/>\n<meta property=\"og:site_name\" content=\"It Flinkeboskje en de Flinkefarm\" \/>\n<meta property=\"article:modified_time\" content=\"2025-03-19T12:24:00+00:00\" \/>\n<meta name=\"twitter:label1\" content=\"Gesch\u00e4tzte Lesezeit\" \/>\n\t<meta name=\"twitter:data1\" content=\"4\u00a0Minuten\" \/>\n<script type=\"application\/ld+json\" class=\"yoast-schema-graph\">{\"@context\":\"https:\/\/schema.org\",\"@graph\":[{\"@type\":\"WebPage\",\"@id\":\"https:\/\/itflinkeboskje.nl\/de\/besondere-hochzeitslocation\/\",\"url\":\"https:\/\/itflinkeboskje.nl\/de\/besondere-hochzeitslocation\/\",\"name\":\"Besondere Hochzeitslocation - It Flinkeboskje en de Flinkefarm\",\"isPartOf\":{\"@id\":\"https:\/\/itflinkeboskje.nl\/de\/#website\"},\"datePublished\":\"2022-01-21T12:31:46+00:00\",\"dateModified\":\"2025-03-19T12:24:00+00:00\",\"description\":\"it flinkeboskje und die flinkefarm bieten Ihnen die M\u00f6glichkeit, auf eine besondere Art und Weise zu heiraten. Herrliche. \u00dcbernachtung m\u00f6glich.\",\"breadcrumb\":{\"@id\":\"https:\/\/itflinkeboskje.nl\/de\/besondere-hochzeitslocation\/#breadcrumb\"},\"inLanguage\":\"de\",\"potentialAction\":[{\"@type\":\"ReadAction\",\"target\":[\"https:\/\/itflinkeboskje.nl\/de\/besondere-hochzeitslocation\/\"]}]},{\"@type\":\"BreadcrumbList\",\"@id\":\"https:\/\/itflinkeboskje.nl\/de\/besondere-hochzeitslocation\/#breadcrumb\",\"itemListElement\":[{\"@type\":\"ListItem\",\"position\":1,\"name\":\"Home\",\"item\":\"https:\/\/itflinkeboskje.nl\/de\/\"},{\"@type\":\"ListItem\",\"position\":2,\"name\":\"Besondere Hochzeitslocation\"}]},{\"@type\":\"WebSite\",\"@id\":\"https:\/\/itflinkeboskje.nl\/de\/#website\",\"url\":\"https:\/\/itflinkeboskje.nl\/de\/\",\"name\":\"It Flinkeboskje en de Flinkefarm\",\"description\":\"Luxe groepsaccommodatie en vakantieboerderij it Flinkeboskje, vakantiewoning het Voorhuis en de Flinkefarm\",\"potentialAction\":[{\"@type\":\"SearchAction\",\"target\":{\"@type\":\"EntryPoint\",\"urlTemplate\":\"https:\/\/itflinkeboskje.nl\/de\/?s={search_term_string}\"},\"query-input\":{\"@type\":\"PropertyValueSpecification\",\"valueRequired\":true,\"valueName\":\"search_term_string\"}}],\"inLanguage\":\"de\"}]}<\/script>\n<!-- \/ Yoast SEO plugin. -->","yoast_head_json":{"title":"Besondere Hochzeitslocation - It Flinkeboskje en de Flinkefarm","description":"it flinkeboskje und die flinkefarm bieten Ihnen die M\u00f6glichkeit, auf eine besondere Art und Weise zu heiraten. Herrliche. \u00dcbernachtung m\u00f6glich.","robots":{"index":"index","follow":"follow","max-snippet":"max-snippet:-1","max-image-preview":"max-image-preview:large","max-video-preview":"max-video-preview:-1"},"canonical":"https:\/\/itflinkeboskje.nl\/de\/besondere-hochzeitslocation\/","og_locale":"de_DE","og_type":"article","og_title":"Besondere Hochzeitslocation - It Flinkeboskje en de Flinkefarm","og_description":"it flinkeboskje und die flinkefarm bieten Ihnen die M\u00f6glichkeit, auf eine besondere Art und Weise zu heiraten. Herrliche. \u00dcbernachtung m\u00f6glich.","og_url":"https:\/\/itflinkeboskje.nl\/de\/besondere-hochzeitslocation\/","og_site_name":"It Flinkeboskje en de Flinkefarm","article_modified_time":"2025-03-19T12:24:00+00:00","twitter_misc":{"Gesch\u00e4tzte Lesezeit":"4\u00a0Minuten"},"schema":{"@context":"https:\/\/schema.org","@graph":[{"@type":"WebPage","@id":"https:\/\/itflinkeboskje.nl\/de\/besondere-hochzeitslocation\/","url":"https:\/\/itflinkeboskje.nl\/de\/besondere-hochzeitslocation\/","name":"Besondere Hochzeitslocation - It Flinkeboskje en de Flinkefarm","isPartOf":{"@id":"https:\/\/itflinkeboskje.nl\/de\/#website"},"datePublished":"2022-01-21T12:31:46+00:00","dateModified":"2025-03-19T12:24:00+00:00","description":"it flinkeboskje und die flinkefarm bieten Ihnen die M\u00f6glichkeit, auf eine besondere Art und Weise zu heiraten. Herrliche. \u00dcbernachtung m\u00f6glich.","breadcrumb":{"@id":"https:\/\/itflinkeboskje.nl\/de\/besondere-hochzeitslocation\/#breadcrumb"},"inLanguage":"de","potentialAction":[{"@type":"ReadAction","target":["https:\/\/itflinkeboskje.nl\/de\/besondere-hochzeitslocation\/"]}]},{"@type":"BreadcrumbList","@id":"https:\/\/itflinkeboskje.nl\/de\/besondere-hochzeitslocation\/#breadcrumb","itemListElement":[{"@type":"ListItem","position":1,"name":"Home","item":"https:\/\/itflinkeboskje.nl\/de\/"},{"@type":"ListItem","position":2,"name":"Besondere Hochzeitslocation"}]},{"@type":"WebSite","@id":"https:\/\/itflinkeboskje.nl\/de\/#website","url":"https:\/\/itflinkeboskje.nl\/de\/","name":"It Flinkeboskje en de Flinkefarm","description":"Luxe groepsaccommodatie en vakantieboerderij it Flinkeboskje, vakantiewoning het Voorhuis en de Flinkefarm","potentialAction":[{"@type":"SearchAction","target":{"@type":"EntryPoint","urlTemplate":"https:\/\/itflinkeboskje.nl\/de\/?s={search_term_string}"},"query-input":{"@type":"PropertyValueSpecification","valueRequired":true,"valueName":"search_term_string"}}],"inLanguage":"de"}]}},"_links":{"self":[{"href":"https:\/\/itflinkeboskje.nl\/de\/wp-json\/wp\/v2\/pages\/57947","targetHints":{"allow":["GET"]}}],"collection":[{"href":"https:\/\/itflinkeboskje.nl\/de\/wp-json\/wp\/v2\/pages"}],"about":[{"href":"https:\/\/itflinkeboskje.nl\/de\/wp-json\/wp\/v2\/types\/page"}],"author":[{"embeddable":true,"href":"https:\/\/itflinkeboskje.nl\/de\/wp-json\/wp\/v2\/users\/2"}],"replies":[{"embeddable":true,"href":"https:\/\/itflinkeboskje.nl\/de\/wp-json\/wp\/v2\/comments?post=57947"}],"version-history":[{"count":7,"href":"https:\/\/itflinkeboskje.nl\/de\/wp-json\/wp\/v2\/pages\/57947\/revisions"}],"predecessor-version":[{"id":58297,"href":"https:\/\/itflinkeboskje.nl\/de\/wp-json\/wp\/v2\/pages\/57947\/revisions\/58297"}],"wp:attachment":[{"href":"https:\/\/itflinkeboskje.nl\/de\/wp-json\/wp\/v2\/media?parent=57947"}],"curies":[{"name":"wp","href":"https:\/\/api.w.org\/{rel}","templated":true}]}}