{"id":57915,"date":"2023-11-27T15:54:54","date_gmt":"2023-11-27T14:54:54","guid":{"rendered":"https:\/\/itflinkeboskje.nl\/standortuebersicht-flinkeboskje-und-die-flinkefarm\/"},"modified":"2025-03-19T12:06:27","modified_gmt":"2025-03-19T11:06:27","slug":"standortuebersicht-flinkeboskje-und-die-flinkefarm","status":"publish","type":"page","link":"https:\/\/itflinkeboskje.nl\/de\/standortuebersicht-flinkeboskje-und-die-flinkefarm\/","title":{"rendered":"Standort\u00fcbersicht Flinkeboskje und die Flinkefarm"},"content":{"rendered":"<p>[vc_row row_type=&#8220;row&#8220; use_row_as_full_screen_section=&#8220;no&#8220; type=&#8220;full_width&#8220; oblique_section=&#8220;no&#8220; text_align=&#8220;left&#8220; css_animation=&#8220;&#8220;][vc_column][vc_single_image image=&#8220;57703&#8243; img_size=&#8220;full&#8220; alignment=&#8220;center&#8220; qode_css_animation=&#8220;&#8220;][\/vc_column][\/vc_row][vc_row row_type=&#8220;row&#8220; use_row_as_full_screen_section=&#8220;no&#8220; type=&#8220;full_width&#8220; oblique_section=&#8220;no&#8220; text_align=&#8220;left&#8220; css_animation=&#8220;&#8220;][vc_column][vc_column_text]In der Stra\u00dfe &#8218;Flinkeboskje&#8216; in Hemelum, Friesland, befinden sich zwei Bauernh\u00f6fe, die wir f\u00fcr Vermietungen und Veranstaltungen nutzen.[\/vc_column_text][\/vc_column][\/vc_row][vc_row row_type=&#8220;row&#8220; use_row_as_full_screen_section=&#8220;no&#8220; type=&#8220;full_width&#8220; oblique_section=&#8220;no&#8220; text_align=&#8220;left&#8220; css_animation=&#8220;&#8220;][vc_column width=&#8220;1\/2&#8243;][vc_empty_space height=&#8220;22px&#8220; image_repeat=&#8220;no-repeat&#8220;][vc_single_image image=&#8220;57705&#8243; img_size=&#8220;60&#215;60&#8243; qode_css_animation=&#8220;&#8220;][vc_column_text]<span style=\"font-size: 14pt;\"><strong>Der Ferienhof<\/strong><\/span> Dies ist der Ferienhof mit der Adresse Flinkeboskje 1. Dieser Ferienbauernhof und die Gruppenunterkunft eignen sich f\u00fcr die Unterbringung gro\u00dfer Gruppen von bis zu 20 Personen. Auch gesch\u00e4ftliche, entspannte Meetings k\u00f6nnen hier perfekt abgehalten werden.[\/vc_column_text][vc_empty_space height=&#8220;22px&#8220; image_repeat=&#8220;no-repeat&#8220;][vc_single_image image=&#8220;57707&#8243; img_size=&#8220;60&#215;60&#8243; qode_css_animation=&#8220;&#8220;][vc_column_text]<span style=\"font-size: 14pt;\"><strong>Ferienhaus Het Voorhuis<\/strong><\/span> Das ist das Ferienhaus, das auch unter der Adresse Flinkeboskje 1 zu finden ist. Dieses sch\u00f6ne Haus eignet sich f\u00fcr die Vermietung an etwa 6 Personen maximal. Eine sch\u00f6ne Atmosph\u00e4re, in der man sich wirklich entspannen kann.[\/vc_column_text][vc_empty_space height=&#8220;22px&#8220; image_repeat=&#8220;no-repeat&#8220;][vc_single_image image=&#8220;57709&#8243; img_size=&#8220;60&#215;60&#8243; qode_css_animation=&#8220;&#8220;][vc_column_text]<span style=\"font-size: 14pt;\"><strong>Die Flinkefarm<\/strong><\/span> Dieser Veranstaltungsort im ehemaligen Teil des Bauernhofs eignet sich hervorragend f\u00fcr Hochzeiten, Gedenkfeiern oder Firmenveranstaltungen. Dieser Ort ist auch w\u00e4hrend unserer M\u00e4rkte und Veranstaltungen ge\u00f6ffnet. Viel Platz und eine authentische Atmosph\u00e4re. K\u00f6stlich und ausgiebig genie\u00dfen an langen Tischen. Adresse Flinkeboskje 2.[\/vc_column_text][vc_empty_space height=&#8220;22px&#8220; image_repeat=&#8220;no-repeat&#8220;][vc_single_image image=&#8220;57711&#8243; img_size=&#8220;60&#215;60&#8243; qode_css_animation=&#8220;&#8220;][vc_column_text]<span style=\"font-size: 14pt;\"><strong>Flinke Vintage<\/strong><\/span> Der Sip&amp;Clara-Laden. Sch\u00f6nes Einrichtungsgesch\u00e4ft mit Sammlerst\u00fccken der Lunter-Schwestern. Ge\u00f6ffnet w\u00e4hrend Veranstaltungen und M\u00e4rkten auf der Flinkefarm. Lassen Sie sich von der Liebe zum Vintage \u00fcberraschen.[\/vc_column_text][vc_empty_space height=&#8220;22px&#8220; image_repeat=&#8220;no-repeat&#8220;][\/vc_column][vc_column width=&#8220;1\/2&#8243;][vc_empty_space height=&#8220;22px&#8220; image_repeat=&#8220;no-repeat&#8220;][vc_single_image image=&#8220;57713&#8243; img_size=&#8220;60&#215;60&#8243; qode_css_animation=&#8220;&#8220;][vc_column_text]<span style=\"font-size: 14pt;\"><strong>Der Veranstaltungsbereich<\/strong><\/span> Dieser Bereich wird f\u00fcr M\u00e4rkte und andere Veranstaltungen genutzt. Es ist \u00fcbrigens gr\u00f6\u00dfer als es auf dem Drohnenbild erscheint. Wundersch\u00f6n im Gr\u00fcnen. Sch\u00f6n gelegen im Flachland mit vielen stimmungsvollen Elementen, darunter das Gew\u00e4chshaus.[\/vc_column_text][vc_empty_space height=&#8220;22px&#8220; image_repeat=&#8220;no-repeat&#8220;][vc_single_image image=&#8220;57715&#8243; img_size=&#8220;60&#215;60&#8243; qode_css_animation=&#8220;&#8220;][vc_column_text]<strong><span style=\"font-size: 14pt;\">Das antike Gew\u00e4chshaus<\/span><\/strong> Das Herzst\u00fcck der Anlage. Ein sch\u00f6nes klassisches Gew\u00e4chshaus mit Weintrauben. Wunderbar als Ort f\u00fcr ein Essen oder eine feierliche Zeremonie. Durch das Glas ist es auch im fr\u00fchen Fr\u00fchling und im Sp\u00e4therbst sch\u00f6n.[\/vc_column_text][vc_empty_space height=&#8220;22px&#8220; image_repeat=&#8220;no-repeat&#8220;][vc_single_image image=&#8220;57717&#8243; img_size=&#8220;60&#215;60&#8243; qode_css_animation=&#8220;&#8220;][vc_column_text]<span style=\"font-size: 14pt;\"><strong>Parkpl\u00e4tze<\/strong><\/span> Der gro\u00dfe Parkplatz f\u00fcr Ihr Auto, Motorrad oder Fahrrad. Immer Platz und immer kostenlos. Bei Veranstaltungen und M\u00e4rkten gibt es hier Platz f\u00fcr alle. Achtung! Das Parken bei Flinkeboskje 1 ist nur f\u00fcr Mieter\/G\u00e4ste des Ferienhofs gestattet (A) und Het Voorhuis (B).[\/vc_column_text][\/vc_column][\/vc_row]<\/p>\n","protected":false},"excerpt":{"rendered":"<p>[vc_row row_type=&#8220;row&#8220; use_row_as_full_screen_section=&#8220;no&#8220; type=&#8220;full_width&#8220; oblique_section=&#8220;no&#8220; text_align=&#8220;left&#8220; css_animation=&#8220;&#8220;][vc_column][vc_single_image image=&#8220;57703&#8243; img_size=&#8220;full&#8220; alignment=&#8220;center&#8220; qode_css_animation=&#8220;&#8220;][\/vc_column][\/vc_row][vc_row row_type=&#8220;row&#8220; use_row_as_full_screen_section=&#8220;no&#8220; type=&#8220;full_width&#8220; oblique_section=&#8220;no&#8220; text_align=&#8220;left&#8220; css_animation=&#8220;&#8220;][vc_column][vc_column_text]In der Stra\u00dfe &#8218;Flinkeboskje&#8216; in Hemelum, Friesland, befinden sich zwei Bauernh\u00f6fe, die wir f\u00fcr Vermietungen und Veranstaltungen nutzen.[\/vc_column_text][\/vc_column][\/vc_row][vc_row row_type=&#8220;row&#8220;&#8230;<\/p>\n","protected":false},"author":2,"featured_media":0,"parent":0,"menu_order":0,"comment_status":"closed","ping_status":"closed","template":"","meta":{"footnotes":""},"class_list":["post-57915","page","type-page","status-publish","hentry"],"yoast_head":"<!-- This site is optimized with the Yoast SEO plugin v27.1.1 - https:\/\/yoast.com\/product\/yoast-seo-wordpress\/ -->\n<title>Standort\u00fcbersicht Flinkeboskje und die Flinkefarm - It Flinkeboskje en de Flinkefarm<\/title>\n<meta name=\"description\" content=\"\u00dcberblick \u00fcber das Gel\u00e4nde und die Unterk\u00fcnfte des Flinkeboskje und der Flinkefarm in Hemelum in Friesland.\" \/>\n<meta name=\"robots\" content=\"index, follow, max-snippet:-1, max-image-preview:large, max-video-preview:-1\" \/>\n<link rel=\"canonical\" href=\"https:\/\/itflinkeboskje.nl\/de\/standortuebersicht-flinkeboskje-und-die-flinkefarm\/\" \/>\n<meta property=\"og:locale\" content=\"de_DE\" \/>\n<meta property=\"og:type\" content=\"article\" \/>\n<meta property=\"og:title\" content=\"Standort\u00fcbersicht Flinkeboskje und die Flinkefarm - It Flinkeboskje en de Flinkefarm\" \/>\n<meta property=\"og:description\" content=\"\u00dcberblick \u00fcber das Gel\u00e4nde und die Unterk\u00fcnfte des Flinkeboskje und der Flinkefarm in Hemelum in Friesland.\" \/>\n<meta property=\"og:url\" content=\"https:\/\/itflinkeboskje.nl\/de\/standortuebersicht-flinkeboskje-und-die-flinkefarm\/\" \/>\n<meta property=\"og:site_name\" content=\"It Flinkeboskje en de Flinkefarm\" \/>\n<meta property=\"article:modified_time\" content=\"2025-03-19T11:06:27+00:00\" \/>\n<meta name=\"twitter:label1\" content=\"Gesch\u00e4tzte Lesezeit\" \/>\n\t<meta name=\"twitter:data1\" content=\"3\u00a0Minuten\" \/>\n<script type=\"application\/ld+json\" class=\"yoast-schema-graph\">{\"@context\":\"https:\/\/schema.org\",\"@graph\":[{\"@type\":\"WebPage\",\"@id\":\"https:\/\/itflinkeboskje.nl\/de\/standortuebersicht-flinkeboskje-und-die-flinkefarm\/\",\"url\":\"https:\/\/itflinkeboskje.nl\/de\/standortuebersicht-flinkeboskje-und-die-flinkefarm\/\",\"name\":\"Standort\u00fcbersicht Flinkeboskje und die Flinkefarm - It Flinkeboskje en de Flinkefarm\",\"isPartOf\":{\"@id\":\"https:\/\/itflinkeboskje.nl\/de\/#website\"},\"datePublished\":\"2023-11-27T14:54:54+00:00\",\"dateModified\":\"2025-03-19T11:06:27+00:00\",\"description\":\"\u00dcberblick \u00fcber das Gel\u00e4nde und die Unterk\u00fcnfte des Flinkeboskje und der Flinkefarm in Hemelum in Friesland.\",\"breadcrumb\":{\"@id\":\"https:\/\/itflinkeboskje.nl\/de\/standortuebersicht-flinkeboskje-und-die-flinkefarm\/#breadcrumb\"},\"inLanguage\":\"de\",\"potentialAction\":[{\"@type\":\"ReadAction\",\"target\":[\"https:\/\/itflinkeboskje.nl\/de\/standortuebersicht-flinkeboskje-und-die-flinkefarm\/\"]}]},{\"@type\":\"BreadcrumbList\",\"@id\":\"https:\/\/itflinkeboskje.nl\/de\/standortuebersicht-flinkeboskje-und-die-flinkefarm\/#breadcrumb\",\"itemListElement\":[{\"@type\":\"ListItem\",\"position\":1,\"name\":\"Home\",\"item\":\"https:\/\/itflinkeboskje.nl\/de\/\"},{\"@type\":\"ListItem\",\"position\":2,\"name\":\"Standort\u00fcbersicht Flinkeboskje und die Flinkefarm\"}]},{\"@type\":\"WebSite\",\"@id\":\"https:\/\/itflinkeboskje.nl\/de\/#website\",\"url\":\"https:\/\/itflinkeboskje.nl\/de\/\",\"name\":\"It Flinkeboskje en de Flinkefarm\",\"description\":\"Luxe groepsaccommodatie en vakantieboerderij it Flinkeboskje, vakantiewoning het Voorhuis en de Flinkefarm\",\"potentialAction\":[{\"@type\":\"SearchAction\",\"target\":{\"@type\":\"EntryPoint\",\"urlTemplate\":\"https:\/\/itflinkeboskje.nl\/de\/?s={search_term_string}\"},\"query-input\":{\"@type\":\"PropertyValueSpecification\",\"valueRequired\":true,\"valueName\":\"search_term_string\"}}],\"inLanguage\":\"de\"}]}<\/script>\n<!-- \/ Yoast SEO plugin. -->","yoast_head_json":{"title":"Standort\u00fcbersicht Flinkeboskje und die Flinkefarm - It Flinkeboskje en de Flinkefarm","description":"\u00dcberblick \u00fcber das Gel\u00e4nde und die Unterk\u00fcnfte des Flinkeboskje und der Flinkefarm in Hemelum in Friesland.","robots":{"index":"index","follow":"follow","max-snippet":"max-snippet:-1","max-image-preview":"max-image-preview:large","max-video-preview":"max-video-preview:-1"},"canonical":"https:\/\/itflinkeboskje.nl\/de\/standortuebersicht-flinkeboskje-und-die-flinkefarm\/","og_locale":"de_DE","og_type":"article","og_title":"Standort\u00fcbersicht Flinkeboskje und die Flinkefarm - It Flinkeboskje en de Flinkefarm","og_description":"\u00dcberblick \u00fcber das Gel\u00e4nde und die Unterk\u00fcnfte des Flinkeboskje und der Flinkefarm in Hemelum in Friesland.","og_url":"https:\/\/itflinkeboskje.nl\/de\/standortuebersicht-flinkeboskje-und-die-flinkefarm\/","og_site_name":"It Flinkeboskje en de Flinkefarm","article_modified_time":"2025-03-19T11:06:27+00:00","twitter_misc":{"Gesch\u00e4tzte Lesezeit":"3\u00a0Minuten"},"schema":{"@context":"https:\/\/schema.org","@graph":[{"@type":"WebPage","@id":"https:\/\/itflinkeboskje.nl\/de\/standortuebersicht-flinkeboskje-und-die-flinkefarm\/","url":"https:\/\/itflinkeboskje.nl\/de\/standortuebersicht-flinkeboskje-und-die-flinkefarm\/","name":"Standort\u00fcbersicht Flinkeboskje und die Flinkefarm - It Flinkeboskje en de Flinkefarm","isPartOf":{"@id":"https:\/\/itflinkeboskje.nl\/de\/#website"},"datePublished":"2023-11-27T14:54:54+00:00","dateModified":"2025-03-19T11:06:27+00:00","description":"\u00dcberblick \u00fcber das Gel\u00e4nde und die Unterk\u00fcnfte des Flinkeboskje und der Flinkefarm in Hemelum in Friesland.","breadcrumb":{"@id":"https:\/\/itflinkeboskje.nl\/de\/standortuebersicht-flinkeboskje-und-die-flinkefarm\/#breadcrumb"},"inLanguage":"de","potentialAction":[{"@type":"ReadAction","target":["https:\/\/itflinkeboskje.nl\/de\/standortuebersicht-flinkeboskje-und-die-flinkefarm\/"]}]},{"@type":"BreadcrumbList","@id":"https:\/\/itflinkeboskje.nl\/de\/standortuebersicht-flinkeboskje-und-die-flinkefarm\/#breadcrumb","itemListElement":[{"@type":"ListItem","position":1,"name":"Home","item":"https:\/\/itflinkeboskje.nl\/de\/"},{"@type":"ListItem","position":2,"name":"Standort\u00fcbersicht Flinkeboskje und die Flinkefarm"}]},{"@type":"WebSite","@id":"https:\/\/itflinkeboskje.nl\/de\/#website","url":"https:\/\/itflinkeboskje.nl\/de\/","name":"It Flinkeboskje en de Flinkefarm","description":"Luxe groepsaccommodatie en vakantieboerderij it Flinkeboskje, vakantiewoning het Voorhuis en de Flinkefarm","potentialAction":[{"@type":"SearchAction","target":{"@type":"EntryPoint","urlTemplate":"https:\/\/itflinkeboskje.nl\/de\/?s={search_term_string}"},"query-input":{"@type":"PropertyValueSpecification","valueRequired":true,"valueName":"search_term_string"}}],"inLanguage":"de"}]}},"_links":{"self":[{"href":"https:\/\/itflinkeboskje.nl\/de\/wp-json\/wp\/v2\/pages\/57915","targetHints":{"allow":["GET"]}}],"collection":[{"href":"https:\/\/itflinkeboskje.nl\/de\/wp-json\/wp\/v2\/pages"}],"about":[{"href":"https:\/\/itflinkeboskje.nl\/de\/wp-json\/wp\/v2\/types\/page"}],"author":[{"embeddable":true,"href":"https:\/\/itflinkeboskje.nl\/de\/wp-json\/wp\/v2\/users\/2"}],"replies":[{"embeddable":true,"href":"https:\/\/itflinkeboskje.nl\/de\/wp-json\/wp\/v2\/comments?post=57915"}],"version-history":[{"count":10,"href":"https:\/\/itflinkeboskje.nl\/de\/wp-json\/wp\/v2\/pages\/57915\/revisions"}],"predecessor-version":[{"id":58283,"href":"https:\/\/itflinkeboskje.nl\/de\/wp-json\/wp\/v2\/pages\/57915\/revisions\/58283"}],"wp:attachment":[{"href":"https:\/\/itflinkeboskje.nl\/de\/wp-json\/wp\/v2\/media?parent=57915"}],"curies":[{"name":"wp","href":"https:\/\/api.w.org\/{rel}","templated":true}]}}