{"id":57879,"date":"2024-04-09T13:37:05","date_gmt":"2024-04-09T11:37:05","guid":{"rendered":"https:\/\/itflinkeboskje.nl\/ferienhauser-2024\/"},"modified":"2025-03-18T16:06:11","modified_gmt":"2025-03-18T15:06:11","slug":"ferienhauser-2024","status":"publish","type":"page","link":"https:\/\/itflinkeboskje.nl\/de\/ferienhauser-2024\/","title":{"rendered":"Ferienh\u00e4user 2024"},"content":{"rendered":"<p>[vc_row row_type=&#8220;row&#8220; use_row_as_full_screen_section=&#8220;no&#8220; type=&#8220;full_width&#8220; oblique_section=&#8220;no&#8220; text_align=&#8220;left&#8220; css_animation=&#8220;&#8220;][vc_column][vc_single_image image=&#8220;57719&#8243; img_size=&#8220;full&#8220; alignment=&#8220;center&#8220; qode_css_animation=&#8220;&#8220;][\/vc_column][\/vc_row][vc_row row_type=&#8220;row&#8220; use_row_as_full_screen_section=&#8220;no&#8220; type=&#8220;full_width&#8220; oblique_section=&#8220;no&#8220; text_align=&#8220;left&#8220; css_animation=&#8220;&#8220;][vc_column width=&#8220;1\/3&#8243;][vc_empty_space height=&#8220;15px&#8220; image_repeat=&#8220;no-repeat&#8220;][vc_separator type=&#8220;normal&#8220;][vc_column_text]<\/p>\n<h4 style=\"text-align: right;\"><span style=\"font-size: 24pt;\">Ferienhaus<\/span><\/h4>\n<p>[\/vc_column_text][vc_column_text]<\/p>\n<h4 style=\"text-align: right;\"><span style=\"font-size: 18pt;\">Het Voorhuis<\/span><\/h4>\n<p>[\/vc_column_text][vc_separator type=&#8220;normal&#8220;][vc_column_text]<\/p>\n<p style=\"text-align: left;\"><span style=\"font-size: 18pt;\"><strong>4-6 Personen<\/strong><\/span><\/p>\n<p style=\"text-align: justify;\">Het Voorhuis ist ein Traum. Au\u00dferdem verf\u00fcgt das Ferienhaus \u00fcber einen gro\u00dfen Garten mit Obstb\u00e4umen. Die private Terrasse hat einen Outdoor-Kamin, der f\u00fcr gem\u00fctliche Abende sorgt. L\u00e4ndlich wohnen in Hemelum, Friesland mit einer sehr stilvollen Einrichtung. Dieser sch\u00f6ne Ort ist ideal f\u00fcr Familien.    <\/p>\n<p>[\/vc_column_text][vc_column_text]<\/p>\n<p style=\"text-align: right;\"><a class=\"qbutton small white icon_right\" href=\"https:\/\/itflinkeboskje.nl\/vakantiewoning-het-voorhuis-boeking\/\" target=\"_self\" rel=\"noopener\">Werfen Sie einen Blick auf &gt;<\/a><\/p>\n<p>[\/vc_column_text][\/vc_column][vc_column width=&#8220;1\/3&#8243;][vc_empty_space height=&#8220;15px&#8220; image_repeat=&#8220;no-repeat&#8220;][vc_separator type=&#8220;normal&#8220;][vc_column_text]<\/p>\n<h4 style=\"text-align: right;\"><span style=\"font-size: 24pt;\">Ferienhof<\/span><\/h4>\n<p>[\/vc_column_text][vc_column_text]<\/p>\n<h4 style=\"text-align: right;\"><span style=\"font-size: 18pt;\">It flinkeboskje<\/span><\/h4>\n<p>[\/vc_column_text][vc_separator type=&#8220;normal&#8220;][vc_column_text]<\/p>\n<p style=\"text-align: left;\"><span style=\"font-size: 18pt;\"><strong>20-24 Personen<\/strong><\/span><\/p>\n<p style=\"text-align: justify;\">Dieses stimmungsvolle Bauernhaus wurde im Jahr 1927 erbaut. Exquisit und freundlich eingerichtet. Zusammen mit dem freistehenden Landhaus gibt es 9 Schlafzimmer und 6 B\u00e4der. Es ist ausreichend Platz f\u00fcr Familien und Gruppen von Freunden vorhanden, um gemeinsam zu kochen, zu essen und zu genie\u00dfen. Dieser Ferienhof wurde landesweit in Zeitschriften und im Fernsehen vorgestellt.    <\/p>\n<p>[\/vc_column_text][vc_column_text]<\/p>\n<p style=\"text-align: right;\"><a class=\"qbutton small white icon_right\" href=\"https:\/\/itflinkeboskje.nl\/vakantieboerderij-groepsaccommodatie-hemelum-friesland-boeking\/\" target=\"_self\" rel=\"noopener\">Sehen Sie sich den &gt;<\/a><\/p>\n<p>[\/vc_column_text][\/vc_column][vc_column width=&#8220;1\/3&#8243;][vc_empty_space height=&#8220;15px&#8220; image_repeat=&#8220;no-repeat&#8220;][vc_separator type=&#8220;normal&#8220;][vc_column_text]<\/p>\n<h4 style=\"text-align: right;\"><span style=\"font-size: 24pt;\">ganzen Hof an<\/span><\/h4>\n<p>[\/vc_column_text][vc_column_text]<\/p>\n<h4 style=\"text-align: right;\"><span style=\"font-size: 18pt;\">die Unterk\u00fcnfte zusammen<\/span><\/h4>\n<p>[\/vc_column_text][vc_separator type=&#8220;normal&#8220;][vc_column_text]<\/p>\n<p style=\"text-align: left;\"><span style=\"font-size: 18pt;\"><strong>ca. 30 Personen<\/strong><\/span><\/p>\n<p style=\"text-align: justify;\">Brauchen Sie den gesamten Platz? Mieten Sie dann den Ferienhof in Kombination mit Het Voorhuis. Das gesamte Gel\u00e4nde mit allen Geb\u00e4uden f\u00fcr Sie alleine. Insgesamt 12 Schlafzimmer mit 30 Boxspringbetten, 8 B\u00e4der; es ist also immer genug Platz. Die Atmosph\u00e4re ist genauso gro\u00dfartig wie die Einrichtung. Besuchen Sie uns und genie\u00dfen Sie Ihre eigene &#8222;Insel&#8220; im Gr\u00fcnen.<\/p>\n<p>[\/vc_column_text][vc_column_text]<\/p>\n<p style=\"text-align: right;\"><a class=\"qbutton small white icon_right\" href=\"https:\/\/itflinkeboskje.nl\/vakantiehuis-totale-boerderij\/\" target=\"_self\" rel=\"noopener\">Werfen Sie einen Blick auf &gt;<\/a><\/p>\n<p>[\/vc_column_text][\/vc_column][\/vc_row][vc_row row_type=&#8220;row&#8220; use_row_as_full_screen_section=&#8220;no&#8220; type=&#8220;full_width&#8220; oblique_section=&#8220;no&#8220; text_align=&#8220;left&#8220; css_animation=&#8220;&#8220;][vc_column][vc_column_text]<\/p>\n<p style=\"text-align: left;\"><span style=\"font-size: 18pt;\"><strong>F\u00fcr eine Weile weg<\/strong><\/span><\/p>\n<p style=\"text-align: justify;\">Tipps f\u00fcr besondere Orte in der Umgebung des Ferienhofs und der Gruppenunterkunft it Flinkeboskje finden Sie auf der Seite<a href=\"https:\/\/itflinkeboskje.nl\/de-omgeving\/\">&#8218;Umgebung<\/a>&#8218;. Die <a href=\"https:\/\/itflinkeboskje.nl\/over-ons\/\">Betreiber von it Flinkeboskje<\/a> sind nat\u00fcrlich in der Gegend sehr bekannt und kennen auch viele sch\u00f6ne Pl\u00e4tze und Restaurants. Wenn Sie mit der Familie oder Freunden zu Besuch bei it Flinkeboskje sind, fragen Sie gerne danach!<\/p>\n<p>[\/vc_column_text][vc_empty_space height=&#8220;15px&#8220; image_repeat=&#8220;no-repeat&#8220;][\/vc_column][\/vc_row]<\/p>\n","protected":false},"excerpt":{"rendered":"<p>[vc_row row_type=&#8220;row&#8220; use_row_as_full_screen_section=&#8220;no&#8220; type=&#8220;full_width&#8220; oblique_section=&#8220;no&#8220; text_align=&#8220;left&#8220; css_animation=&#8220;&#8220;][vc_column][vc_single_image image=&#8220;57719&#8243; img_size=&#8220;full&#8220; alignment=&#8220;center&#8220; qode_css_animation=&#8220;&#8220;][\/vc_column][\/vc_row][vc_row row_type=&#8220;row&#8220; use_row_as_full_screen_section=&#8220;no&#8220; type=&#8220;full_width&#8220; oblique_section=&#8220;no&#8220; text_align=&#8220;left&#8220; css_animation=&#8220;&#8220;][vc_column width=&#8220;1\/3&#8243;][vc_empty_space height=&#8220;15px&#8220; image_repeat=&#8220;no-repeat&#8220;][vc_separator type=&#8220;normal&#8220;][vc_column_text] Ferienhaus [\/vc_column_text][vc_column_text] Het Voorhuis [\/vc_column_text][vc_separator type=&#8220;normal&#8220;][vc_column_text] 4-6 Personen Het Voorhuis ist ein Traum. Au\u00dferdem&#8230;<\/p>\n","protected":false},"author":2,"featured_media":0,"parent":0,"menu_order":0,"comment_status":"closed","ping_status":"closed","template":"full_width.php","meta":{"footnotes":""},"class_list":["post-57879","page","type-page","status-publish","hentry"],"yoast_head":"<!-- This site is optimized with the Yoast SEO plugin v27.1.1 - https:\/\/yoast.com\/product\/yoast-seo-wordpress\/ -->\n<title>Aufenthalt in der Gruppenunterkunft it Flinkeboskje Hemelum<\/title>\n<meta name=\"description\" content=\"Gruppenunterkunft it Flinkeboskje in Hemelum in Friesland. Aufenthalt in unserem Ferienhof. Auch f\u00fcr Unternehmen. Gruppen sind herzlich willkommen. Max. 20 Personen.\" \/>\n<meta name=\"robots\" content=\"index, follow, max-snippet:-1, max-image-preview:large, max-video-preview:-1\" \/>\n<link rel=\"canonical\" href=\"https:\/\/itflinkeboskje.nl\/de\/ferienhauser-2024\/\" \/>\n<meta property=\"og:locale\" content=\"de_DE\" \/>\n<meta property=\"og:type\" content=\"article\" \/>\n<meta property=\"og:title\" content=\"Aufenthalt in der Gruppenunterkunft it Flinkeboskje Hemelum\" \/>\n<meta property=\"og:description\" content=\"Gruppenunterkunft it Flinkeboskje in Hemelum in Friesland. Aufenthalt in unserem Ferienhof. Auch f\u00fcr Unternehmen. Gruppen sind herzlich willkommen. Max. 20 Personen.\" \/>\n<meta property=\"og:url\" content=\"https:\/\/itflinkeboskje.nl\/de\/ferienhauser-2024\/\" \/>\n<meta property=\"og:site_name\" content=\"It Flinkeboskje en de Flinkefarm\" \/>\n<meta property=\"article:modified_time\" content=\"2025-03-18T15:06:11+00:00\" \/>\n<meta name=\"twitter:label1\" content=\"Gesch\u00e4tzte Lesezeit\" \/>\n\t<meta name=\"twitter:data1\" content=\"3\u00a0Minuten\" \/>\n<script type=\"application\/ld+json\" class=\"yoast-schema-graph\">{\"@context\":\"https:\/\/schema.org\",\"@graph\":[{\"@type\":\"WebPage\",\"@id\":\"https:\/\/itflinkeboskje.nl\/de\/ferienhauser-2024\/\",\"url\":\"https:\/\/itflinkeboskje.nl\/de\/ferienhauser-2024\/\",\"name\":\"Aufenthalt in der Gruppenunterkunft it Flinkeboskje Hemelum\",\"isPartOf\":{\"@id\":\"https:\/\/itflinkeboskje.nl\/de\/#website\"},\"datePublished\":\"2024-04-09T11:37:05+00:00\",\"dateModified\":\"2025-03-18T15:06:11+00:00\",\"description\":\"Gruppenunterkunft it Flinkeboskje in Hemelum in Friesland. Aufenthalt in unserem Ferienhof. Auch f\u00fcr Unternehmen. Gruppen sind herzlich willkommen. Max. 20 Personen.\",\"breadcrumb\":{\"@id\":\"https:\/\/itflinkeboskje.nl\/de\/ferienhauser-2024\/#breadcrumb\"},\"inLanguage\":\"de\",\"potentialAction\":[{\"@type\":\"ReadAction\",\"target\":[\"https:\/\/itflinkeboskje.nl\/de\/ferienhauser-2024\/\"]}]},{\"@type\":\"BreadcrumbList\",\"@id\":\"https:\/\/itflinkeboskje.nl\/de\/ferienhauser-2024\/#breadcrumb\",\"itemListElement\":[{\"@type\":\"ListItem\",\"position\":1,\"name\":\"Home\",\"item\":\"https:\/\/itflinkeboskje.nl\/de\/\"},{\"@type\":\"ListItem\",\"position\":2,\"name\":\"Ferienh\u00e4user 2024\"}]},{\"@type\":\"WebSite\",\"@id\":\"https:\/\/itflinkeboskje.nl\/de\/#website\",\"url\":\"https:\/\/itflinkeboskje.nl\/de\/\",\"name\":\"It Flinkeboskje en de Flinkefarm\",\"description\":\"Luxe groepsaccommodatie en vakantieboerderij it Flinkeboskje, vakantiewoning het Voorhuis en de Flinkefarm\",\"potentialAction\":[{\"@type\":\"SearchAction\",\"target\":{\"@type\":\"EntryPoint\",\"urlTemplate\":\"https:\/\/itflinkeboskje.nl\/de\/?s={search_term_string}\"},\"query-input\":{\"@type\":\"PropertyValueSpecification\",\"valueRequired\":true,\"valueName\":\"search_term_string\"}}],\"inLanguage\":\"de\"}]}<\/script>\n<!-- \/ Yoast SEO plugin. -->","yoast_head_json":{"title":"Aufenthalt in der Gruppenunterkunft it Flinkeboskje Hemelum","description":"Gruppenunterkunft it Flinkeboskje in Hemelum in Friesland. Aufenthalt in unserem Ferienhof. Auch f\u00fcr Unternehmen. Gruppen sind herzlich willkommen. Max. 20 Personen.","robots":{"index":"index","follow":"follow","max-snippet":"max-snippet:-1","max-image-preview":"max-image-preview:large","max-video-preview":"max-video-preview:-1"},"canonical":"https:\/\/itflinkeboskje.nl\/de\/ferienhauser-2024\/","og_locale":"de_DE","og_type":"article","og_title":"Aufenthalt in der Gruppenunterkunft it Flinkeboskje Hemelum","og_description":"Gruppenunterkunft it Flinkeboskje in Hemelum in Friesland. Aufenthalt in unserem Ferienhof. Auch f\u00fcr Unternehmen. Gruppen sind herzlich willkommen. Max. 20 Personen.","og_url":"https:\/\/itflinkeboskje.nl\/de\/ferienhauser-2024\/","og_site_name":"It Flinkeboskje en de Flinkefarm","article_modified_time":"2025-03-18T15:06:11+00:00","twitter_misc":{"Gesch\u00e4tzte Lesezeit":"3\u00a0Minuten"},"schema":{"@context":"https:\/\/schema.org","@graph":[{"@type":"WebPage","@id":"https:\/\/itflinkeboskje.nl\/de\/ferienhauser-2024\/","url":"https:\/\/itflinkeboskje.nl\/de\/ferienhauser-2024\/","name":"Aufenthalt in der Gruppenunterkunft it Flinkeboskje Hemelum","isPartOf":{"@id":"https:\/\/itflinkeboskje.nl\/de\/#website"},"datePublished":"2024-04-09T11:37:05+00:00","dateModified":"2025-03-18T15:06:11+00:00","description":"Gruppenunterkunft it Flinkeboskje in Hemelum in Friesland. Aufenthalt in unserem Ferienhof. Auch f\u00fcr Unternehmen. Gruppen sind herzlich willkommen. Max. 20 Personen.","breadcrumb":{"@id":"https:\/\/itflinkeboskje.nl\/de\/ferienhauser-2024\/#breadcrumb"},"inLanguage":"de","potentialAction":[{"@type":"ReadAction","target":["https:\/\/itflinkeboskje.nl\/de\/ferienhauser-2024\/"]}]},{"@type":"BreadcrumbList","@id":"https:\/\/itflinkeboskje.nl\/de\/ferienhauser-2024\/#breadcrumb","itemListElement":[{"@type":"ListItem","position":1,"name":"Home","item":"https:\/\/itflinkeboskje.nl\/de\/"},{"@type":"ListItem","position":2,"name":"Ferienh\u00e4user 2024"}]},{"@type":"WebSite","@id":"https:\/\/itflinkeboskje.nl\/de\/#website","url":"https:\/\/itflinkeboskje.nl\/de\/","name":"It Flinkeboskje en de Flinkefarm","description":"Luxe groepsaccommodatie en vakantieboerderij it Flinkeboskje, vakantiewoning het Voorhuis en de Flinkefarm","potentialAction":[{"@type":"SearchAction","target":{"@type":"EntryPoint","urlTemplate":"https:\/\/itflinkeboskje.nl\/de\/?s={search_term_string}"},"query-input":{"@type":"PropertyValueSpecification","valueRequired":true,"valueName":"search_term_string"}}],"inLanguage":"de"}]}},"_links":{"self":[{"href":"https:\/\/itflinkeboskje.nl\/de\/wp-json\/wp\/v2\/pages\/57879","targetHints":{"allow":["GET"]}}],"collection":[{"href":"https:\/\/itflinkeboskje.nl\/de\/wp-json\/wp\/v2\/pages"}],"about":[{"href":"https:\/\/itflinkeboskje.nl\/de\/wp-json\/wp\/v2\/types\/page"}],"author":[{"embeddable":true,"href":"https:\/\/itflinkeboskje.nl\/de\/wp-json\/wp\/v2\/users\/2"}],"replies":[{"embeddable":true,"href":"https:\/\/itflinkeboskje.nl\/de\/wp-json\/wp\/v2\/comments?post=57879"}],"version-history":[{"count":8,"href":"https:\/\/itflinkeboskje.nl\/de\/wp-json\/wp\/v2\/pages\/57879\/revisions"}],"predecessor-version":[{"id":58227,"href":"https:\/\/itflinkeboskje.nl\/de\/wp-json\/wp\/v2\/pages\/57879\/revisions\/58227"}],"wp:attachment":[{"href":"https:\/\/itflinkeboskje.nl\/de\/wp-json\/wp\/v2\/media?parent=57879"}],"curies":[{"name":"wp","href":"https:\/\/api.w.org\/{rel}","templated":true}]}}