{"id":57877,"date":"2023-11-23T21:44:38","date_gmt":"2023-11-23T20:44:38","guid":{"rendered":"https:\/\/itflinkeboskje.nl\/bauernhof-es-flinkeboskje-2023\/"},"modified":"2025-05-04T16:58:50","modified_gmt":"2025-05-04T14:58:50","slug":"bauernhof-es-flinkeboskje-2023","status":"publish","type":"page","link":"https:\/\/itflinkeboskje.nl\/de\/bauernhof-es-flinkeboskje-2023\/","title":{"rendered":"Ferienhof it Flinkeboskje 2023"},"content":{"rendered":"<p>[vc_row row_type=&#8220;row&#8220; use_row_as_full_screen_section=&#8220;no&#8220; type=&#8220;full_width&#8220; oblique_section=&#8220;no&#8220; text_align=&#8220;left&#8220; css_animation=&#8220;&#8220;][vc_column][vc_empty_space height=&#8220;15px&#8220; image_repeat=&#8220;no-repeat&#8220;][vc_column_text]<\/p>\r\n<h2 style=\"text-align: left;\"><span style=\"font-size: 24pt;\">DER FERIENHOF<\/span><\/h2>\r\n<p>[\/vc_column_text][vc_empty_space height=&#8220;10px&#8220; image_repeat=&#8220;no-repeat&#8220;][vc_column_text]<\/p>\r\n<p>&nbsp;<\/p>\r\n\r\n<p>[\/vc_column_text][vc_column_text]<\/p>\r\n<p>Willkommen auf unserem charmanten Ferienhof und Gruppenunterkunft in <a href=\"https:\/\/itflinkeboskje.nl\/contact\/\">Hemelum, Friesland<\/a>! Inmitten der ruhigen friesischen Landschaft gelegen, bieten wir ein einzigartiges und stilvolles Erlebnis f\u00fcr Gruppen, die einen unvergesslichen Urlaub verbringen m\u00f6chten.<\/p>\r\n<p>&nbsp;<\/p>\r\n<p>Unsere Unterk\u00fcnfte sind liebevoll und mit einem Auge f\u00fcr <a href=\"https:\/\/itflinkeboskje.nl\/sip-en-clara\/\">Design und Vintage<\/a> eingerichtet, was jedem Zimmer eine warme und einladende Atmosph\u00e4re verleiht. Ganz egal, ob Sie ein Familientreffen, ein Treffen mit Freunden oder einen Betriebsausflug planen, unsere Zimmer bieten komfortable Schlafm\u00f6glichkeiten f\u00fcr alle. Bis zu maximal 20 Personen. Die ehemalige Scheune wurde geschmackvoll zu einem gem\u00fctlichen Wohnbereich umgebaut. Hier ist genug Platz, um gemeinsam zu kochen und zu essen, aber auch, um sich danach mit einem guten Buch zur\u00fcckzuziehen. Auf der Terrasse kann gegrillt werden und bis in die sp\u00e4ten Abendstunden kann man den friesischen Himmel am Kaminofen genie\u00dfen.<\/p>\r\n<p>&nbsp;<\/p>\r\n<p>Entdecken Sie die Natur Frieslands beim Wandern, Radfahren oder Bootfahren in der Region. Von gr\u00fcnen Wiesen bis zu schimmernden Seen &#8211; die Landschaft wird Sie verzaubern. F\u00fcr Abenteuerlustige gibt es in der N\u00e4he zahlreiche Aktivit\u00e4ten, wie z. B. Segeln auf den friesischen Seen oder die Erkundung malerischer D\u00f6rfer.<\/p>\r\n<p>&nbsp;<\/p>\r\n<p>Nach einem erlebnisreichen Tag k\u00f6nnen Sie sich auf unserem Bauernhof entspannen. Genie\u00dfen Sie eine k\u00f6stliche Mahlzeit in unserem gem\u00fctlichen Ferienhof oder verbringen Sie den Abend mit dem R\u00f6sten von Marshmallows am Lagerfeuer. Mit unserer herzlichen Gastfreundschaft und Liebe zum Detail wollen wir Ihren Aufenthalt unvergesslich machen.<\/p>\r\n<p>&nbsp;<\/p>\r\n<p>Ganz gleich, ob Sie Ruhe, Abenteuer oder einen Hauch von <a href=\"https:\/\/itflinkeboskje.nl\/flinke-vintage-instagram\/\">Vintage-Flair<\/a> suchen, unser Ferienhof in Hemelum bietet f\u00fcr jeden etwas. Buchen Sie noch heute und lassen Sie sich von dem einzigartigen Charme dieses sch\u00f6nen Ortes in Friesland verzaubern!<\/p>\r\n<p>[\/vc_column_text][vc_empty_space height=&#8220;15px&#8220; image_repeat=&#8220;no-repeat&#8220;][vc_empty_space height=&#8220;30px&#8220; image_repeat=&#8220;no-repeat&#8220;][vc_row_inner row_type=&#8220;row&#8220; type=&#8220;full_width&#8220; use_row_as_full_screen_section_slide=&#8220;no&#8220; text_align=&#8220;left&#8220; css_animation=&#8220;&#8220;][vc_column_inner width=&#8220;1\/2&#8243;][vc_column_text]<\/p>\r\n<h2 style=\"text-align: left;\"><span style=\"font-size: 14pt;\">PREISE<\/span><\/h2>\r\n<p>[\/vc_column_text][vc_column_text]<\/p>\r\n<p><b>Richtpreis f\u00fcr 20 Personen auf dem Ferienhof<\/b><\/p>\r\n<p>[\/vc_column_text][vc_column_text]<\/p>\r\n<div class=\"wptb-container-legacy\" data-table-id=\"58551\">\n    <table class=\"wptb-preview-table wptb-element-main-table_setting-58551\" style=\"border-spacing: 3px 3px; border-collapse: collapse !important; min-width: 100%; border: 1px solid #d1d1d1; \" data-border-spacing-columns=\"3\" data-border-spacing-rows=\"3\" data-reconstraction=\"1\" data-wptb-table-directives=\"eyJpbm5lckJvcmRlcnMiOnsiYWN0aXZlIjoiYWxsIiwiYm9yZGVyV2lkdGgiOjEsImJvcmRlclJhZGl1c2VzIjp7ImFsbCI6MCwicm93IjowLCJjb2x1bW4iOjB9fX0=\" data-wptb-responsive-directives=\"eyJyZXNwb25zaXZlRW5hYmxlZCI6dHJ1ZSwicmVzcG9uc2l2ZU1vZGUiOiJhdXRvIiwicmVsYXRpdmVXaWR0aCI6IndpbmRvdyIsInByZXNlcnZlUm93Q29sb3IiOmZhbHNlLCJoZWFkZXJGdWxseU1lcmdlZCI6ZmFsc2UsImJyZWFrcG9pbnRzIjp7ImRlc2t0b3AiOnsibmFtZSI6ImRlc2t0b3AiLCJ3aWR0aCI6MTAyNH0sInRhYmxldCI6eyJuYW1lIjoidGFibGV0Iiwid2lkdGgiOjcwMH0sIm1vYmlsZSI6eyJuYW1lIjoibW9iaWxlIiwid2lkdGgiOjM3NX19LCJtb2RlT3B0aW9ucyI6eyJhdXRvIjp7ImRpc2FibGVkIjp7ImRlc2t0b3AiOmZhbHNlLCJ0YWJsZXQiOmZhbHNlLCJtb2JpbGUiOmZhbHNlfSwidG9wUm93QXNIZWFkZXIiOnsiZGVza3RvcCI6ZmFsc2UsInRhYmxldCI6dHJ1ZSwibW9iaWxlIjp0cnVlfSwicmVwZWF0TWVyZ2VkSGVhZGVyIjp7ImRlc2t0b3AiOnRydWUsInRhYmxldCI6dHJ1ZSwibW9iaWxlIjp0cnVlfSwic3RhdGljVG9wUm93Ijp7ImRlc2t0b3AiOmZhbHNlLCJ0YWJsZXQiOmZhbHNlLCJtb2JpbGUiOmZhbHNlfSwiY2VsbFN0YWNrRGlyZWN0aW9uIjp7ImRlc2t0b3AiOiJyb3ciLCJ0YWJsZXQiOiJyb3ciLCJtb2JpbGUiOiJyb3cifSwiY2VsbHNQZXJSb3ciOnsiZGVza3RvcCI6MSwidGFibGV0IjoxLCJtb2JpbGUiOjF9fX19\" data-wptb-cells-width-auto-count=\"4\" data-wptb-horizontal-scroll-status=\"1\" data-wptb-extra-styles=\"LyogRW50ZXIgeW91ciBjdXN0b20gQ1NTIHJ1bGVzIGhlcmUgKi8=\" data-wptb-pro-pagination-top-row-header=\"false\" data-wptb-rows-per-page=\"10\" data-wptb-pro-search-top-row-header=\"false\" data-wptb-searchbar-position=\"left\" role=\"table\" data-table-columns=\"4\" data-wptb-table-alignment=\"center\" data-wptb-td-width-auto=\"69\" data-wptb-table-tds-sum-max-width=\"363\" ><tbody data-global-font-size=\"15\" ><tr  class=\"wptb-row \" style=\"\"><td class=\"wptb-cell \" colspan=\"1\" rowspan=\"1\" style=\"padding: 10px; border-width: 1px; border-color: #d1d1d1; border-style: solid; border-radius: 0px; \" data-y-index=\"0\" data-x-index=\"0\" data-wptb-css-td-auto-width=\"true\" data-wptb-css-td-auto-height=\"true\" data-wptb-cell-vertical-alignment=\"center\" ><div class=\"wptb-text-container wptb-ph-element wptb-element-text-597\" style=\"color: #000000; font-size: 15px; \"><div style=\"position: relative;\"><p><\/p><\/div><\/div><\/td><td class=\"wptb-cell \" colspan=\"1\" rowspan=\"1\" style=\"padding: 10px; border-width: 1px; border-color: #d1d1d1; border-style: solid; border-radius: 0px; \" data-y-index=\"0\" data-x-index=\"1\" data-wptb-css-td-auto-width=\"true\" data-wptb-css-td-auto-height=\"true\" data-wptb-cell-vertical-alignment=\"center\" ><div class=\"wptb-text-container wptb-ph-element wptb-element-text-598\" style=\"color: #000000; font-size: 12px; \"><div style=\"position: relative;\"><p>Wochenende 2 N\u00e4chte<\/p><\/div><\/div><\/td><td class=\"wptb-cell \" colspan=\"1\" rowspan=\"1\" style=\"padding: 10px; border-width: 1px; border-color: #d1d1d1; border-style: solid; border-radius: 0px; \" data-y-index=\"0\" data-x-index=\"2\" data-wptb-css-td-auto-width=\"true\" data-wptb-css-td-auto-height=\"true\" data-wptb-cell-vertical-alignment=\"center\" ><div class=\"wptb-text-container wptb-ph-element wptb-element-text-599\" style=\"color: #000000; font-size: 12px; \"><div style=\"position: relative;\"><p>Midweek 2 N\u00e4chte<\/p><\/div><\/div><\/td><td class=\"wptb-cell \" colspan=\"1\" rowspan=\"1\" style=\"padding: 10px; border-width: 1px; border-color: #d1d1d1; border-style: solid; border-radius: 0px; \" data-y-index=\"0\" data-x-index=\"3\" data-wptb-css-td-auto-width=\"true\" data-wptb-css-td-auto-height=\"true\" data-wptb-cell-vertical-alignment=\"center\" ><div class=\"wptb-text-container wptb-ph-element wptb-element-text-600\" style=\"color: #000000; font-size: 12px; \"><div style=\"position: relative;\"><p>Woche 7 N\u00e4chte<\/p><\/div><\/div><\/td><\/tr><tr  class=\"wptb-row \" style=\"\"><td class=\"wptb-cell \" colspan=\"1\" rowspan=\"1\" style=\"padding: 10px; border-width: 1px; border-color: #d1d1d1; border-style: solid; border-radius: 0px; \" data-y-index=\"1\" data-x-index=\"0\" data-wptb-css-td-auto-width=\"true\" data-wptb-css-td-auto-height=\"true\" data-wptb-cell-vertical-alignment=\"center\" ><div class=\"wptb-text-container wptb-ph-element wptb-element-text-601\" style=\"color: #000000; font-size: 12px; \"><div style=\"position: relative;\"><p>Nebensaison (Jan - Feb)<\/p><\/div><\/div><\/td><td class=\"wptb-cell \" colspan=\"1\" rowspan=\"1\" style=\"padding: 10px; border-width: 1px; border-color: #d1d1d1; border-style: solid; border-radius: 0px; \" data-y-index=\"1\" data-x-index=\"1\" data-wptb-css-td-auto-width=\"true\" data-wptb-css-td-auto-height=\"true\" data-wptb-cell-vertical-alignment=\"center\" ><div class=\"wptb-text-container wptb-ph-element wptb-element-text-602\" style=\"color: #000000; font-size: 12px; \"><div style=\"position: relative;\"><p>2000 \u20ac<\/p><\/div><\/div><\/td><td class=\"wptb-cell \" colspan=\"1\" rowspan=\"1\" style=\"padding: 10px; border-width: 1px; border-color: #d1d1d1; border-style: solid; border-radius: 0px; \" data-y-index=\"1\" data-x-index=\"2\" data-wptb-css-td-auto-width=\"true\" data-wptb-css-td-auto-height=\"true\" data-wptb-cell-vertical-alignment=\"center\" ><div class=\"wptb-text-container wptb-ph-element wptb-element-text-603\" style=\"color: #000000; font-size: 12px; \"><div style=\"position: relative;\"><p>1000 \u20ac<\/p><\/div><\/div><\/td><td class=\"wptb-cell \" colspan=\"1\" rowspan=\"1\" style=\"padding: 10px; border-width: 1px; border-color: #d1d1d1; border-style: solid; border-radius: 0px; \" data-y-index=\"1\" data-x-index=\"3\" data-wptb-css-td-auto-width=\"true\" data-wptb-css-td-auto-height=\"true\" data-wptb-cell-vertical-alignment=\"center\" ><div class=\"wptb-text-container wptb-ph-element wptb-element-text-604\" style=\"color: #000000; font-size: 12px; \"><div style=\"position: relative;\"><p>3000 \u20ac<\/p><\/div><\/div><\/td><\/tr><tr  class=\"wptb-row \" style=\"\"><td class=\"wptb-cell \" colspan=\"1\" rowspan=\"1\" style=\"padding: 10px; border-width: 1px; border-color: #d1d1d1; border-style: solid; border-radius: 0px; \" data-y-index=\"2\" data-x-index=\"0\" data-wptb-css-td-auto-width=\"true\" data-wptb-css-td-auto-height=\"true\" data-wptb-cell-vertical-alignment=\"center\" ><div class=\"wptb-text-container wptb-ph-element wptb-element-text-605\" style=\"color: #000000; font-size: 12px; \"><div style=\"position: relative;\"><p>Hochsaison<\/p><\/div><\/div><\/td><td class=\"wptb-cell \" colspan=\"1\" rowspan=\"1\" style=\"padding: 10px; border-width: 1px; border-color: #d1d1d1; border-style: solid; border-radius: 0px; \" data-y-index=\"2\" data-x-index=\"1\" data-wptb-css-td-auto-width=\"true\" data-wptb-css-td-auto-height=\"true\" data-wptb-cell-vertical-alignment=\"center\" ><div class=\"wptb-text-container wptb-ph-element wptb-element-text-606\" style=\"color: #000000; font-size: 12px; \"><div style=\"position: relative;\"><p>2200 \u20ac<\/p><\/div><\/div><\/td><td class=\"wptb-cell \" colspan=\"1\" rowspan=\"1\" style=\"padding: 10px; border-width: 1px; border-color: #d1d1d1; border-style: solid; border-radius: 0px; \" data-y-index=\"2\" data-x-index=\"2\" data-wptb-css-td-auto-width=\"true\" data-wptb-css-td-auto-height=\"true\" data-wptb-cell-vertical-alignment=\"center\" ><div class=\"wptb-text-container wptb-ph-element wptb-element-text-607\" style=\"color: #000000; font-size: 12px; \"><div style=\"position: relative;\"><p>1200 \u20ac<\/p><\/div><\/div><\/td><td class=\"wptb-cell \" colspan=\"1\" rowspan=\"1\" style=\"padding: 10px; border-width: 1px; border-color: #d1d1d1; border-style: solid; border-radius: 0px; \" data-y-index=\"2\" data-x-index=\"3\" data-wptb-css-td-auto-width=\"true\" data-wptb-css-td-auto-height=\"true\" data-wptb-cell-vertical-alignment=\"center\" ><div class=\"wptb-text-container wptb-ph-element wptb-element-text-608\" style=\"color: #000000; font-size: 12px; \"><div style=\"position: relative;\"><p>4000 \u20ac<\/p><p><\/p><\/div><\/div><\/td><\/tr><tr  class=\"wptb-row \" style=\"\"><td class=\"wptb-cell \" colspan=\"1\" rowspan=\"1\" style=\"padding: 10px; border-width: 1px; border-color: #d1d1d1; border-style: solid; border-radius: 0px; \" data-y-index=\"3\" data-x-index=\"0\" data-wptb-css-td-auto-width=\"true\" data-wptb-css-td-auto-height=\"true\" data-wptb-cell-vertical-alignment=\"center\" ><div class=\"wptb-text-container wptb-ph-element wptb-element-text-609\" style=\"color: #000000; font-size: 12px; \"><div style=\"position: relative;\"><p>Feiertage (3 N\u00e4chte) *<\/p><\/div><\/div><\/td><td class=\"wptb-cell \" colspan=\"1\" rowspan=\"1\" style=\"padding: 10px; border-width: 1px; border-color: #d1d1d1; border-style: solid; border-radius: 0px; \" data-y-index=\"3\" data-x-index=\"1\" data-wptb-css-td-auto-width=\"true\" data-wptb-css-td-auto-height=\"true\" data-wptb-cell-vertical-alignment=\"center\" ><div class=\"wptb-text-container wptb-ph-element wptb-element-text-610\" style=\"color: #000000; font-size: 12px; \"><div style=\"position: relative;\"><p>3000 \u20ac<\/p><\/div><\/div><\/td><td class=\"wptb-cell \" colspan=\"1\" rowspan=\"1\" style=\"padding: 10px; border-width: 1px; border-color: #d1d1d1; border-style: solid; border-radius: 0px; \" data-y-index=\"3\" data-x-index=\"2\" data-wptb-css-td-auto-width=\"true\" data-wptb-css-td-auto-height=\"true\" data-wptb-cell-vertical-alignment=\"center\" ><div class=\"wptb-text-container wptb-ph-element wptb-element-text-611\" style=\"color: #000000; font-size: 12px; \"><div style=\"position: relative;\"><p>auf Anfrage<\/p><\/div><\/div><\/td><td class=\"wptb-cell \" colspan=\"1\" rowspan=\"1\" style=\"padding: 10px; border-width: 1px; border-color: #d1d1d1; border-style: solid; border-radius: 0px; \" data-y-index=\"3\" data-x-index=\"3\" data-wptb-css-td-auto-width=\"true\" data-wptb-css-td-auto-height=\"true\" data-wptb-cell-vertical-alignment=\"center\" ><div class=\"wptb-text-container wptb-ph-element wptb-element-text-612\" style=\"color: #000000; font-size: 12px; \"><div style=\"position: relative;\"><p>auf Anfrage<\/p><\/div><\/div><\/td><\/tr><tr  class=\"wptb-row \" style=\"\"><td class=\"wptb-cell \" colspan=\"1\" rowspan=\"1\" style=\"padding: 10px; border-width: 1px; border-color: #d1d1d1; border-style: solid; border-radius: 0px; \" data-y-index=\"4\" data-x-index=\"0\" data-wptb-css-td-auto-width=\"true\" data-wptb-css-td-auto-height=\"true\" data-wptb-cell-vertical-alignment=\"center\" ><div class=\"wptb-text-container wptb-ph-element wptb-element-text-613\" style=\"color: #000000; font-size: 12px; \"><div style=\"position: relative;\"><p>Zus\u00e4tzliche Person pro Nacht<\/p><\/div><\/div><\/td><td class=\"wptb-cell \" colspan=\"1\" rowspan=\"1\" style=\"padding: 10px; border-width: 1px; border-color: #d1d1d1; border-style: solid; border-radius: 0px; \" data-y-index=\"4\" data-x-index=\"1\" data-wptb-css-td-auto-width=\"true\" data-wptb-css-td-auto-height=\"true\" data-wptb-cell-vertical-alignment=\"center\" ><div class=\"wptb-text-container wptb-ph-element wptb-element-text-614\" style=\"color: #000000; font-size: 12px; \"><div style=\"position: relative;\"><p>25 \u20ac<\/p><p><\/p><\/div><\/div><\/td><td class=\"wptb-cell \" colspan=\"1\" rowspan=\"1\" style=\"padding: 10px; border-width: 1px; border-color: #d1d1d1; border-style: solid; border-radius: 0px; \" data-y-index=\"4\" data-x-index=\"2\" data-wptb-css-td-auto-width=\"true\" data-wptb-css-td-auto-height=\"true\" data-wptb-cell-vertical-alignment=\"center\" ><div class=\"wptb-text-container wptb-ph-element wptb-element-text-615\" style=\"color: #000000; font-size: 12px; \"><div style=\"position: relative;\"><p>25 \u20ac<\/p><\/div><\/div><\/td><td class=\"wptb-cell \" colspan=\"1\" rowspan=\"1\" style=\"padding: 10px; border-width: 1px; border-color: #d1d1d1; border-style: solid; border-radius: 0px; \" data-y-index=\"4\" data-x-index=\"3\" data-wptb-css-td-auto-width=\"true\" data-wptb-css-td-auto-height=\"true\" data-wptb-cell-vertical-alignment=\"center\" ><div class=\"wptb-text-container wptb-ph-element wptb-element-text-616\" style=\"color: #000000; font-size: 12px; \"><div style=\"position: relative;\"><p>25 \u20ac<\/p><\/div><\/div><\/td><\/tr><\/tbody><\/table>\n<\/div>\n\r\n<p>[\/vc_column_text][vc_empty_space height=&#8220;30px&#8220; image_repeat=&#8220;no-repeat&#8220;][vc_column_text]<\/p>\r\n<p>In der Wochenmitte und auch in der Nebensaison erhalten Gruppen von bis zu 10 Personen einen erheblichen Preisnachlass (im Vergleich zu den Preisen in der regul\u00e4ren Saison).<\/p>\r\n<p>F\u00fcr einen individuellen Preis senden Sie bitte eine E-Mail an <a href=\"mailto:info@itflinkeboskje.nl\">info@itflinkeboskje.nl<\/a><\/p>\r\n<p><strong>*Zuschlag w\u00e4hrend der Schulferien, Ostern, Pfingsten, Himmelfahrt, Weihnachten und Neujahr.<\/strong><\/p>\r\n<p>[\/vc_column_text][vc_empty_space height=&#8220;30px&#8220; image_repeat=&#8220;no-repeat&#8220;][\/vc_column_inner][vc_column_inner width=&#8220;1\/2&#8243;][vc_empty_space height=&#8220;30px&#8220; image_repeat=&#8220;no-repeat&#8220;][vc_column_text]<\/p>\r\n<ul>\r\n<li style=\"list-style-type: none;\">\r\n<ul>\r\n<li><strong> Inklusive bezogene Betten, Handt\u00fccher, K\u00fcchenw\u00e4sche, Brennholz und WLAN.<\/strong><\/li>\r\n<\/ul>\r\n<\/li>\r\n<\/ul>\r\n<p>&nbsp;<\/p>\r\n<ul>\r\n<li style=\"list-style-type: none;\">\r\n<ul>\r\n<li><strong>Exklusive Endreinigung (250 \u20ac) und Kurtaxe (2,00 \u20ac p.P.\/Nacht)<\/strong><\/li>\r\n<\/ul>\r\n<\/li>\r\n<\/ul>\r\n<p>&nbsp;<\/p>\r\n<ul>\r\n<li style=\"list-style-type: none;\">\r\n<ul>\r\n<li><strong>Check-in ab 16:00 Uhr und Check-out nach Vereinbarung.<\/strong><\/li>\r\n<\/ul>\r\n<\/li>\r\n<\/ul>\r\n<p>&nbsp;<\/p>\r\n<ul>\r\n<li style=\"list-style-type: none;\">\r\n<ul>\r\n<li><strong>K\u00fcche: Backofen, Mikrowelle, Geschirrsp\u00fcler, Nespresso- und Filterkaffeemaschine vorhanden.<\/strong><\/li>\r\n<\/ul>\r\n<\/li>\r\n<\/ul>\r\n<p>&nbsp;<\/p>\r\n<ul>\r\n<li style=\"list-style-type: none;\">\r\n<ul>\r\n<li><strong>Haustiere sind nicht erlaubt.<\/strong><\/li>\r\n<\/ul>\r\n<\/li>\r\n<\/ul>\r\n<p>&nbsp;<\/p>\r\n<p>[\/vc_column_text][vc_empty_space height=&#8220;30px&#8220; image_repeat=&#8220;no-repeat&#8220;][\/vc_column_inner][\/vc_row_inner][\/vc_column][\/vc_row][vc_row row_type=&#8220;row&#8220; use_row_as_full_screen_section=&#8220;no&#8220; type=&#8220;full_width&#8220; oblique_section=&#8220;no&#8220; text_align=&#8220;left&#8220; css_animation=&#8220;&#8220;][vc_column width=&#8220;1\/3&#8243;][vc_single_image image=&#8220;57683&#8243; img_size=&#8220;full&#8220; alignment=&#8220;center&#8220; qode_css_animation=&#8220;&#8220;][vc_empty_space height=&#8220;22&#8243; image_repeat=&#8220;no-repeat&#8220;][\/vc_column][vc_column width=&#8220;1\/3&#8243;][vc_single_image image=&#8220;57685&#8243; img_size=&#8220;full&#8220; alignment=&#8220;center&#8220; qode_css_animation=&#8220;&#8220;][vc_empty_space height=&#8220;22&#8243; image_repeat=&#8220;no-repeat&#8220;][\/vc_column][vc_column width=&#8220;1\/3&#8243;][vc_single_image image=&#8220;57681&#8243; img_size=&#8220;full&#8220; alignment=&#8220;center&#8220; qode_css_animation=&#8220;&#8220;][vc_empty_space height=&#8220;22&#8243; image_repeat=&#8220;no-repeat&#8220;][\/vc_column][\/vc_row][vc_row row_type=&#8220;row&#8220; use_row_as_full_screen_section=&#8220;no&#8220; type=&#8220;full_width&#8220; oblique_section=&#8220;no&#8220; text_align=&#8220;left&#8220; css_animation=&#8220;&#8220;][vc_column][vc_empty_space height=&#8220;22&#8243; image_repeat=&#8220;no-repeat&#8220;][\/vc_column][\/vc_row][vc_row row_type=&#8220;row&#8220; use_row_as_full_screen_section=&#8220;no&#8220; type=&#8220;full_width&#8220; oblique_section=&#8220;no&#8220; text_align=&#8220;left&#8220; css_animation=&#8220;&#8220;][vc_column][\/vc_column][\/vc_row]<\/p>","protected":false},"excerpt":{"rendered":"<p>[vc_row row_type=&#8220;row&#8220; use_row_as_full_screen_section=&#8220;no&#8220; type=&#8220;full_width&#8220; oblique_section=&#8220;no&#8220; text_align=&#8220;left&#8220; css_animation=&#8220;&#8220;][vc_column][vc_empty_space height=&#8220;15px&#8220; image_repeat=&#8220;no-repeat&#8220;][vc_column_text] DER FERIENHOF [\/vc_column_text][vc_empty_space height=&#8220;10px&#8220; image_repeat=&#8220;no-repeat&#8220;][vc_column_text] &nbsp; [\/vc_column_text][vc_column_text] Willkommen auf unserem charmanten Ferienhof und Gruppenunterkunft in Hemelum, Friesland! Inmitten der ruhigen friesischen Landschaft gelegen, bieten wir ein&#8230;<\/p>\n","protected":false},"author":2,"featured_media":0,"parent":0,"menu_order":0,"comment_status":"closed","ping_status":"closed","template":"","meta":{"footnotes":""},"class_list":["post-57877","page","type-page","status-publish","hentry"],"yoast_head":"<!-- This site is optimized with the Yoast SEO plugin v27.1.1 - https:\/\/yoast.com\/product\/yoast-seo-wordpress\/ -->\n<title>Ferienhof Gruppenunterkunft Hemelum Friesland<\/title>\n<meta name=\"description\" content=\"Ferienhof und Gruppenunterkunft f\u00fcr 20 Personen Hemelum Friesland. Wundersch\u00f6ne l\u00e4ndliche Lage zwischen W\u00e4ldern und Seen.\" \/>\n<meta name=\"robots\" content=\"index, follow, max-snippet:-1, max-image-preview:large, max-video-preview:-1\" \/>\n<link rel=\"canonical\" href=\"https:\/\/itflinkeboskje.nl\/de\/bauernhof-es-flinkeboskje-2023\/\" \/>\n<meta property=\"og:locale\" content=\"de_DE\" \/>\n<meta property=\"og:type\" content=\"article\" \/>\n<meta property=\"og:title\" content=\"Ferienhof Gruppenunterkunft Hemelum Friesland\" \/>\n<meta property=\"og:description\" content=\"Ferienhof und Gruppenunterkunft f\u00fcr 20 Personen Hemelum Friesland. Wundersch\u00f6ne l\u00e4ndliche Lage zwischen W\u00e4ldern und Seen.\" \/>\n<meta property=\"og:url\" content=\"https:\/\/itflinkeboskje.nl\/de\/bauernhof-es-flinkeboskje-2023\/\" \/>\n<meta property=\"og:site_name\" content=\"It Flinkeboskje en de Flinkefarm\" \/>\n<meta property=\"article:modified_time\" content=\"2025-05-04T14:58:50+00:00\" \/>\n<meta name=\"twitter:label1\" content=\"Gesch\u00e4tzte Lesezeit\" \/>\n\t<meta name=\"twitter:data1\" content=\"3\u00a0Minuten\" \/>\n<script type=\"application\/ld+json\" class=\"yoast-schema-graph\">{\"@context\":\"https:\/\/schema.org\",\"@graph\":[{\"@type\":\"WebPage\",\"@id\":\"https:\/\/itflinkeboskje.nl\/de\/bauernhof-es-flinkeboskje-2023\/\",\"url\":\"https:\/\/itflinkeboskje.nl\/de\/bauernhof-es-flinkeboskje-2023\/\",\"name\":\"Ferienhof Gruppenunterkunft Hemelum Friesland\",\"isPartOf\":{\"@id\":\"https:\/\/itflinkeboskje.nl\/de\/#website\"},\"datePublished\":\"2023-11-23T20:44:38+00:00\",\"dateModified\":\"2025-05-04T14:58:50+00:00\",\"description\":\"Ferienhof und Gruppenunterkunft f\u00fcr 20 Personen Hemelum Friesland. Wundersch\u00f6ne l\u00e4ndliche Lage zwischen W\u00e4ldern und Seen.\",\"breadcrumb\":{\"@id\":\"https:\/\/itflinkeboskje.nl\/de\/bauernhof-es-flinkeboskje-2023\/#breadcrumb\"},\"inLanguage\":\"de\",\"potentialAction\":[{\"@type\":\"ReadAction\",\"target\":[\"https:\/\/itflinkeboskje.nl\/de\/bauernhof-es-flinkeboskje-2023\/\"]}]},{\"@type\":\"BreadcrumbList\",\"@id\":\"https:\/\/itflinkeboskje.nl\/de\/bauernhof-es-flinkeboskje-2023\/#breadcrumb\",\"itemListElement\":[{\"@type\":\"ListItem\",\"position\":1,\"name\":\"Home\",\"item\":\"https:\/\/itflinkeboskje.nl\/de\/\"},{\"@type\":\"ListItem\",\"position\":2,\"name\":\"Ferienhof it Flinkeboskje 2023\"}]},{\"@type\":\"WebSite\",\"@id\":\"https:\/\/itflinkeboskje.nl\/de\/#website\",\"url\":\"https:\/\/itflinkeboskje.nl\/de\/\",\"name\":\"It Flinkeboskje en de Flinkefarm\",\"description\":\"Luxe groepsaccommodatie en vakantieboerderij it Flinkeboskje, vakantiewoning het Voorhuis en de Flinkefarm\",\"potentialAction\":[{\"@type\":\"SearchAction\",\"target\":{\"@type\":\"EntryPoint\",\"urlTemplate\":\"https:\/\/itflinkeboskje.nl\/de\/?s={search_term_string}\"},\"query-input\":{\"@type\":\"PropertyValueSpecification\",\"valueRequired\":true,\"valueName\":\"search_term_string\"}}],\"inLanguage\":\"de\"}]}<\/script>\n<!-- \/ Yoast SEO plugin. -->","yoast_head_json":{"title":"Ferienhof Gruppenunterkunft Hemelum Friesland","description":"Ferienhof und Gruppenunterkunft f\u00fcr 20 Personen Hemelum Friesland. Wundersch\u00f6ne l\u00e4ndliche Lage zwischen W\u00e4ldern und Seen.","robots":{"index":"index","follow":"follow","max-snippet":"max-snippet:-1","max-image-preview":"max-image-preview:large","max-video-preview":"max-video-preview:-1"},"canonical":"https:\/\/itflinkeboskje.nl\/de\/bauernhof-es-flinkeboskje-2023\/","og_locale":"de_DE","og_type":"article","og_title":"Ferienhof Gruppenunterkunft Hemelum Friesland","og_description":"Ferienhof und Gruppenunterkunft f\u00fcr 20 Personen Hemelum Friesland. Wundersch\u00f6ne l\u00e4ndliche Lage zwischen W\u00e4ldern und Seen.","og_url":"https:\/\/itflinkeboskje.nl\/de\/bauernhof-es-flinkeboskje-2023\/","og_site_name":"It Flinkeboskje en de Flinkefarm","article_modified_time":"2025-05-04T14:58:50+00:00","twitter_misc":{"Gesch\u00e4tzte Lesezeit":"3\u00a0Minuten"},"schema":{"@context":"https:\/\/schema.org","@graph":[{"@type":"WebPage","@id":"https:\/\/itflinkeboskje.nl\/de\/bauernhof-es-flinkeboskje-2023\/","url":"https:\/\/itflinkeboskje.nl\/de\/bauernhof-es-flinkeboskje-2023\/","name":"Ferienhof Gruppenunterkunft Hemelum Friesland","isPartOf":{"@id":"https:\/\/itflinkeboskje.nl\/de\/#website"},"datePublished":"2023-11-23T20:44:38+00:00","dateModified":"2025-05-04T14:58:50+00:00","description":"Ferienhof und Gruppenunterkunft f\u00fcr 20 Personen Hemelum Friesland. Wundersch\u00f6ne l\u00e4ndliche Lage zwischen W\u00e4ldern und Seen.","breadcrumb":{"@id":"https:\/\/itflinkeboskje.nl\/de\/bauernhof-es-flinkeboskje-2023\/#breadcrumb"},"inLanguage":"de","potentialAction":[{"@type":"ReadAction","target":["https:\/\/itflinkeboskje.nl\/de\/bauernhof-es-flinkeboskje-2023\/"]}]},{"@type":"BreadcrumbList","@id":"https:\/\/itflinkeboskje.nl\/de\/bauernhof-es-flinkeboskje-2023\/#breadcrumb","itemListElement":[{"@type":"ListItem","position":1,"name":"Home","item":"https:\/\/itflinkeboskje.nl\/de\/"},{"@type":"ListItem","position":2,"name":"Ferienhof it Flinkeboskje 2023"}]},{"@type":"WebSite","@id":"https:\/\/itflinkeboskje.nl\/de\/#website","url":"https:\/\/itflinkeboskje.nl\/de\/","name":"It Flinkeboskje en de Flinkefarm","description":"Luxe groepsaccommodatie en vakantieboerderij it Flinkeboskje, vakantiewoning het Voorhuis en de Flinkefarm","potentialAction":[{"@type":"SearchAction","target":{"@type":"EntryPoint","urlTemplate":"https:\/\/itflinkeboskje.nl\/de\/?s={search_term_string}"},"query-input":{"@type":"PropertyValueSpecification","valueRequired":true,"valueName":"search_term_string"}}],"inLanguage":"de"}]}},"_links":{"self":[{"href":"https:\/\/itflinkeboskje.nl\/de\/wp-json\/wp\/v2\/pages\/57877","targetHints":{"allow":["GET"]}}],"collection":[{"href":"https:\/\/itflinkeboskje.nl\/de\/wp-json\/wp\/v2\/pages"}],"about":[{"href":"https:\/\/itflinkeboskje.nl\/de\/wp-json\/wp\/v2\/types\/page"}],"author":[{"embeddable":true,"href":"https:\/\/itflinkeboskje.nl\/de\/wp-json\/wp\/v2\/users\/2"}],"replies":[{"embeddable":true,"href":"https:\/\/itflinkeboskje.nl\/de\/wp-json\/wp\/v2\/comments?post=57877"}],"version-history":[{"count":7,"href":"https:\/\/itflinkeboskje.nl\/de\/wp-json\/wp\/v2\/pages\/57877\/revisions"}],"predecessor-version":[{"id":58557,"href":"https:\/\/itflinkeboskje.nl\/de\/wp-json\/wp\/v2\/pages\/57877\/revisions\/58557"}],"wp:attachment":[{"href":"https:\/\/itflinkeboskje.nl\/de\/wp-json\/wp\/v2\/media?parent=57877"}],"curies":[{"name":"wp","href":"https:\/\/api.w.org\/{rel}","templated":true}]}}