{"id":57875,"date":"2024-01-16T17:26:16","date_gmt":"2024-01-16T16:26:16","guid":{"rendered":"https:\/\/itflinkeboskje.nl\/ferienhauser-und-veranstaltungsort\/"},"modified":"2025-05-04T17:14:35","modified_gmt":"2025-05-04T15:14:35","slug":"ferienhauser-und-veranstaltungsort","status":"publish","type":"page","link":"https:\/\/itflinkeboskje.nl\/de\/","title":{"rendered":"Ferienh\u00e4user und Veranstaltungsort"},"content":{"rendered":"<p>[vc_row row_type=&#8220;row&#8220; use_row_as_full_screen_section=&#8220;no&#8220; type=&#8220;full_width&#8220; oblique_section=&#8220;no&#8220; text_align=&#8220;left&#8220; css_animation=&#8220;&#8220;][vc_column width=&#8220;1\/3&#8243;][vc_single_image image=&#8220;57691&#8243; img_size=&#8220;full&#8220; alignment=&#8220;center&#8220; qode_css_animation=&#8220;&#8220;]<a href=\"http:\/\/itflinkeboskje.nl\/de\/standortuebersicht-flinkeboskje-und-die-flinkefarm\/\" target=\"_self\"  class=\"qbutton  big_large_full_width icon_right\" style=\"font-style: normal; font-weight: 400; border-radius: 1px;-moz-border-radius: 1px;-webkit-border-radius: 1px; \">Wie sieht es aus?<\/a>[vc_empty_space height=&#8220;12&#8243; image_repeat=&#8220;no-repeat&#8220;][vc_column_text]Ein \u00dcberblick \u00fcber die Standorte bei it Flinkeboskje und der Flinkefarm. Zwei Bauernh\u00f6fe zwischen W\u00e4ldern und Seen. Informieren Sie sich hier \u00fcber die Gruppenunterkunft und den Ferienhof. Vermietungen an gr\u00f6\u00dfere Gruppen. Veranstaltungsort zu mieten.[\/vc_column_text][vc_empty_space height=&#8220;40&#8243; image_repeat=&#8220;no-repeat&#8220;][\/vc_column][vc_column width=&#8220;1\/3&#8243;][vc_single_image image=&#8220;57693&#8243; img_size=&#8220;full&#8220; alignment=&#8220;center&#8220; qode_css_animation=&#8220;&#8220;]<a href=\"https:\/\/itflinkeboskje.nl\/de\/bauernhof-es-flinkeboskje-2023\/\" target=\"_self\"  class=\"qbutton  big_large_full_width icon_right\" style=\"font-style: normal; font-weight: 400; border-radius: 1px;-moz-border-radius: 1px;-webkit-border-radius: 1px; \">Vermietung und Informationen<\/a>[vc_empty_space height=&#8220;12&#8243; image_repeat=&#8220;no-repeat&#8220;][vc_column_text]Der Ferienhof bei it Flinkeboskje Nr. 1 in Hemelum, Friesland, ist eine herrlich gelegene Gruppenunterkunft mit viel Atmosph\u00e4re. Er bietet Platz f\u00fcr bis zu 20 Personen. Hier finden Sie weitere Informationen und Mietpreise.[\/vc_column_text][vc_empty_space height=&#8220;40&#8243; image_repeat=&#8220;no-repeat&#8220;][\/vc_column][vc_column width=&#8220;1\/3&#8243;][vc_single_image image=&#8220;57695&#8243; img_size=&#8220;full&#8220; alignment=&#8220;center&#8220; qode_css_animation=&#8220;&#8220;]<a href=\"https:\/\/itflinkeboskje.nl\/de\/ferienhaus-het-voorhuis-2\/\" target=\"_self\"  class=\"qbutton  big_large_full_width icon_right\" style=\"font-style: normal; font-weight: 400; border-radius: 1px;-moz-border-radius: 1px;-webkit-border-radius: 1px; \">Vermietung und Informationen<\/a>[vc_empty_space height=&#8220;12&#8243; image_repeat=&#8220;no-repeat&#8220;][vc_column_text]Het Voorhuis ist ein wundersch\u00f6nes Ferienhaus an der Vorderseite des Ferienhofs it Flinkeboskje. Zu vermieten f\u00fcr bis zu 6 Personen. Wunderbare Beleuchtung mit Blick auf die Landschaft. Wundersch\u00f6n und geschmackvoll eingerichtet von den Schwestern von Flinke Vintage. Entspannen Sie sich hier.[\/vc_column_text][vc_empty_space height=&#8220;40&#8243; image_repeat=&#8220;no-repeat&#8220;][\/vc_column][\/vc_row][vc_row row_type=&#8220;row&#8220; use_row_as_full_screen_section=&#8220;no&#8220; type=&#8220;full_width&#8220; oblique_section=&#8220;no&#8220; text_align=&#8220;left&#8220; css_animation=&#8220;&#8220;][vc_column width=&#8220;1\/3&#8243;][vc_single_image image=&#8220;57699&#8243; img_size=&#8220;full&#8220; alignment=&#8220;center&#8220; qode_css_animation=&#8220;&#8220;]<a href=\"https:\/\/itflinkeboskje.nl\/de\/sip-clara-pop-up-store\/\" target=\"_self\"  class=\"qbutton  big_large_full_width icon_right\" style=\"font-style: normal; font-weight: 400; border-radius: 1px;-moz-border-radius: 1px;-webkit-border-radius: 1px; \">Vintage-Liebe<\/a>[vc_empty_space height=&#8220;12&#8243; image_repeat=&#8220;no-repeat&#8220;][vc_column_text]Die Schwestern Claartje und Rixt sind wahre Schatzsucher. Echte Liebhaber von Vintage und sch\u00f6nen Einrichtungsgegenst\u00e4nden im Allgemeinen. Sie durchsuchen viele M\u00e4rkte und das Internet, um Dinge zu sammeln, die ihnen gefallen. Ihre Kollektion finden Sie im Sip&amp;Clara-Shop. W\u00e4hrend aller M\u00e4rkte ge\u00f6ffnet.[\/vc_column_text][vc_empty_space height=&#8220;40&#8243; image_repeat=&#8220;no-repeat&#8220;][\/vc_column][vc_column width=&#8220;1\/3&#8243;][vc_single_image image=&#8220;57697&#8243; img_size=&#8220;full&#8220; alignment=&#8220;center&#8220; qode_css_animation=&#8220;&#8220;]<a href=\"https:\/\/itflinkeboskje.nl\/de\/treffen\/\" target=\"_self\"  class=\"qbutton  big_large_full_width icon_right\" style=\"font-style: normal; font-weight: 400; border-radius: 1px;-moz-border-radius: 1px;-webkit-border-radius: 1px; \">Eine kleine Auszeit<\/a>[vc_empty_space height=&#8220;12&#8243; image_repeat=&#8220;no-repeat&#8220;][vc_column_text]Arbeiten Sie mit Ihren Kollegen an einem Projekt? Und zwischendurch Feuer machen und Fu\u00dfballspielen? Essen Sie einen Happen und machen Sie sich wieder ans Brainstorming. Man wird kreativ, wenn man Raum zum Nachdenken, Zuh\u00f6ren und Reflektieren hat. Buchen Sie Ihren Platz bei uns, um eine neue Perspektive zu erhalten.[\/vc_column_text][vc_empty_space height=&#8220;40&#8243; image_repeat=&#8220;no-repeat&#8220;][\/vc_column][vc_column width=&#8220;1\/3&#8243;][vc_single_image image=&#8220;57787&#8243; img_size=&#8220;full&#8220; alignment=&#8220;center&#8220; qode_css_animation=&#8220;&#8220;]<a href=\"https:\/\/itflinkeboskje.nl\/de\/maerkte\/\" target=\"_self\"  class=\"qbutton  big_large_full_width icon_right\" style=\"font-style: normal; font-weight: 400; border-radius: 1px;-moz-border-radius: 1px;-webkit-border-radius: 1px; \">Programm &amp; Infos<\/a>[vc_empty_space height=&#8220;12&#8243; image_repeat=&#8220;no-repeat&#8220;][vc_column_text]Bei it Flinkeboskje Nr. 2 in Hemelum, Friesland, organisieren wir Flinke Flohm\u00e4rkte. Die Marktsaison dauert von Juni bis September und zieht jedes Jahr viele tausend Besucher an. Es sind jedesmal Foodtrucks vor Ort und regelm\u00e4\u00dfig auch Live-Musik. Kommen Sie und genie\u00dfen Sie einen Tag auf der Flinkefarm.[\/vc_column_text][vc_empty_space height=&#8220;40&#8243; image_repeat=&#8220;no-repeat&#8220;][\/vc_column][\/vc_row]<\/p>\n","protected":false},"excerpt":{"rendered":"<p>[vc_row row_type=&#8220;row&#8220; use_row_as_full_screen_section=&#8220;no&#8220; type=&#8220;full_width&#8220; oblique_section=&#8220;no&#8220; text_align=&#8220;left&#8220; css_animation=&#8220;&#8220;][vc_column width=&#8220;1\/3&#8243;][vc_single_image image=&#8220;57691&#8243; img_size=&#8220;full&#8220; alignment=&#8220;center&#8220; qode_css_animation=&#8220;&#8220;][vc_empty_space height=&#8220;12&#8243; image_repeat=&#8220;no-repeat&#8220;][vc_column_text]Ein \u00dcberblick \u00fcber die Standorte bei it Flinkeboskje und der Flinkefarm. Zwei Bauernh\u00f6fe zwischen W\u00e4ldern und Seen. Informieren Sie sich hier \u00fcber&#8230;<\/p>\n","protected":false},"author":2,"featured_media":0,"parent":0,"menu_order":0,"comment_status":"closed","ping_status":"closed","template":"full_width.php","meta":{"footnotes":""},"class_list":["post-57875","page","type-page","status-publish","hentry"],"yoast_head":"<!-- This site is optimized with the Yoast SEO plugin v27.1.1 - https:\/\/yoast.com\/product\/yoast-seo-wordpress\/ -->\n<title>Ferienh\u00e4user und Veranstaltungsort - It Flinkeboskje en de Flinkefarm<\/title>\n<meta name=\"description\" content=\"it Flinkeboskje und die Flinkefarm. Ferienhof und Gruppenunterkunft Het Voorhuis zu vermieten. Regionale M\u00e4rkte, Kofferraumflohmarkt und Vermietung von Veranstaltungsorten.\" \/>\n<meta name=\"robots\" content=\"index, follow, max-snippet:-1, max-image-preview:large, max-video-preview:-1\" \/>\n<link rel=\"canonical\" href=\"https:\/\/itflinkeboskje.nl\/de\/\" \/>\n<meta property=\"og:locale\" content=\"de_DE\" \/>\n<meta property=\"og:type\" content=\"article\" \/>\n<meta property=\"og:title\" content=\"Ferienh\u00e4user und Veranstaltungsort - It Flinkeboskje en de Flinkefarm\" \/>\n<meta property=\"og:description\" content=\"it Flinkeboskje und die Flinkefarm. Ferienhof und Gruppenunterkunft Het Voorhuis zu vermieten. Regionale M\u00e4rkte, Kofferraumflohmarkt und Vermietung von Veranstaltungsorten.\" \/>\n<meta property=\"og:url\" content=\"https:\/\/itflinkeboskje.nl\/de\/\" \/>\n<meta property=\"og:site_name\" content=\"It Flinkeboskje en de Flinkefarm\" \/>\n<meta property=\"article:modified_time\" content=\"2025-05-04T15:14:35+00:00\" \/>\n<meta name=\"twitter:label1\" content=\"Gesch\u00e4tzte Lesezeit\" \/>\n\t<meta name=\"twitter:data1\" content=\"4\u00a0Minuten\" \/>\n<script type=\"application\/ld+json\" class=\"yoast-schema-graph\">{\"@context\":\"https:\/\/schema.org\",\"@graph\":[{\"@type\":\"WebPage\",\"@id\":\"https:\/\/itflinkeboskje.nl\/de\/\",\"url\":\"https:\/\/itflinkeboskje.nl\/de\/\",\"name\":\"Ferienh\u00e4user und Veranstaltungsort - It Flinkeboskje en de Flinkefarm\",\"isPartOf\":{\"@id\":\"https:\/\/itflinkeboskje.nl\/de\/#website\"},\"datePublished\":\"2024-01-16T16:26:16+00:00\",\"dateModified\":\"2025-05-04T15:14:35+00:00\",\"description\":\"it Flinkeboskje und die Flinkefarm. Ferienhof und Gruppenunterkunft Het Voorhuis zu vermieten. Regionale M\u00e4rkte, Kofferraumflohmarkt und Vermietung von Veranstaltungsorten.\",\"breadcrumb\":{\"@id\":\"https:\/\/itflinkeboskje.nl\/de\/#breadcrumb\"},\"inLanguage\":\"de\",\"potentialAction\":[{\"@type\":\"ReadAction\",\"target\":[\"https:\/\/itflinkeboskje.nl\/de\/\"]}]},{\"@type\":\"BreadcrumbList\",\"@id\":\"https:\/\/itflinkeboskje.nl\/de\/#breadcrumb\",\"itemListElement\":[{\"@type\":\"ListItem\",\"position\":1,\"name\":\"Home\",\"item\":\"https:\/\/itflinkeboskje.nl\/de\/\"},{\"@type\":\"ListItem\",\"position\":2,\"name\":\"Ferienh\u00e4user und Veranstaltungsort\"}]},{\"@type\":\"WebSite\",\"@id\":\"https:\/\/itflinkeboskje.nl\/de\/#website\",\"url\":\"https:\/\/itflinkeboskje.nl\/de\/\",\"name\":\"It Flinkeboskje en de Flinkefarm\",\"description\":\"Luxe groepsaccommodatie en vakantieboerderij it Flinkeboskje, vakantiewoning het Voorhuis en de Flinkefarm\",\"potentialAction\":[{\"@type\":\"SearchAction\",\"target\":{\"@type\":\"EntryPoint\",\"urlTemplate\":\"https:\/\/itflinkeboskje.nl\/de\/?s={search_term_string}\"},\"query-input\":{\"@type\":\"PropertyValueSpecification\",\"valueRequired\":true,\"valueName\":\"search_term_string\"}}],\"inLanguage\":\"de\"}]}<\/script>\n<!-- \/ Yoast SEO plugin. -->","yoast_head_json":{"title":"Ferienh\u00e4user und Veranstaltungsort - It Flinkeboskje en de Flinkefarm","description":"it Flinkeboskje und die Flinkefarm. Ferienhof und Gruppenunterkunft Het Voorhuis zu vermieten. Regionale M\u00e4rkte, Kofferraumflohmarkt und Vermietung von Veranstaltungsorten.","robots":{"index":"index","follow":"follow","max-snippet":"max-snippet:-1","max-image-preview":"max-image-preview:large","max-video-preview":"max-video-preview:-1"},"canonical":"https:\/\/itflinkeboskje.nl\/de\/","og_locale":"de_DE","og_type":"article","og_title":"Ferienh\u00e4user und Veranstaltungsort - It Flinkeboskje en de Flinkefarm","og_description":"it Flinkeboskje und die Flinkefarm. Ferienhof und Gruppenunterkunft Het Voorhuis zu vermieten. Regionale M\u00e4rkte, Kofferraumflohmarkt und Vermietung von Veranstaltungsorten.","og_url":"https:\/\/itflinkeboskje.nl\/de\/","og_site_name":"It Flinkeboskje en de Flinkefarm","article_modified_time":"2025-05-04T15:14:35+00:00","twitter_misc":{"Gesch\u00e4tzte Lesezeit":"4\u00a0Minuten"},"schema":{"@context":"https:\/\/schema.org","@graph":[{"@type":"WebPage","@id":"https:\/\/itflinkeboskje.nl\/de\/","url":"https:\/\/itflinkeboskje.nl\/de\/","name":"Ferienh\u00e4user und Veranstaltungsort - It Flinkeboskje en de Flinkefarm","isPartOf":{"@id":"https:\/\/itflinkeboskje.nl\/de\/#website"},"datePublished":"2024-01-16T16:26:16+00:00","dateModified":"2025-05-04T15:14:35+00:00","description":"it Flinkeboskje und die Flinkefarm. Ferienhof und Gruppenunterkunft Het Voorhuis zu vermieten. Regionale M\u00e4rkte, Kofferraumflohmarkt und Vermietung von Veranstaltungsorten.","breadcrumb":{"@id":"https:\/\/itflinkeboskje.nl\/de\/#breadcrumb"},"inLanguage":"de","potentialAction":[{"@type":"ReadAction","target":["https:\/\/itflinkeboskje.nl\/de\/"]}]},{"@type":"BreadcrumbList","@id":"https:\/\/itflinkeboskje.nl\/de\/#breadcrumb","itemListElement":[{"@type":"ListItem","position":1,"name":"Home","item":"https:\/\/itflinkeboskje.nl\/de\/"},{"@type":"ListItem","position":2,"name":"Ferienh\u00e4user und Veranstaltungsort"}]},{"@type":"WebSite","@id":"https:\/\/itflinkeboskje.nl\/de\/#website","url":"https:\/\/itflinkeboskje.nl\/de\/","name":"It Flinkeboskje en de Flinkefarm","description":"Luxe groepsaccommodatie en vakantieboerderij it Flinkeboskje, vakantiewoning het Voorhuis en de Flinkefarm","potentialAction":[{"@type":"SearchAction","target":{"@type":"EntryPoint","urlTemplate":"https:\/\/itflinkeboskje.nl\/de\/?s={search_term_string}"},"query-input":{"@type":"PropertyValueSpecification","valueRequired":true,"valueName":"search_term_string"}}],"inLanguage":"de"}]}},"_links":{"self":[{"href":"https:\/\/itflinkeboskje.nl\/de\/wp-json\/wp\/v2\/pages\/57875","targetHints":{"allow":["GET"]}}],"collection":[{"href":"https:\/\/itflinkeboskje.nl\/de\/wp-json\/wp\/v2\/pages"}],"about":[{"href":"https:\/\/itflinkeboskje.nl\/de\/wp-json\/wp\/v2\/types\/page"}],"author":[{"embeddable":true,"href":"https:\/\/itflinkeboskje.nl\/de\/wp-json\/wp\/v2\/users\/2"}],"replies":[{"embeddable":true,"href":"https:\/\/itflinkeboskje.nl\/de\/wp-json\/wp\/v2\/comments?post=57875"}],"version-history":[{"count":11,"href":"https:\/\/itflinkeboskje.nl\/de\/wp-json\/wp\/v2\/pages\/57875\/revisions"}],"predecessor-version":[{"id":58567,"href":"https:\/\/itflinkeboskje.nl\/de\/wp-json\/wp\/v2\/pages\/57875\/revisions\/58567"}],"wp:attachment":[{"href":"https:\/\/itflinkeboskje.nl\/de\/wp-json\/wp\/v2\/media?parent=57875"}],"curies":[{"name":"wp","href":"https:\/\/api.w.org\/{rel}","templated":true}]}}